{"id":957,"date":"2021-08-05T18:33:20","date_gmt":"2021-08-05T18:33:20","guid":{"rendered":"http:\/\/shop.xn--altmhl-bogensport-52b.de\/?post_type=product&#038;p=957"},"modified":"2025-01-05T15:06:35","modified_gmt":"2025-01-05T15:06:35","slug":"insert-accu-light-246-fuer-carbonpfeil-pfeilschaft-gt-goldtip","status":"publish","type":"product","link":"https:\/\/shop.xn--altmhl-bogensport-52b.de\/?product=insert-accu-light-246-fuer-carbonpfeil-pfeilschaft-gt-goldtip","title":{"rendered":"Insert Accu-Light .246 f\u00fcr Carbonpfeil Pfeilschaft GT Goldtip"},"content":{"rendered":"<div>\n<div>Gold Tip hat viel Entwicklungsarbeit in die Accu Lite Inserts gesteckt, um die Klebehaftung und Pr\u00e4zision auf h\u00f6chstem Niveau zu gew\u00e4hrleisten.<\/div>\n<div>In Bezug auf Material und Herstellung geht Gold Tip hier keinerlei Kompromisse ein.<\/div>\n<div>\u00a0 \u00a0Material: Hochwertiges Aluminium<\/div>\n<div>\u00a0 \u00a0Gewicht: 11,4 grs.<\/div>\n<div><\/div>\n<div>.246 und Accu-Lite Artikel sind f\u00fcr folgende GoldTip Pfeile geeignet:<\/div>\n<div>Lightning<\/div>\n<div><a href=\"https:\/\/shop.xn--altmhl-bogensport-52b.de\/?product=carbonschaft-warrior-inkl-nock-insert-goldtip\">Warrior<\/a><\/div>\n<div>Ultralight Entrada<\/div>\n<div>Traditional hunter<\/div>\n<div>Expedition Hunter<\/div>\n<div>Ted Nugent<\/div>\n<div>Big Game 100+<\/div>\n<div>Velocity Hunter<\/div>\n<\/div>\n<div><\/div>\n<div><\/div>\n<div><\/div>\n<div>Ideal zum traditionellen Bogenschiessen<\/div>\n<div><\/div>\n<div><\/div>\n<div>Sie kaufen 1 Stk.<\/div>\n<div><\/div>\n<div>Achtung, das &#8220;neue&#8221; Acculight Insert kann leicht vom Bild abweichen.<\/div>\n<div><\/div>\n<div>\n<table class=\"table table-sm\">\n<tbody>\n<tr class=\"attr-custom\">\n<td><b>Herstellerangaben<\/b>:<\/td>\n<td class=\"attr-value\"><strong>Herstellername:<\/strong><br \/>\nVISTA OUTDOOR LLC<br \/>\n<strong>Anschrift:<\/strong><br \/>\n3985 N 75 W, Hyde Park, UT 84318<br \/>\n<strong>Herkunftsland:<\/strong><br \/>\nUSA<br \/>\n<strong>Webseite:<\/strong><br \/>\nhttps:\/\/www.goldtip.com\/<br \/>\n<strong>Kontakt:<\/strong><br \/>\ncustomerservice@goldtip.com<br \/>\n<strong>Marke:<\/strong><br \/>\nGOLD TIP<\/td>\n<\/tr>\n<tr class=\"attr-custom\">\n<td><b>Verantwortliche Person<\/b>:<\/td>\n<td class=\"attr-value\"><strong>verantwortliche Person:<\/strong><br \/>\nJVD Group B.V.<br \/>\n<strong>Anschrift:<\/strong><br \/>\nLooier 9, 5253 RA Nieuwkuijk<br \/>\n<strong>Herkunftsland:<\/strong><br \/>\nNiederlande<br \/>\n<strong>Kontakt:<\/strong><br \/>\ncontact@jvd-group.com<\/td>\n<\/tr>\n<\/tbody>\n<\/table>\n<\/div>\n","protected":false},"excerpt":{"rendered":"<p>Insert Acculight Goldtip<\/p>\n","protected":false},"featured_media":958,"comment_status":"open","ping_status":"closed","template":"","meta":[],"product_brand":[],"product_cat":[197],"product_tag":[74,198,245,246],"class_list":{"0":"post-957","1":"product","2":"type-product","3":"status-publish","4":"has-post-thumbnail","6":"product_cat-inserts","7":"product_tag-goldtip","8":"product_tag-insert","9":"product_tag-accu-light","10":"product_tag-246","12":"first","13":"instock","14":"taxable","15":"shipping-taxable","16":"purchasable","17":"product-type-simple"},"_links":{"self":[{"href":"https:\/\/shop.xn--altmhl-bogensport-52b.de\/index.php?rest_route=\/wp\/v2\/product\/957","targetHints":{"allow":["GET"]}}],"collection":[{"href":"https:\/\/shop.xn--altmhl-bogensport-52b.de\/index.php?rest_route=\/wp\/v2\/product"}],"about":[{"href":"https:\/\/shop.xn--altmhl-bogensport-52b.de\/index.php?rest_route=\/wp\/v2\/types\/product"}],"replies":[{"embeddable":true,"href":"https:\/\/shop.xn--altmhl-bogensport-52b.de\/index.php?rest_route=%2Fwp%2Fv2%2Fcomments&post=957"}],"wp:featuredmedia":[{"embeddable":true,"href":"https:\/\/shop.xn--altmhl-bogensport-52b.de\/index.php?rest_route=\/wp\/v2\/media\/958"}],"wp:attachment":[{"href":"https:\/\/shop.xn--altmhl-bogensport-52b.de\/index.php?rest_route=%2Fwp%2Fv2%2Fmedia&parent=957"}],"wp:term":[{"taxonomy":"product_brand","embeddable":true,"href":"https:\/\/shop.xn--altmhl-bogensport-52b.de\/index.php?rest_route=%2Fwp%2Fv2%2Fproduct_brand&post=957"},{"taxonomy":"product_cat","embeddable":true,"href":"https:\/\/shop.xn--altmhl-bogensport-52b.de\/index.php?rest_route=%2Fwp%2Fv2%2Fproduct_cat&post=957"},{"taxonomy":"product_tag","embeddable":true,"href":"https:\/\/shop.xn--altmhl-bogensport-52b.de\/index.php?rest_route=%2Fwp%2Fv2%2Fproduct_tag&post=957"}],"curies":[{"name":"wp","href":"https:\/\/api.w.org\/{rel}","templated":true}]}}