{"id":945,"date":"2021-08-03T20:16:14","date_gmt":"2021-08-03T20:16:14","guid":{"rendered":"http:\/\/shop.xn--altmhl-bogensport-52b.de\/?post_type=product&#038;p=945"},"modified":"2026-03-20T21:10:38","modified_gmt":"2026-03-20T21:10:38","slug":"bogenspannschnur-spanngurt-spannschnur-recurvebogen-langbogen","status":"publish","type":"product","link":"https:\/\/shop.xn--altmhl-bogensport-52b.de\/?product=bogenspannschnur-spanngurt-spannschnur-recurvebogen-langbogen","title":{"rendered":"Bogenspannschnur Spanngurt Spannschnur Recurvebogen Langbogen"},"content":{"rendered":"<div><span style=\"color: #002cfd; font-family: Comic Sans MS;\"><b>eine einfache und g\u00fcnstige Spannschnur<\/b><\/span><\/div>\n<div><span style=\"color: #002cfd; font-family: Comic Sans MS;\"><b>\u00a0<\/b><\/span><\/div>\n<div><\/div>\n<div><\/div>\n<div>F\u00fcr Recurvebogen, Langbogen, Jagdbogen geeignet.<\/div>\n<div><\/div>\n<div><\/div>\n<div><\/div>\n<div>Die Spannschnur ist auch passend f\u00fcr 68&#8243; Recurveb\u00f6gen nutzbar, l\u00e4sst sich leicht in der L\u00e4nge verstellen, dadurch\u00a0 insbesondere auch f\u00fcr Kinder und Jugendliche geeignet.<\/div>\n","protected":false},"excerpt":{"rendered":"<p>Bowstringer einfach<\/p>\n","protected":false},"featured_media":947,"comment_status":"open","ping_status":"closed","template":"","meta":[],"product_brand":[],"product_cat":[163,611,28],"product_tag":[44,45,151,613],"class_list":{"0":"post-945","1":"product","2":"type-product","3":"status-publish","4":"has-post-thumbnail","6":"product_cat-sale","7":"product_cat-spannschnuere-gurte","8":"product_cat-sonstiges","9":"product_tag-bowstringer","10":"product_tag-spannschnur","11":"product_tag-spanngurt","12":"product_tag-longbow","14":"first","15":"instock","16":"taxable","17":"shipping-taxable","18":"purchasable","19":"product-type-simple"},"_links":{"self":[{"href":"https:\/\/shop.xn--altmhl-bogensport-52b.de\/index.php?rest_route=\/wp\/v2\/product\/945","targetHints":{"allow":["GET"]}}],"collection":[{"href":"https:\/\/shop.xn--altmhl-bogensport-52b.de\/index.php?rest_route=\/wp\/v2\/product"}],"about":[{"href":"https:\/\/shop.xn--altmhl-bogensport-52b.de\/index.php?rest_route=\/wp\/v2\/types\/product"}],"replies":[{"embeddable":true,"href":"https:\/\/shop.xn--altmhl-bogensport-52b.de\/index.php?rest_route=%2Fwp%2Fv2%2Fcomments&post=945"}],"wp:featuredmedia":[{"embeddable":true,"href":"https:\/\/shop.xn--altmhl-bogensport-52b.de\/index.php?rest_route=\/wp\/v2\/media\/947"}],"wp:attachment":[{"href":"https:\/\/shop.xn--altmhl-bogensport-52b.de\/index.php?rest_route=%2Fwp%2Fv2%2Fmedia&parent=945"}],"wp:term":[{"taxonomy":"product_brand","embeddable":true,"href":"https:\/\/shop.xn--altmhl-bogensport-52b.de\/index.php?rest_route=%2Fwp%2Fv2%2Fproduct_brand&post=945"},{"taxonomy":"product_cat","embeddable":true,"href":"https:\/\/shop.xn--altmhl-bogensport-52b.de\/index.php?rest_route=%2Fwp%2Fv2%2Fproduct_cat&post=945"},{"taxonomy":"product_tag","embeddable":true,"href":"https:\/\/shop.xn--altmhl-bogensport-52b.de\/index.php?rest_route=%2Fwp%2Fv2%2Fproduct_tag&post=945"}],"curies":[{"name":"wp","href":"https:\/\/api.w.org\/{rel}","templated":true}]}}