{"id":933,"date":"2021-08-02T18:45:12","date_gmt":"2021-08-02T18:45:12","guid":{"rendered":"http:\/\/shop.xn--altmhl-bogensport-52b.de\/?post_type=product&#038;p=933"},"modified":"2025-05-28T13:46:34","modified_gmt":"2025-05-28T13:46:34","slug":"perlhuhn-asen-3d-ziel","status":"publish","type":"product","link":"https:\/\/shop.xn--altmhl-bogensport-52b.de\/?product=perlhuhn-asen-3d-ziel","title":{"rendered":"Perlhuhn Asen 3D Ziel &#8211; wei\u00df- Sondermodell"},"content":{"rendered":"<div class=\"description\">Restposten, leider stellt ASEN die Produktion ein.<\/div>\n<div>\u00a0<\/div>\n<div>\u00a0<\/div>\n<div class=\"description\">Der ausschlie\u00dflich in Afrika beheimatete H\u00fchnervogel (Numididae) bewohnt sowohl Savannen als auch W\u00e4lder. Die durchschnittliche Gr\u00f6\u00dfe betr\u00e4gt etwa 45 cm mit einem Gewicht von einem Kilogramm. Der kr\u00e4ftige Schnabel dient dem Graben in der Erde. Den gleichen Zweck erf\u00fcllen die krallenbewehrten F\u00fc\u00dfe.<\/div>\n<h2>Weitere Produktinformationen<\/h2>\n<div>\n<table class=\"UserAttributes\">\n<tbody>\n<tr>\n<td class=\"AttributeLabel VerticalAlignMiddle\">Gewicht<\/td>\n<td class=\"AttributeContent\">2,0 KG<\/td>\n<\/tr>\n<tr>\n<td class=\"AttributeLabel VerticalAlignMiddle\">H\u00f6he<\/td>\n<td class=\"AttributeContent\">303mm<\/td>\n<\/tr>\n<tr>\n<td class=\"AttributeLabel VerticalAlignMiddle\">Breite<\/td>\n<td class=\"AttributeContent\">236mm<\/td>\n<\/tr>\n<tr>\n<td class=\"AttributeLabel VerticalAlignMiddle\">Tiefe<\/td>\n<td class=\"AttributeContent\">223mm<\/td>\n<\/tr>\n<tr>\n<td class=\"AttributeLabel VerticalAlignMiddle\">IFAA<\/td>\n<td class=\"AttributeContent\">Gruppe 4<\/td>\n<\/tr>\n<tr>\n<td class=\"AttributeLabel VerticalAlignMiddle\">WA<\/td>\n<td class=\"AttributeContent\">Gruppe 4<\/td>\n<\/tr>\n<tr>\n<td class=\"AttributeLabel VerticalAlignMiddle\">Zielzonen<\/td>\n<td class=\"AttributeContent\">3<\/td>\n<\/tr>\n<\/tbody>\n<\/table>\n<\/div>\n","protected":false},"excerpt":{"rendered":"<p>Perlhuhn Asen<\/p>\n","protected":false},"featured_media":5135,"comment_status":"open","ping_status":"closed","template":"","meta":[],"product_brand":[],"product_cat":[163,235],"product_tag":[177,237,238,239,1297],"class_list":{"0":"post-933","1":"product","2":"type-product","3":"status-publish","4":"has-post-thumbnail","6":"product_cat-sale","7":"product_cat-asen","8":"product_tag-3d-ziel","9":"product_tag-3d-target","10":"product_tag-asen","11":"product_tag-perlhuhn","12":"product_tag-weiss","14":"first","15":"outofstock","16":"taxable","17":"shipping-taxable","18":"purchasable","19":"product-type-simple"},"_links":{"self":[{"href":"https:\/\/shop.xn--altmhl-bogensport-52b.de\/index.php?rest_route=\/wp\/v2\/product\/933","targetHints":{"allow":["GET"]}}],"collection":[{"href":"https:\/\/shop.xn--altmhl-bogensport-52b.de\/index.php?rest_route=\/wp\/v2\/product"}],"about":[{"href":"https:\/\/shop.xn--altmhl-bogensport-52b.de\/index.php?rest_route=\/wp\/v2\/types\/product"}],"replies":[{"embeddable":true,"href":"https:\/\/shop.xn--altmhl-bogensport-52b.de\/index.php?rest_route=%2Fwp%2Fv2%2Fcomments&post=933"}],"wp:featuredmedia":[{"embeddable":true,"href":"https:\/\/shop.xn--altmhl-bogensport-52b.de\/index.php?rest_route=\/wp\/v2\/media\/5135"}],"wp:attachment":[{"href":"https:\/\/shop.xn--altmhl-bogensport-52b.de\/index.php?rest_route=%2Fwp%2Fv2%2Fmedia&parent=933"}],"wp:term":[{"taxonomy":"product_brand","embeddable":true,"href":"https:\/\/shop.xn--altmhl-bogensport-52b.de\/index.php?rest_route=%2Fwp%2Fv2%2Fproduct_brand&post=933"},{"taxonomy":"product_cat","embeddable":true,"href":"https:\/\/shop.xn--altmhl-bogensport-52b.de\/index.php?rest_route=%2Fwp%2Fv2%2Fproduct_cat&post=933"},{"taxonomy":"product_tag","embeddable":true,"href":"https:\/\/shop.xn--altmhl-bogensport-52b.de\/index.php?rest_route=%2Fwp%2Fv2%2Fproduct_tag&post=933"}],"curies":[{"name":"wp","href":"https:\/\/api.w.org\/{rel}","templated":true}]}}