{"id":902,"date":"2021-08-01T17:45:17","date_gmt":"2021-08-01T17:45:17","guid":{"rendered":"http:\/\/shop.xn--altmhl-bogensport-52b.de\/?post_type=product&#038;p=902"},"modified":"2023-03-29T10:01:04","modified_gmt":"2023-03-29T10:01:04","slug":"longlife-frischling","status":"publish","type":"product","link":"https:\/\/shop.xn--altmhl-bogensport-52b.de\/?product=longlife-frischling","title":{"rendered":"Longlife Frischling"},"content":{"rendered":"<p>Der Frischling geh\u00f6rt zur Familie der altweltlichen oder echten Schweine. Frischlinge passen sich unterschiedlichsten Lebensr\u00e4umen an. Dazu tr\u00e4gt bei, dass sie ausgesprochene Allesfresser sind, die sich schnell neue Nahrungsnischen erschlie\u00dfen. Sie erreichen eine Kopf-Rumpf-L\u00e4nge von 130 bis 170 cm.<\/p>\n<p>&nbsp;<\/p>\n<p>3 D Tiere von Longlife machen ihrem Namen alle Ehre und sind auf vielen Parcours in der ganzen Welt zuhause. Unser Spezialschaum, der Standard bei allen 3 D Tieren von Longlife ist, erh\u00f6ht die Lebensdauer wesentlich. Alle 3 D Tiere von Longlife werden in Deutschland hergestellt.<\/p>\n<ul>\n<li>L\u00e4nge: 40 cm<\/li>\n<li>H\u00f6he: 30 cm<\/li>\n<li>Gewicht: 1,5 kg<\/li>\n<li>Qualit\u00e4t:\u00a0<b>Made in Germany<\/b>\n<p><b>Eigenschaften:<\/b><\/li>\n<li>stoppt jeden Pfeil<\/li>\n<li>leichtes Ziehen der Pfeile<\/li>\n<li>Material UV-resistent<\/li>\n<li>Material witterungsbest\u00e4ndig<\/li>\n<li>Schaum selbstschlie\u00dfend \u201eLonglife self healing effect\u201c<\/li>\n<li>besonders naturgetreue Optik<\/li>\n<\/ul>\n","protected":false},"excerpt":{"rendered":"<p>Longlife Frischling 3D Ziel<\/p>\n","protected":false},"featured_media":903,"comment_status":"open","ping_status":"closed","template":"","meta":[],"product_brand":[],"product_cat":[172],"product_tag":[223,175,176,177,222],"class_list":{"0":"post-902","1":"product","2":"type-product","3":"status-publish","4":"has-post-thumbnail","6":"product_cat-longlife","7":"product_tag-ferkel","8":"product_tag-longlife","9":"product_tag-ziel","10":"product_tag-3d-ziel","11":"product_tag-frischling","13":"first","14":"onbackorder","15":"taxable","16":"shipping-taxable","17":"purchasable","18":"product-type-simple"},"_links":{"self":[{"href":"https:\/\/shop.xn--altmhl-bogensport-52b.de\/index.php?rest_route=\/wp\/v2\/product\/902","targetHints":{"allow":["GET"]}}],"collection":[{"href":"https:\/\/shop.xn--altmhl-bogensport-52b.de\/index.php?rest_route=\/wp\/v2\/product"}],"about":[{"href":"https:\/\/shop.xn--altmhl-bogensport-52b.de\/index.php?rest_route=\/wp\/v2\/types\/product"}],"replies":[{"embeddable":true,"href":"https:\/\/shop.xn--altmhl-bogensport-52b.de\/index.php?rest_route=%2Fwp%2Fv2%2Fcomments&post=902"}],"wp:featuredmedia":[{"embeddable":true,"href":"https:\/\/shop.xn--altmhl-bogensport-52b.de\/index.php?rest_route=\/wp\/v2\/media\/903"}],"wp:attachment":[{"href":"https:\/\/shop.xn--altmhl-bogensport-52b.de\/index.php?rest_route=%2Fwp%2Fv2%2Fmedia&parent=902"}],"wp:term":[{"taxonomy":"product_brand","embeddable":true,"href":"https:\/\/shop.xn--altmhl-bogensport-52b.de\/index.php?rest_route=%2Fwp%2Fv2%2Fproduct_brand&post=902"},{"taxonomy":"product_cat","embeddable":true,"href":"https:\/\/shop.xn--altmhl-bogensport-52b.de\/index.php?rest_route=%2Fwp%2Fv2%2Fproduct_cat&post=902"},{"taxonomy":"product_tag","embeddable":true,"href":"https:\/\/shop.xn--altmhl-bogensport-52b.de\/index.php?rest_route=%2Fwp%2Fv2%2Fproduct_tag&post=902"}],"curies":[{"name":"wp","href":"https:\/\/api.w.org\/{rel}","templated":true}]}}