{"id":893,"date":"2021-08-01T17:09:46","date_gmt":"2021-08-01T17:09:46","guid":{"rendered":"http:\/\/shop.xn--altmhl-bogensport-52b.de\/?post_type=product&#038;p=893"},"modified":"2023-09-27T19:22:22","modified_gmt":"2023-09-27T19:22:22","slug":"longlife-liegende-ratte","status":"publish","type":"product","link":"https:\/\/shop.xn--altmhl-bogensport-52b.de\/?product=longlife-liegende-ratte","title":{"rendered":"Longlife liegende Ratte"},"content":{"rendered":"<p>Die Ratte ist ein Nagetier und geh\u00f6rt zur Familie der Langschwanzm\u00e4use. Sie lebt zum \u00fcberwiegenden Teil in W\u00e4ldern. Ihr Lebensraum kann von tief gelegenen Regenw\u00e4ldern bis zu Gebirgsw\u00e4ldern variieren, die meisten Arten meiden die N\u00e4he des Menschen. Die Kopfrumpfl\u00e4nge liegt zwischen 8 und 30 cm und die Schwanzl\u00e4nge ist variabel, denn sie ist bei jeder Art verschieden.<\/p>\n<p>&nbsp;<\/p>\n<p>3 D Tiere von Longlife machen ihrem Namen alle Ehre und sind auf vielen Parcours in der ganzen Welt zuhause. Unser Spezialschaum, der Standard bei allen 3 D Tieren von Longlife ist, erh\u00f6ht die Lebensdauer wesentlich. Alle 3 D Tiere von Longlife werden in Deutschland hergestellt.<\/p>\n<ul>\n<li>L\u00e4nge: 36 cm<\/li>\n<li>H\u00f6he: 14 cm<\/li>\n<li>Gewicht: 0,7 kg<\/li>\n<li>Qualit\u00e4t:\u00a0<b>Made in Germany<\/b><b>Eigenschaften:<\/b><\/li>\n<li>stoppt jeden Pfeil<\/li>\n<li>leichtes Ziehen der Pfeile<\/li>\n<li>Material UV-resistent<\/li>\n<li>Material witterungsbest\u00e4ndig<\/li>\n<li>Schaum selbstschlie\u00dfend \u201eLonglife self healing effect\u201c<\/li>\n<li>besonders naturgetreue Optik<\/li>\n<\/ul>\n","protected":false},"excerpt":{"rendered":"<p>Longlife Ratte liegend<\/p>\n","protected":false},"featured_media":894,"comment_status":"open","ping_status":"closed","template":"","meta":[],"product_brand":[],"product_cat":[172],"product_tag":[175,176,177,220],"class_list":{"0":"post-893","1":"product","2":"type-product","3":"status-publish","4":"has-post-thumbnail","6":"product_cat-longlife","7":"product_tag-longlife","8":"product_tag-ziel","9":"product_tag-3d-ziel","10":"product_tag-ratte","12":"first","13":"onbackorder","14":"taxable","15":"shipping-taxable","16":"purchasable","17":"product-type-simple"},"_links":{"self":[{"href":"https:\/\/shop.xn--altmhl-bogensport-52b.de\/index.php?rest_route=\/wp\/v2\/product\/893","targetHints":{"allow":["GET"]}}],"collection":[{"href":"https:\/\/shop.xn--altmhl-bogensport-52b.de\/index.php?rest_route=\/wp\/v2\/product"}],"about":[{"href":"https:\/\/shop.xn--altmhl-bogensport-52b.de\/index.php?rest_route=\/wp\/v2\/types\/product"}],"replies":[{"embeddable":true,"href":"https:\/\/shop.xn--altmhl-bogensport-52b.de\/index.php?rest_route=%2Fwp%2Fv2%2Fcomments&post=893"}],"wp:featuredmedia":[{"embeddable":true,"href":"https:\/\/shop.xn--altmhl-bogensport-52b.de\/index.php?rest_route=\/wp\/v2\/media\/894"}],"wp:attachment":[{"href":"https:\/\/shop.xn--altmhl-bogensport-52b.de\/index.php?rest_route=%2Fwp%2Fv2%2Fmedia&parent=893"}],"wp:term":[{"taxonomy":"product_brand","embeddable":true,"href":"https:\/\/shop.xn--altmhl-bogensport-52b.de\/index.php?rest_route=%2Fwp%2Fv2%2Fproduct_brand&post=893"},{"taxonomy":"product_cat","embeddable":true,"href":"https:\/\/shop.xn--altmhl-bogensport-52b.de\/index.php?rest_route=%2Fwp%2Fv2%2Fproduct_cat&post=893"},{"taxonomy":"product_tag","embeddable":true,"href":"https:\/\/shop.xn--altmhl-bogensport-52b.de\/index.php?rest_route=%2Fwp%2Fv2%2Fproduct_tag&post=893"}],"curies":[{"name":"wp","href":"https:\/\/api.w.org\/{rel}","templated":true}]}}