{"id":883,"date":"2021-08-01T11:46:27","date_gmt":"2021-08-01T11:46:27","guid":{"rendered":"http:\/\/shop.xn--altmhl-bogensport-52b.de\/?post_type=product&#038;p=883"},"modified":"2021-08-15T11:13:39","modified_gmt":"2021-08-15T11:13:39","slug":"pfeilauflage-cartel-x-pert-schwarz-rechtshand-recurvebogen","status":"publish","type":"product","link":"https:\/\/shop.xn--altmhl-bogensport-52b.de\/?product=pfeilauflage-cartel-x-pert-schwarz-rechtshand-recurvebogen","title":{"rendered":"Pfeilauflage Cartel X-Pert schwarz Recurvebogen"},"content":{"rendered":"<div>CARTEL Magnetic Flipper X-Pert &#8211; Pfeilauflage<\/div>\n<div><\/div>\n<div>Hochwertige, selbstklebende Pfeilauflage aus rostfreiem Stahl &#8211; besonders leicht und langlebig.<\/div>\n<div><span style=\"color: #002cfd; font-family: Comic Sans MS;\">Der stabile Auflagearm ist magnetisch gelagert und geht nach dem Abschuss automatisch in seine Ausgangsposition zur\u00fcck.\u00a0<\/span><\/div>\n<div><\/div>\n<div>Abbildung zeigt Auflage f\u00fcr Rechtshandbogen!<\/div>\n<div><\/div>\n<div><span style=\"color: #002cfd; font-size: x-large;\">\u00a0<\/span><\/div>\n<div><span style=\"color: #002cfd; font-size: x-large;\">F\u00fcr alle B\u00f6gen mit Pfeilauflage geeignet, wird aber \u00fcberwiegend bei Recurveb\u00f6gen verwendet.<\/span><\/div>\n","protected":false},"excerpt":{"rendered":"<p>Pfeilauflage Cartel Magnetic X-Pert<\/p>\n","protected":false},"featured_media":881,"comment_status":"open","ping_status":"closed","template":"","meta":[],"product_brand":[],"product_cat":[38],"product_tag":[127,213,214,215],"class_list":{"0":"post-883","1":"product","2":"type-product","3":"status-publish","4":"has-post-thumbnail","6":"product_cat-pfeilauflagen","7":"product_tag-pfeilauflage","8":"product_tag-cartel","9":"product_tag-flipper","10":"product_tag-magnet","12":"first","13":"instock","14":"taxable","15":"shipping-taxable","16":"purchasable","17":"product-type-variable"},"_links":{"self":[{"href":"https:\/\/shop.xn--altmhl-bogensport-52b.de\/index.php?rest_route=\/wp\/v2\/product\/883","targetHints":{"allow":["GET"]}}],"collection":[{"href":"https:\/\/shop.xn--altmhl-bogensport-52b.de\/index.php?rest_route=\/wp\/v2\/product"}],"about":[{"href":"https:\/\/shop.xn--altmhl-bogensport-52b.de\/index.php?rest_route=\/wp\/v2\/types\/product"}],"replies":[{"embeddable":true,"href":"https:\/\/shop.xn--altmhl-bogensport-52b.de\/index.php?rest_route=%2Fwp%2Fv2%2Fcomments&post=883"}],"wp:featuredmedia":[{"embeddable":true,"href":"https:\/\/shop.xn--altmhl-bogensport-52b.de\/index.php?rest_route=\/wp\/v2\/media\/881"}],"wp:attachment":[{"href":"https:\/\/shop.xn--altmhl-bogensport-52b.de\/index.php?rest_route=%2Fwp%2Fv2%2Fmedia&parent=883"}],"wp:term":[{"taxonomy":"product_brand","embeddable":true,"href":"https:\/\/shop.xn--altmhl-bogensport-52b.de\/index.php?rest_route=%2Fwp%2Fv2%2Fproduct_brand&post=883"},{"taxonomy":"product_cat","embeddable":true,"href":"https:\/\/shop.xn--altmhl-bogensport-52b.de\/index.php?rest_route=%2Fwp%2Fv2%2Fproduct_cat&post=883"},{"taxonomy":"product_tag","embeddable":true,"href":"https:\/\/shop.xn--altmhl-bogensport-52b.de\/index.php?rest_route=%2Fwp%2Fv2%2Fproduct_tag&post=883"}],"curies":[{"name":"wp","href":"https:\/\/api.w.org\/{rel}","templated":true}]}}