{"id":857,"date":"2021-08-01T10:26:53","date_gmt":"2021-08-01T10:26:53","guid":{"rendered":"http:\/\/shop.xn--altmhl-bogensport-52b.de\/?post_type=product&#038;p=857"},"modified":"2025-01-11T12:09:03","modified_gmt":"2025-01-11T12:09:03","slug":"guertelclip-bearpaw-metall","status":"publish","type":"product","link":"https:\/\/shop.xn--altmhl-bogensport-52b.de\/?product=guertelclip-bearpaw-metall","title":{"rendered":"G\u00fcrtelclip Bearpaw Metall"},"content":{"rendered":"<p>Stabiler G\u00fcrtelclip aus pulverbeschitetem Stahl zur Befestigung von Zubeh\u00f6r und K\u00f6chern am G\u00fcrtel oder im Hosenbund. Wir haben besonders darauf geachtet, dass bei unserem G\u00fcrtelclip die Kanten abgerundet sind, um Verletzungen zu vermeiden.<\/p>\n<ul>\n<li>Material: Pulverbeschichteter Stahl<\/li>\n<\/ul>\n<p>&nbsp;<\/p>\n<p>&nbsp;<\/p>\n<table class=\"table table-sm\">\n<tbody>\n<tr class=\"attr-custom\">\n<td class=\"attr-value\"><strong>Herstellername:<\/strong><br \/>\nBEARPAW GmbH<br \/>\n<strong>Anschrift:<\/strong><br \/>\nHannebach 30, 96269 Rossach<br \/>\n<strong>Herkunftsland:<\/strong><br \/>\nDeutschland<br \/>\n<strong>Webseite:<\/strong><br \/>\nhttps:\/\/www.bearpaw-products.de\/<br \/>\n<strong>Kontakt:<\/strong><br \/>\ninfo@bearpaw-products.com<br \/>\n<strong>Marke:<\/strong><br \/>\nBearpaw Products<\/td>\n<\/tr>\n<\/tbody>\n<\/table>\n","protected":false},"excerpt":{"rendered":"<p>G\u00fcrtelclip Bearpaw Metall<\/p>\n","protected":false},"featured_media":858,"comment_status":"open","ping_status":"closed","template":"","meta":[],"product_brand":[],"product_cat":[164],"product_tag":[201,202,203,216,30],"class_list":{"0":"post-857","1":"product","2":"type-product","3":"status-publish","4":"has-post-thumbnail","6":"product_cat-koecher","7":"product_tag-clip","8":"product_tag-guertelclip","9":"product_tag-haken","10":"product_tag-seitenkoecher","11":"product_tag-bearpaw","13":"first","14":"instock","15":"taxable","16":"shipping-taxable","17":"purchasable","18":"product-type-simple"},"_links":{"self":[{"href":"https:\/\/shop.xn--altmhl-bogensport-52b.de\/index.php?rest_route=\/wp\/v2\/product\/857","targetHints":{"allow":["GET"]}}],"collection":[{"href":"https:\/\/shop.xn--altmhl-bogensport-52b.de\/index.php?rest_route=\/wp\/v2\/product"}],"about":[{"href":"https:\/\/shop.xn--altmhl-bogensport-52b.de\/index.php?rest_route=\/wp\/v2\/types\/product"}],"replies":[{"embeddable":true,"href":"https:\/\/shop.xn--altmhl-bogensport-52b.de\/index.php?rest_route=%2Fwp%2Fv2%2Fcomments&post=857"}],"wp:featuredmedia":[{"embeddable":true,"href":"https:\/\/shop.xn--altmhl-bogensport-52b.de\/index.php?rest_route=\/wp\/v2\/media\/858"}],"wp:attachment":[{"href":"https:\/\/shop.xn--altmhl-bogensport-52b.de\/index.php?rest_route=%2Fwp%2Fv2%2Fmedia&parent=857"}],"wp:term":[{"taxonomy":"product_brand","embeddable":true,"href":"https:\/\/shop.xn--altmhl-bogensport-52b.de\/index.php?rest_route=%2Fwp%2Fv2%2Fproduct_brand&post=857"},{"taxonomy":"product_cat","embeddable":true,"href":"https:\/\/shop.xn--altmhl-bogensport-52b.de\/index.php?rest_route=%2Fwp%2Fv2%2Fproduct_cat&post=857"},{"taxonomy":"product_tag","embeddable":true,"href":"https:\/\/shop.xn--altmhl-bogensport-52b.de\/index.php?rest_route=%2Fwp%2Fv2%2Fproduct_tag&post=857"}],"curies":[{"name":"wp","href":"https:\/\/api.w.org\/{rel}","templated":true}]}}