{"id":855,"date":"2021-08-01T09:18:52","date_gmt":"2021-08-01T09:18:52","guid":{"rendered":"http:\/\/shop.xn--altmhl-bogensport-52b.de\/?post_type=product&#038;p=855"},"modified":"2025-11-08T14:09:23","modified_gmt":"2025-11-08T14:09:23","slug":"penthalon-speed-insert-245","status":"publish","type":"product","link":"https:\/\/shop.xn--altmhl-bogensport-52b.de\/?product=penthalon-speed-insert-245","title":{"rendered":"Penthalon Speed Insert .245"},"content":{"rendered":"<p>Das kurze und leichte Insert aus hochwertigem Aluminium passt pr\u00e4zise in unsere Penthalon Carbonsch\u00e4fte aus der Traditional Serie. Es ist perfekt f\u00fcr alle Spinewerte von 300 &#8211; 800 geeignet.<\/p>\n<ul>\n<li>Material: hochwertiges Aluminium<\/li>\n<li>Gewicht: 12,3 grs.<\/li>\n<li>Qualit\u00e4t: Made in Germany<\/li>\n<li>Verwendung: Penthalon Traditonal Carbonsch\u00e4fte, Penthalon Hunter Exreme, Byron Ferguson Heavy Hunter Carbonsch\u00e4fte und Easton Carbonsch\u00e4fte mit dem ID .245<\/li>\n<\/ul>\n","protected":false},"excerpt":{"rendered":"<h1 class=\"product--title\">Penthalon Speed Insert .245<\/h1>\n","protected":false},"featured_media":856,"comment_status":"open","ping_status":"closed","template":"","meta":[],"product_brand":[],"product_cat":[197],"product_tag":[30,198,199,200],"class_list":{"0":"post-855","1":"product","2":"type-product","3":"status-publish","4":"has-post-thumbnail","6":"product_cat-inserts","7":"product_tag-bearpaw","8":"product_tag-insert","9":"product_tag-speed","10":"product_tag-speedinsert","12":"first","13":"instock","14":"taxable","15":"shipping-taxable","16":"purchasable","17":"product-type-simple"},"_links":{"self":[{"href":"https:\/\/shop.xn--altmhl-bogensport-52b.de\/index.php?rest_route=\/wp\/v2\/product\/855","targetHints":{"allow":["GET"]}}],"collection":[{"href":"https:\/\/shop.xn--altmhl-bogensport-52b.de\/index.php?rest_route=\/wp\/v2\/product"}],"about":[{"href":"https:\/\/shop.xn--altmhl-bogensport-52b.de\/index.php?rest_route=\/wp\/v2\/types\/product"}],"replies":[{"embeddable":true,"href":"https:\/\/shop.xn--altmhl-bogensport-52b.de\/index.php?rest_route=%2Fwp%2Fv2%2Fcomments&post=855"}],"wp:featuredmedia":[{"embeddable":true,"href":"https:\/\/shop.xn--altmhl-bogensport-52b.de\/index.php?rest_route=\/wp\/v2\/media\/856"}],"wp:attachment":[{"href":"https:\/\/shop.xn--altmhl-bogensport-52b.de\/index.php?rest_route=%2Fwp%2Fv2%2Fmedia&parent=855"}],"wp:term":[{"taxonomy":"product_brand","embeddable":true,"href":"https:\/\/shop.xn--altmhl-bogensport-52b.de\/index.php?rest_route=%2Fwp%2Fv2%2Fproduct_brand&post=855"},{"taxonomy":"product_cat","embeddable":true,"href":"https:\/\/shop.xn--altmhl-bogensport-52b.de\/index.php?rest_route=%2Fwp%2Fv2%2Fproduct_cat&post=855"},{"taxonomy":"product_tag","embeddable":true,"href":"https:\/\/shop.xn--altmhl-bogensport-52b.de\/index.php?rest_route=%2Fwp%2Fv2%2Fproduct_tag&post=855"}],"curies":[{"name":"wp","href":"https:\/\/api.w.org\/{rel}","templated":true}]}}