{"id":820,"date":"2021-08-01T07:43:36","date_gmt":"2021-08-01T07:43:36","guid":{"rendered":"http:\/\/shop.xn--altmhl-bogensport-52b.de\/?post_type=product&#038;p=820"},"modified":"2022-11-15T14:56:17","modified_gmt":"2022-11-15T14:56:17","slug":"longlife-cube-little-schiesswuerfel","status":"publish","type":"product","link":"https:\/\/shop.xn--altmhl-bogensport-52b.de\/?product=longlife-cube-little-schiesswuerfel","title":{"rendered":"Longlife Cube Little Schie\u00dfw\u00fcrfel"},"content":{"rendered":"<p>Einfach eine Nummer kleiner als sein gro\u00dfer Bruder &#8220;The Cube&#8221;. Extrem praktisches, schwimmf\u00e4higes und langlebiges Ziel. Kann so gut wie \u00fcberall als Pfeilfang eingesetzt werden.<br \/>\n<b>Mitnehmen-werfen-schie\u00dfen!<\/b><br \/>\nUnser Spezialschaum, der Standard bei allen 3 D Tieren von Longlife ist, erh\u00f6ht die Lebensdauer wesentlich. Alle 3 D Tiere von Longlife werden in Deutschland hergestellt.<\/p>\n<ul>\n<li>Ma\u00dfe: 24 x 24 x 24 cm<\/li>\n<li>Gewicht: ca. 2,3 kg<\/li>\n<li>Qualit\u00e4t:\u00a0<b>Made in Germany<\/b><b>Eigenschaften:<\/b><\/li>\n<li>stoppt jeden Pfeil<\/li>\n<li>leichtes Ziehen der Pfeile<\/li>\n<li>Material UV-resistent<\/li>\n<li>Material witterungsbest\u00e4ndig<\/li>\n<li>Schaum selbstschlie\u00dfend \u201eLonglife self healing effect\u201c<\/li>\n<li>besonders naturgetreue Optik<\/li>\n<\/ul>\n","protected":false},"excerpt":{"rendered":"<h1 class=\"product--title\">Longlife Cube Little Schie\u00dfw\u00fcrfel<\/h1>\n","protected":false},"featured_media":821,"comment_status":"open","ping_status":"closed","template":"","meta":[],"product_brand":[],"product_cat":[172,243],"product_tag":[173,174,175,176,177,1246],"class_list":{"0":"post-820","1":"product","2":"type-product","3":"status-publish","4":"has-post-thumbnail","6":"product_cat-longlife","7":"product_cat-wuerfel-saecke","8":"product_tag-wuerfel","9":"product_tag-schiesswuerfel","10":"product_tag-longlife","11":"product_tag-ziel","12":"product_tag-3d-ziel","13":"product_tag-cube","15":"first","16":"instock","17":"taxable","18":"shipping-taxable","19":"purchasable","20":"product-type-simple"},"_links":{"self":[{"href":"https:\/\/shop.xn--altmhl-bogensport-52b.de\/index.php?rest_route=\/wp\/v2\/product\/820","targetHints":{"allow":["GET"]}}],"collection":[{"href":"https:\/\/shop.xn--altmhl-bogensport-52b.de\/index.php?rest_route=\/wp\/v2\/product"}],"about":[{"href":"https:\/\/shop.xn--altmhl-bogensport-52b.de\/index.php?rest_route=\/wp\/v2\/types\/product"}],"replies":[{"embeddable":true,"href":"https:\/\/shop.xn--altmhl-bogensport-52b.de\/index.php?rest_route=%2Fwp%2Fv2%2Fcomments&post=820"}],"wp:featuredmedia":[{"embeddable":true,"href":"https:\/\/shop.xn--altmhl-bogensport-52b.de\/index.php?rest_route=\/wp\/v2\/media\/821"}],"wp:attachment":[{"href":"https:\/\/shop.xn--altmhl-bogensport-52b.de\/index.php?rest_route=%2Fwp%2Fv2%2Fmedia&parent=820"}],"wp:term":[{"taxonomy":"product_brand","embeddable":true,"href":"https:\/\/shop.xn--altmhl-bogensport-52b.de\/index.php?rest_route=%2Fwp%2Fv2%2Fproduct_brand&post=820"},{"taxonomy":"product_cat","embeddable":true,"href":"https:\/\/shop.xn--altmhl-bogensport-52b.de\/index.php?rest_route=%2Fwp%2Fv2%2Fproduct_cat&post=820"},{"taxonomy":"product_tag","embeddable":true,"href":"https:\/\/shop.xn--altmhl-bogensport-52b.de\/index.php?rest_route=%2Fwp%2Fv2%2Fproduct_tag&post=820"}],"curies":[{"name":"wp","href":"https:\/\/api.w.org\/{rel}","templated":true}]}}