{"id":815,"date":"2021-08-01T07:34:46","date_gmt":"2021-08-01T07:34:46","guid":{"rendered":"http:\/\/shop.xn--altmhl-bogensport-52b.de\/?post_type=product&#038;p=815"},"modified":"2025-06-17T18:51:47","modified_gmt":"2025-06-17T18:51:47","slug":"holsterkoecher-adventure-bearpaw","status":"publish","type":"product","link":"https:\/\/shop.xn--altmhl-bogensport-52b.de\/?product=holsterkoecher-adventure-bearpaw","title":{"rendered":"Holsterk\u00f6cher Adventure Bearpaw"},"content":{"rendered":"<p>Der Holsterk\u00f6cher ist aufgrund seiner kompakten Gr\u00f6\u00dfe und praktischen Handlichkeit sehr beliebt. Die Pfeile sind sicher und fest untergebracht, ohne lautstark aneinander zu klappern.<\/p>\n<ul>\n<li>Farbe: Schwarz | Camo<\/li>\n<li>Material: Robustes und wasserabweisendes Nylongewebe<\/li>\n<li>L\u00e4nge: ca. 42 cm<\/li>\n<li>Ausf\u00fchrungen: Rechtshand, Linkshand<\/li>\n<\/ul>\n<p>abgebildet ist die Version &#8221; RH &#8221; also f\u00fcr Rechtshandsch\u00fctzen.\u00a0 K\u00f6cher wird dann auf der rechten H\u00fcftseite getragen.<\/p>\n<p>Lieferung erfolgt ohne abgebildetes Zubeh\u00f6r \/ Pfeile !<\/p>\n<p>&nbsp;<\/p>\n<table class=\"table table-sm\">\n<tbody>\n<tr class=\"attr-custom\">\n<td class=\"attr-value\"><strong>Herstellername:<\/strong><br \/>\nBEARPAW GmbH<br \/>\n<strong>Anschrift:<\/strong><br \/>\nHannebach 30, 96269 Rossach<br \/>\n<strong>Herkunftsland:<\/strong><br \/>\nDeutschland<br \/>\n<strong>Webseite:<\/strong><br \/>\nhttps:\/\/www.bearpaw-products.de\/<br \/>\n<strong>Kontakt:<\/strong><br \/>\ninfo@bearpaw-products.com<br \/>\n<strong>Marke:<\/strong><br \/>\nBearpaw Products<\/td>\n<\/tr>\n<\/tbody>\n<\/table>\n","protected":false},"excerpt":{"rendered":"<p>Holsterk\u00f6cher Adventure Bearpaw<\/p>\n","protected":false},"featured_media":816,"comment_status":"open","ping_status":"closed","template":"","meta":[],"product_brand":[],"product_cat":[454],"product_tag":[30,133,165,168,233,451],"class_list":{"0":"post-815","1":"product","2":"type-product","3":"status-publish","4":"has-post-thumbnail","6":"product_cat-seitenkoecher","7":"product_tag-bearpaw","8":"product_tag-rechtshand","9":"product_tag-koecher","10":"product_tag-holsterkoecher","11":"product_tag-camo","12":"product_tag-adventure","14":"first","15":"instock","16":"taxable","17":"shipping-taxable","18":"purchasable","19":"product-type-variable"},"_links":{"self":[{"href":"https:\/\/shop.xn--altmhl-bogensport-52b.de\/index.php?rest_route=\/wp\/v2\/product\/815","targetHints":{"allow":["GET"]}}],"collection":[{"href":"https:\/\/shop.xn--altmhl-bogensport-52b.de\/index.php?rest_route=\/wp\/v2\/product"}],"about":[{"href":"https:\/\/shop.xn--altmhl-bogensport-52b.de\/index.php?rest_route=\/wp\/v2\/types\/product"}],"replies":[{"embeddable":true,"href":"https:\/\/shop.xn--altmhl-bogensport-52b.de\/index.php?rest_route=%2Fwp%2Fv2%2Fcomments&post=815"}],"wp:featuredmedia":[{"embeddable":true,"href":"https:\/\/shop.xn--altmhl-bogensport-52b.de\/index.php?rest_route=\/wp\/v2\/media\/816"}],"wp:attachment":[{"href":"https:\/\/shop.xn--altmhl-bogensport-52b.de\/index.php?rest_route=%2Fwp%2Fv2%2Fmedia&parent=815"}],"wp:term":[{"taxonomy":"product_brand","embeddable":true,"href":"https:\/\/shop.xn--altmhl-bogensport-52b.de\/index.php?rest_route=%2Fwp%2Fv2%2Fproduct_brand&post=815"},{"taxonomy":"product_cat","embeddable":true,"href":"https:\/\/shop.xn--altmhl-bogensport-52b.de\/index.php?rest_route=%2Fwp%2Fv2%2Fproduct_cat&post=815"},{"taxonomy":"product_tag","embeddable":true,"href":"https:\/\/shop.xn--altmhl-bogensport-52b.de\/index.php?rest_route=%2Fwp%2Fv2%2Fproduct_tag&post=815"}],"curies":[{"name":"wp","href":"https:\/\/api.w.org\/{rel}","templated":true}]}}