{"id":811,"date":"2021-08-01T07:27:04","date_gmt":"2021-08-01T07:27:04","guid":{"rendered":"http:\/\/shop.xn--altmhl-bogensport-52b.de\/?post_type=product&#038;p=811"},"modified":"2026-04-14T12:31:00","modified_gmt":"2026-04-14T12:31:00","slug":"holsterkoecher-dunkelbraun-bearpaw-rh-lh","status":"publish","type":"product","link":"https:\/\/shop.xn--altmhl-bogensport-52b.de\/?product=holsterkoecher-dunkelbraun-bearpaw-rh-lh","title":{"rendered":"Holsterk\u00f6cher dunkelbraun Bearpaw RH + LH"},"content":{"rendered":"<p>Der Holsterk\u00f6cher ist aufgrund seiner kompakten Gr\u00f6\u00dfe und praktischen Handlichkeit sehr beliebt. Die Pfeile sind sicher und fest untergebracht, ohne lautstark aneinander zu klappern. Ein optisches Highlight aus hochwertigem Wildleder!<\/p>\n<ul>\n<li>Leder: Bearpaw Wildleder dunkelbraun<\/li>\n<li>L\u00e4nge: ca. 42 cm<\/li>\n<li>Ausf\u00fchrungen: Rechtshand, Linkshand<\/li>\n<\/ul>\n<p>abgebildet ist die Version &#8221; RH &#8221; also f\u00fcr Rechtshandsch\u00fctzen.\u00a0 K\u00f6cher wird dann auf der rechten H\u00fcftseite getragen.<\/p>\n<p>Lieferung erfolgt ohne abgebildetes Zubeh\u00f6r \/ Pfeile !<\/p>\n<p>&nbsp;<\/p>\n<table class=\"table table-sm\">\n<tbody>\n<tr class=\"attr-custom\">\n<td class=\"attr-value\"><strong>Herstellername:<\/strong><br \/>\nBEARPAW GmbH<br \/>\n<strong>Anschrift:<\/strong><br \/>\nHannebach 30, 96269 Rossach<br \/>\n<strong>Herkunftsland:<\/strong><br \/>\nDeutschland<br \/>\n<strong>Webseite:<\/strong><br \/>\nhttps:\/\/www.bearpaw-products.de\/<br \/>\n<strong>Kontakt:<\/strong><br \/>\ninfo@bearpaw-products.com<br \/>\n<strong>Marke:<\/strong><br \/>\nBearpaw Products<\/td>\n<\/tr>\n<\/tbody>\n<\/table>\n","protected":false},"excerpt":{"rendered":"<p>Holsterk\u00f6cher dunkelbraun Bearpaw<\/p>\n","protected":false},"featured_media":813,"comment_status":"open","ping_status":"closed","template":"","meta":[],"product_brand":[],"product_cat":[454,163,164],"product_tag":[170,30,165,168,169],"class_list":{"0":"post-811","1":"product","2":"type-product","3":"status-publish","4":"has-post-thumbnail","6":"product_cat-seitenkoecher","7":"product_cat-sale","8":"product_cat-koecher","9":"product_tag-field-quiver","10":"product_tag-bearpaw","11":"product_tag-koecher","12":"product_tag-holsterkoecher","13":"product_tag-lederkoecher","15":"first","16":"onbackorder","17":"taxable","18":"shipping-taxable","19":"purchasable","20":"product-type-variable"},"_links":{"self":[{"href":"https:\/\/shop.xn--altmhl-bogensport-52b.de\/index.php?rest_route=\/wp\/v2\/product\/811","targetHints":{"allow":["GET"]}}],"collection":[{"href":"https:\/\/shop.xn--altmhl-bogensport-52b.de\/index.php?rest_route=\/wp\/v2\/product"}],"about":[{"href":"https:\/\/shop.xn--altmhl-bogensport-52b.de\/index.php?rest_route=\/wp\/v2\/types\/product"}],"replies":[{"embeddable":true,"href":"https:\/\/shop.xn--altmhl-bogensport-52b.de\/index.php?rest_route=%2Fwp%2Fv2%2Fcomments&post=811"}],"wp:featuredmedia":[{"embeddable":true,"href":"https:\/\/shop.xn--altmhl-bogensport-52b.de\/index.php?rest_route=\/wp\/v2\/media\/813"}],"wp:attachment":[{"href":"https:\/\/shop.xn--altmhl-bogensport-52b.de\/index.php?rest_route=%2Fwp%2Fv2%2Fmedia&parent=811"}],"wp:term":[{"taxonomy":"product_brand","embeddable":true,"href":"https:\/\/shop.xn--altmhl-bogensport-52b.de\/index.php?rest_route=%2Fwp%2Fv2%2Fproduct_brand&post=811"},{"taxonomy":"product_cat","embeddable":true,"href":"https:\/\/shop.xn--altmhl-bogensport-52b.de\/index.php?rest_route=%2Fwp%2Fv2%2Fproduct_cat&post=811"},{"taxonomy":"product_tag","embeddable":true,"href":"https:\/\/shop.xn--altmhl-bogensport-52b.de\/index.php?rest_route=%2Fwp%2Fv2%2Fproduct_tag&post=811"}],"curies":[{"name":"wp","href":"https:\/\/api.w.org\/{rel}","templated":true}]}}