{"id":773,"date":"2021-07-31T20:31:00","date_gmt":"2021-07-31T20:31:00","guid":{"rendered":"http:\/\/shop.xn--altmhl-bogensport-52b.de\/?post_type=product&#038;p=773"},"modified":"2025-01-11T12:18:19","modified_gmt":"2025-01-11T12:18:19","slug":"bogenhuelle-recurve-deluxe-bearpaw","status":"publish","type":"product","link":"https:\/\/shop.xn--altmhl-bogensport-52b.de\/?product=bogenhuelle-recurve-deluxe-bearpaw","title":{"rendered":"Bogenh\u00fclle Recurve Deluxe Bearpaw"},"content":{"rendered":"<p>Wir hatten schon lange die Idee, eine besondere Bogenh\u00fclle zu machen.<\/p>\n<p>Unsere Deluxe Bogenh\u00fclle sch\u00fctzt Ihren Recurvebogen durch ein spezielles Innenfutter perfekt gegen Besch\u00e4digungen durch harte Schl\u00e4ge. Die extra gro\u00dfe Zubeh\u00f6rtasche bietet viel Platz f\u00fcr Armschutz, Checker und Schie\u00dfhandschuh.<\/p>\n<ul>\n<li>Ma\u00dfe: Ca. 175 cm X 18 cm<\/li>\n<li>Material: schwarzes, wasserabweisendes Nylon<\/li>\n<li>Extras: Gro\u00dfe aufgesetzte Zubeh\u00f6rtasche, Trageriemen, Aufh\u00e4nger<\/li>\n<li>Verwendung: Recurveb\u00f6gen bis zu einer L\u00e4nge von 68 Zoll (173 cm)<\/li>\n<\/ul>\n<p>&nbsp;<\/p>\n<table class=\"table table-sm\">\n<tbody>\n<tr class=\"attr-custom\">\n<td class=\"attr-value\"><strong>Herstellername:<\/strong><br \/>\nBEARPAW GmbH<br \/>\n<strong>Anschrift:<\/strong><br \/>\nHannebach 30, 96269 Rossach<br \/>\n<strong>Herkunftsland:<\/strong><br \/>\nDeutschland<br \/>\n<strong>Webseite:<\/strong><br \/>\nhttps:\/\/www.bearpaw-products.de\/<br \/>\n<strong>Kontakt:<\/strong><br \/>\ninfo@bearpaw-products.com<br \/>\n<strong>Marke:<\/strong><br \/>\nBearpaw Products<\/td>\n<\/tr>\n<\/tbody>\n<\/table>\n","protected":false},"excerpt":{"rendered":"<p>Wir hatten schon lange die Idee, eine besondere Bogenh\u00fclle zu machen. Unsere Deluxe Bogenh\u00fclle sch\u00fctzt Ihren Recurvebogen durch ein spezielles Innenfutter perfekt gegen Besch\u00e4digungen durch harte Schl\u00e4ge. Die extra gro\u00dfe Zubeh\u00f6rtasche bietet viel Platz f\u00fcr Armschutz, Checker und Schie\u00dfhandschuh. Ma\u00dfe: Ca. 175 cm X 18 cm Material: schwarzes, wasserabweisendes Nylon Extras: Gro\u00dfe aufgesetzte Zubeh\u00f6rtasche, Trageriemen, [&hellip;]<\/p>\n","protected":false},"featured_media":775,"comment_status":"open","ping_status":"closed","template":"","meta":[],"product_brand":[],"product_cat":[33],"product_tag":[],"class_list":{"0":"post-773","1":"product","2":"type-product","3":"status-publish","4":"has-post-thumbnail","6":"product_cat-bogenhuellen-taschen","8":"first","9":"instock","10":"taxable","11":"shipping-taxable","12":"purchasable","13":"product-type-simple"},"_links":{"self":[{"href":"https:\/\/shop.xn--altmhl-bogensport-52b.de\/index.php?rest_route=\/wp\/v2\/product\/773","targetHints":{"allow":["GET"]}}],"collection":[{"href":"https:\/\/shop.xn--altmhl-bogensport-52b.de\/index.php?rest_route=\/wp\/v2\/product"}],"about":[{"href":"https:\/\/shop.xn--altmhl-bogensport-52b.de\/index.php?rest_route=\/wp\/v2\/types\/product"}],"replies":[{"embeddable":true,"href":"https:\/\/shop.xn--altmhl-bogensport-52b.de\/index.php?rest_route=%2Fwp%2Fv2%2Fcomments&post=773"}],"wp:featuredmedia":[{"embeddable":true,"href":"https:\/\/shop.xn--altmhl-bogensport-52b.de\/index.php?rest_route=\/wp\/v2\/media\/775"}],"wp:attachment":[{"href":"https:\/\/shop.xn--altmhl-bogensport-52b.de\/index.php?rest_route=%2Fwp%2Fv2%2Fmedia&parent=773"}],"wp:term":[{"taxonomy":"product_brand","embeddable":true,"href":"https:\/\/shop.xn--altmhl-bogensport-52b.de\/index.php?rest_route=%2Fwp%2Fv2%2Fproduct_brand&post=773"},{"taxonomy":"product_cat","embeddable":true,"href":"https:\/\/shop.xn--altmhl-bogensport-52b.de\/index.php?rest_route=%2Fwp%2Fv2%2Fproduct_cat&post=773"},{"taxonomy":"product_tag","embeddable":true,"href":"https:\/\/shop.xn--altmhl-bogensport-52b.de\/index.php?rest_route=%2Fwp%2Fv2%2Fproduct_tag&post=773"}],"curies":[{"name":"wp","href":"https:\/\/api.w.org\/{rel}","templated":true}]}}