{"id":77,"date":"2019-09-19T18:55:10","date_gmt":"2019-09-19T18:55:10","guid":{"rendered":"http:\/\/shop.xn--altmhl-bogensport-52b.de\/?post_type=product&#038;p=77"},"modified":"2021-12-22T09:10:51","modified_gmt":"2021-12-22T09:10:51","slug":"armschutz-deluxe-youth","status":"publish","type":"product","link":"https:\/\/shop.xn--altmhl-bogensport-52b.de\/?product=armschutz-deluxe-youth","title":{"rendered":"Kinder Armschutz Deluxe Youth Maxi"},"content":{"rendered":"<p>Der Armschutz Kinder Deluxe ist in Abmessungen und Umfang speziell f\u00fcr den Arm von Kindern entworfen worden. Er ist aus optisch ansprechendem Wildleder hergestellt und sch\u00fctzt den zarten Kinderarm optimal gegen den Schlag der Sehne.<br \/>\nDie neue Qualit\u00e4t des Wildleders \u00fcberzeugt sofort. Qualit\u00e4t, die man f\u00fchlt!<\/p>\n<p><strong>Technische Daten:<\/strong><br \/>\nL\u00e4nge: 26 cm<br \/>\nLeder: Wildleder<br \/>\nFarben: schwarz oder\u00a0honigbraun<\/p>\n","protected":false},"excerpt":{"rendered":"<p>Armschutz Kinder Deluxe<\/p>\n","protected":false},"featured_media":2096,"comment_status":"open","ping_status":"closed","template":"","meta":[],"product_brand":[],"product_cat":[40,631],"product_tag":[41,194,636,637],"class_list":{"0":"post-77","1":"product","2":"type-product","3":"status-publish","4":"has-post-thumbnail","6":"product_cat-armschutz","7":"product_cat-zubehoer-kids","8":"product_tag-armschutz","9":"product_tag-deluxe","10":"product_tag-kinder","11":"product_tag-maxi","13":"first","14":"instock","15":"taxable","16":"shipping-taxable","17":"purchasable","18":"product-type-variable"},"_links":{"self":[{"href":"https:\/\/shop.xn--altmhl-bogensport-52b.de\/index.php?rest_route=\/wp\/v2\/product\/77","targetHints":{"allow":["GET"]}}],"collection":[{"href":"https:\/\/shop.xn--altmhl-bogensport-52b.de\/index.php?rest_route=\/wp\/v2\/product"}],"about":[{"href":"https:\/\/shop.xn--altmhl-bogensport-52b.de\/index.php?rest_route=\/wp\/v2\/types\/product"}],"replies":[{"embeddable":true,"href":"https:\/\/shop.xn--altmhl-bogensport-52b.de\/index.php?rest_route=%2Fwp%2Fv2%2Fcomments&post=77"}],"wp:featuredmedia":[{"embeddable":true,"href":"https:\/\/shop.xn--altmhl-bogensport-52b.de\/index.php?rest_route=\/wp\/v2\/media\/2096"}],"wp:attachment":[{"href":"https:\/\/shop.xn--altmhl-bogensport-52b.de\/index.php?rest_route=%2Fwp%2Fv2%2Fmedia&parent=77"}],"wp:term":[{"taxonomy":"product_brand","embeddable":true,"href":"https:\/\/shop.xn--altmhl-bogensport-52b.de\/index.php?rest_route=%2Fwp%2Fv2%2Fproduct_brand&post=77"},{"taxonomy":"product_cat","embeddable":true,"href":"https:\/\/shop.xn--altmhl-bogensport-52b.de\/index.php?rest_route=%2Fwp%2Fv2%2Fproduct_cat&post=77"},{"taxonomy":"product_tag","embeddable":true,"href":"https:\/\/shop.xn--altmhl-bogensport-52b.de\/index.php?rest_route=%2Fwp%2Fv2%2Fproduct_tag&post=77"}],"curies":[{"name":"wp","href":"https:\/\/api.w.org\/{rel}","templated":true}]}}