{"id":760,"date":"2021-07-31T20:07:41","date_gmt":"2021-07-31T20:07:41","guid":{"rendered":"http:\/\/shop.xn--altmhl-bogensport-52b.de\/?post_type=product&#038;p=760"},"modified":"2025-08-03T16:39:37","modified_gmt":"2025-08-03T16:39:37","slug":"bogenhuelle-take-down-deluxe-bearpaw","status":"publish","type":"product","link":"https:\/\/shop.xn--altmhl-bogensport-52b.de\/?product=bogenhuelle-take-down-deluxe-bearpaw","title":{"rendered":"Bogenh\u00fclle Take Down Deluxe Bearpaw"},"content":{"rendered":"<p>Wir hatten schon lange die Idee, eine besondere Bogenh\u00fclle zu machen.<\/p>\n<p>Unsere Deluxe Bogenh\u00fclle sch\u00fctzt jedes einzelne Teil Ihres Take Down Bogens durch ein spezielles Innenfutter perfekt gegen Besch\u00e4digungen durch harte Schl\u00e4ge. Durch die verschiedenen Griffe l\u00e4\u00dft sich die Bogenh\u00fclle auch f\u00fcr Motorrad- und Fahrradfahrer einfach transportieren. Die extra gro\u00dfe Zubeh\u00f6rtasche bietet viel Platz f\u00fcr Armschutz, Checker und Schie\u00dfhandschuh.<\/p>\n<ul>\n<li>Ma\u00dfe: Ca. 70 cm X 20 cm<\/li>\n<li>Material: schwarzes, wasserabweisendes Nylon<\/li>\n<li>Extras: Gro\u00dfe aufgesetzte Zubeh\u00f6rtasche, Trageriemen, Aufh\u00e4nger<\/li>\n<li>Verwendung: Take Down B\u00f6gen<\/li>\n<\/ul>\n<p>Lieferung ohne abgebildetes Zubeh\u00f6r.<\/p>\n","protected":false},"excerpt":{"rendered":"<h1 class=\"product--title\">Bogenh\u00fclle Take Down Deluxe<\/h1>\n","protected":false},"featured_media":761,"comment_status":"open","ping_status":"closed","template":"","meta":[],"product_brand":[],"product_cat":[33],"product_tag":[35,37,52,156,194],"class_list":{"0":"post-760","1":"product","2":"type-product","3":"status-publish","4":"has-post-thumbnail","6":"product_cat-bogenhuellen-taschen","7":"product_tag-tasche","8":"product_tag-bogenhuelle","9":"product_tag-takedown","10":"product_tag-bogentasche","11":"product_tag-deluxe","13":"first","14":"onbackorder","15":"taxable","16":"shipping-taxable","17":"purchasable","18":"product-type-simple"},"_links":{"self":[{"href":"https:\/\/shop.xn--altmhl-bogensport-52b.de\/index.php?rest_route=\/wp\/v2\/product\/760","targetHints":{"allow":["GET"]}}],"collection":[{"href":"https:\/\/shop.xn--altmhl-bogensport-52b.de\/index.php?rest_route=\/wp\/v2\/product"}],"about":[{"href":"https:\/\/shop.xn--altmhl-bogensport-52b.de\/index.php?rest_route=\/wp\/v2\/types\/product"}],"replies":[{"embeddable":true,"href":"https:\/\/shop.xn--altmhl-bogensport-52b.de\/index.php?rest_route=%2Fwp%2Fv2%2Fcomments&post=760"}],"wp:featuredmedia":[{"embeddable":true,"href":"https:\/\/shop.xn--altmhl-bogensport-52b.de\/index.php?rest_route=\/wp\/v2\/media\/761"}],"wp:attachment":[{"href":"https:\/\/shop.xn--altmhl-bogensport-52b.de\/index.php?rest_route=%2Fwp%2Fv2%2Fmedia&parent=760"}],"wp:term":[{"taxonomy":"product_brand","embeddable":true,"href":"https:\/\/shop.xn--altmhl-bogensport-52b.de\/index.php?rest_route=%2Fwp%2Fv2%2Fproduct_brand&post=760"},{"taxonomy":"product_cat","embeddable":true,"href":"https:\/\/shop.xn--altmhl-bogensport-52b.de\/index.php?rest_route=%2Fwp%2Fv2%2Fproduct_cat&post=760"},{"taxonomy":"product_tag","embeddable":true,"href":"https:\/\/shop.xn--altmhl-bogensport-52b.de\/index.php?rest_route=%2Fwp%2Fv2%2Fproduct_tag&post=760"}],"curies":[{"name":"wp","href":"https:\/\/api.w.org\/{rel}","templated":true}]}}