{"id":754,"date":"2021-07-31T19:11:53","date_gmt":"2021-07-31T19:11:53","guid":{"rendered":"http:\/\/shop.xn--altmhl-bogensport-52b.de\/?post_type=product&#038;p=754"},"modified":"2025-08-10T19:24:18","modified_gmt":"2025-08-10T19:24:18","slug":"bearpaw-sehnenhalter-standard","status":"publish","type":"product","link":"https:\/\/shop.xn--altmhl-bogensport-52b.de\/?product=bearpaw-sehnenhalter-standard","title":{"rendered":"Bearpaw Sehnenhalter Standard"},"content":{"rendered":"<p><strong>Ein n\u00fctzlicher Helfer f\u00fcr das Halten der Sehne.<\/strong><\/p>\n<p>Beim Einschieben des Bogens in eine Bogentasche oder w\u00e4hrend des Transportes rutscht die Sehne oft vom Wurfarm. Die Standh\u00f6he muss neu eingestellt werden und die Sehne ist in der Tiefe Deiner Tasche verschwunden. Das muss nicht passieren! Der Sehnenhalter ist ein sinnvolles Zubeh\u00f6r, welches das Abrutschen der Sehne am entspannten Bogen verhindert. So kannst Du Deinen Bogen entspannt transportieren und Deine Sehne bleibt dort, wo sie sein soll.<\/p>\n<p>Produktinformationen auf einen Blick:<\/p>\n<ul>\n<li>Material: Leder<\/li>\n<li>Farbe: Beige mit schwarzer Schnur<\/li>\n<li>Einsatz: An jedem Bogen zum Halten der Sehne<\/li>\n<li><strong>Verwendung<\/strong>: Das runde Lederpatch kannst Du durch das obere Sehnenohr stecken. Das obere Sehnenohr ist gr\u00f6\u00dfer als das untere. Somit entsteht der Halt. Die Kappe kannst Du auf den oberen Tip setzen. Die andere Seite der Sehne kannst Du in der Kerbe lassen.<\/li>\n<li>Tipp: Wenn Du Deinen Sehnenhalter passend f\u00fcr Deinen Bogen und Sehne eingestellt hast, kannst Du den Knoten neu setzen und die \u00fcbersch\u00fcssige Schnur einfach abschneiden.<\/li>\n<\/ul>\n<div>Du bist bereits im Besitz dieses Produktes und hast Feedback f\u00fcr uns? Wir freuen uns auf Deine Bewertung!<\/div>\n<div><\/div>\n<p>Materialfarben k\u00f6nnen leicht abweichen.<\/p>\n<p>&nbsp;<\/p>\n<table class=\"table table-sm\">\n<tbody>\n<tr class=\"attr-custom\">\n<td class=\"attr-value\"><strong>Herstellername:<\/strong><br \/>\nBEARPAW GmbH<br \/>\n<strong>Anschrift:<\/strong><br \/>\nHannebach 30, 96269 Rossach<br \/>\n<strong>Herkunftsland:<\/strong><br \/>\nDeutschland<br \/>\n<strong>Webseite:<\/strong><br \/>\nhttps:\/\/www.bearpaw-products.de\/<br \/>\n<strong>Kontakt:<\/strong><br \/>\ninfo@bearpaw-products.com<br \/>\n<strong>Marke:<\/strong><br \/>\nBearpaw Products<\/td>\n<\/tr>\n<\/tbody>\n<\/table>\n<p>&nbsp;<\/p>\n","protected":false},"excerpt":{"rendered":"<p>Sehnenhalter Standard Bearpaw<\/p>\n","protected":false},"featured_media":755,"comment_status":"open","ping_status":"closed","template":"","meta":[],"product_brand":[],"product_cat":[204,28],"product_tag":[152,30,43],"class_list":{"0":"post-754","1":"product","2":"type-product","3":"status-publish","4":"has-post-thumbnail","6":"product_cat-bogenzubehoer","7":"product_cat-sonstiges","8":"product_tag-stringkeeper","9":"product_tag-bearpaw","10":"product_tag-sehnenhalter","12":"first","13":"instock","14":"taxable","15":"shipping-taxable","16":"purchasable","17":"product-type-simple"},"_links":{"self":[{"href":"https:\/\/shop.xn--altmhl-bogensport-52b.de\/index.php?rest_route=\/wp\/v2\/product\/754","targetHints":{"allow":["GET"]}}],"collection":[{"href":"https:\/\/shop.xn--altmhl-bogensport-52b.de\/index.php?rest_route=\/wp\/v2\/product"}],"about":[{"href":"https:\/\/shop.xn--altmhl-bogensport-52b.de\/index.php?rest_route=\/wp\/v2\/types\/product"}],"replies":[{"embeddable":true,"href":"https:\/\/shop.xn--altmhl-bogensport-52b.de\/index.php?rest_route=%2Fwp%2Fv2%2Fcomments&post=754"}],"wp:featuredmedia":[{"embeddable":true,"href":"https:\/\/shop.xn--altmhl-bogensport-52b.de\/index.php?rest_route=\/wp\/v2\/media\/755"}],"wp:attachment":[{"href":"https:\/\/shop.xn--altmhl-bogensport-52b.de\/index.php?rest_route=%2Fwp%2Fv2%2Fmedia&parent=754"}],"wp:term":[{"taxonomy":"product_brand","embeddable":true,"href":"https:\/\/shop.xn--altmhl-bogensport-52b.de\/index.php?rest_route=%2Fwp%2Fv2%2Fproduct_brand&post=754"},{"taxonomy":"product_cat","embeddable":true,"href":"https:\/\/shop.xn--altmhl-bogensport-52b.de\/index.php?rest_route=%2Fwp%2Fv2%2Fproduct_cat&post=754"},{"taxonomy":"product_tag","embeddable":true,"href":"https:\/\/shop.xn--altmhl-bogensport-52b.de\/index.php?rest_route=%2Fwp%2Fv2%2Fproduct_tag&post=754"}],"curies":[{"name":"wp","href":"https:\/\/api.w.org\/{rel}","templated":true}]}}