{"id":750,"date":"2021-07-31T18:53:47","date_gmt":"2021-07-31T18:53:47","guid":{"rendered":"http:\/\/shop.xn--altmhl-bogensport-52b.de\/?post_type=product&#038;p=750"},"modified":"2025-10-30T11:50:16","modified_gmt":"2025-10-30T11:50:16","slug":"bearpaw-spannschnur-spanngurt","status":"publish","type":"product","link":"https:\/\/shop.xn--altmhl-bogensport-52b.de\/?product=bearpaw-spannschnur-spanngurt","title":{"rendered":"Bearpaw Spannschnur \/ Spanngurt"},"content":{"rendered":"<p>Der BEARPAW Spanngurt ist eigentliche eine Spannschnur. Der Spanngurt ist dazu da, um B\u00f6gen beim Aufspannen nicht zu besch\u00e4digen. Der BEARPAW Spanngurt besteht aus hochwertigem und robustem Nylon. Um ein Verrutschen am Wurfarm zu verhindern, ist die Auflagefl\u00e4che des Gurtes mit einer gummierten Fl\u00e4che \u00fcberzogen. Grunds\u00e4tzlich ist der Spanngurt etwas breiter als die herk\u00f6mmliche Spannschnur, dadurch haben wir mehr Kontrolle beim Aufspannen.<\/p>\n<p>&nbsp;<\/p>\n<p>Technische Daten des BEARPAW Spanngurtes:<\/p>\n<p>&nbsp;<\/p>\n<ul>\n<li>L\u00e4nge: 183 cm<\/li>\n<li>Schlaufe Durchmesser: 28 cm<\/li>\n<li>Breite der Wurfarmaufnahme: 5 cm<\/li>\n<\/ul>\n<p>Wir empfehlen grunds\u00e4tzlich das Spannen von B\u00f6gen nur mit einer Spannschnur vorzunehmen, um den Bogen nicht zu besch\u00e4digen. Das Spannen des Bogens ist mit einer Spannschnur zudem\u00a0viel leichter und einfacher!<\/p>\n<p>&nbsp;<\/p>\n<table class=\"table table-sm\">\n<tbody>\n<tr class=\"attr-custom\">\n<td class=\"attr-value\"><strong>Herstellername:<\/strong><br \/>\nBEARPAW GmbH<br \/>\n<strong>Anschrift:<\/strong><br \/>\nHannebach 30, 96269 Rossach<br \/>\n<strong>Herkunftsland:<\/strong><br \/>\nDeutschland<br \/>\n<strong>Webseite:<\/strong><br \/>\nhttps:\/\/www.bearpaw-products.de\/<br \/>\n<strong>Kontakt:<\/strong><br \/>\ninfo@bearpaw-products.com<br \/>\n<strong>Marke:<\/strong><br \/>\nBearpaw Products<\/td>\n<\/tr>\n<\/tbody>\n<\/table>\n","protected":false},"excerpt":{"rendered":"<p>Bearpaw Spanngurt<\/p>\n","protected":false},"featured_media":752,"comment_status":"open","ping_status":"closed","template":"","meta":[],"product_brand":[],"product_cat":[163,611,28],"product_tag":[45,151,30,44],"class_list":{"0":"post-750","1":"product","2":"type-product","3":"status-publish","4":"has-post-thumbnail","6":"product_cat-sale","7":"product_cat-spannschnuere-gurte","8":"product_cat-sonstiges","9":"product_tag-spannschnur","10":"product_tag-spanngurt","11":"product_tag-bearpaw","12":"product_tag-bowstringer","14":"first","15":"onbackorder","16":"taxable","17":"shipping-taxable","18":"purchasable","19":"product-type-simple"},"_links":{"self":[{"href":"https:\/\/shop.xn--altmhl-bogensport-52b.de\/index.php?rest_route=\/wp\/v2\/product\/750","targetHints":{"allow":["GET"]}}],"collection":[{"href":"https:\/\/shop.xn--altmhl-bogensport-52b.de\/index.php?rest_route=\/wp\/v2\/product"}],"about":[{"href":"https:\/\/shop.xn--altmhl-bogensport-52b.de\/index.php?rest_route=\/wp\/v2\/types\/product"}],"replies":[{"embeddable":true,"href":"https:\/\/shop.xn--altmhl-bogensport-52b.de\/index.php?rest_route=%2Fwp%2Fv2%2Fcomments&post=750"}],"wp:featuredmedia":[{"embeddable":true,"href":"https:\/\/shop.xn--altmhl-bogensport-52b.de\/index.php?rest_route=\/wp\/v2\/media\/752"}],"wp:attachment":[{"href":"https:\/\/shop.xn--altmhl-bogensport-52b.de\/index.php?rest_route=%2Fwp%2Fv2%2Fmedia&parent=750"}],"wp:term":[{"taxonomy":"product_brand","embeddable":true,"href":"https:\/\/shop.xn--altmhl-bogensport-52b.de\/index.php?rest_route=%2Fwp%2Fv2%2Fproduct_brand&post=750"},{"taxonomy":"product_cat","embeddable":true,"href":"https:\/\/shop.xn--altmhl-bogensport-52b.de\/index.php?rest_route=%2Fwp%2Fv2%2Fproduct_cat&post=750"},{"taxonomy":"product_tag","embeddable":true,"href":"https:\/\/shop.xn--altmhl-bogensport-52b.de\/index.php?rest_route=%2Fwp%2Fv2%2Fproduct_tag&post=750"}],"curies":[{"name":"wp","href":"https:\/\/api.w.org\/{rel}","templated":true}]}}