{"id":6116,"date":"2026-04-21T12:55:26","date_gmt":"2026-04-21T12:55:26","guid":{"rendered":"https:\/\/shop.xn--altmhl-bogensport-52b.de\/?post_type=product&#038;p=6116"},"modified":"2026-04-21T12:55:26","modified_gmt":"2026-04-21T12:55:26","slug":"waschbaer-stehend-inform3d","status":"publish","type":"product","link":"https:\/\/shop.xn--altmhl-bogensport-52b.de\/?product=waschbaer-stehend-inform3d","title":{"rendered":"Waschb\u00e4r stehend InForm3D"},"content":{"rendered":"<h2 class=\"product-addition-headline\">Beschreibung<\/h2>\n<div class=\"product-addition-content\">\n<p>Der stehende Waschb\u00e4r ist das perfekte Bogenschie\u00dfziel f\u00fcr alle Sch\u00fctzen, die eine Herausforderung suchen. Mit seiner trotzig wirkenden K\u00f6rperhaltung fordert er den Sch\u00fctzen geradezu heraus und sorgt so f\u00fcr Spannung und Spa\u00df beim \u00dcben.<\/p>\n<p>1. Ma\u00dfe (LxBxH): 270 mm x 330 mm x 460 mm<\/p>\n<p>2. Gewicht: 4 kg<\/p>\n<p>3. IFAA-Kategorie: 4<\/p>\n<p>4. WA-Kategorie: &#8211;<\/p>\n<p>5. Typus: realistisch<\/p>\n<p>6. Anzahl Killzonen: 3<\/p>\n<\/div>\n<p>&nbsp;<\/p>\n<p><strong>Herstellername:<\/strong><br \/>\nGECOM GmbH<br \/>\n<strong>Anschrift:<\/strong><br \/>\nLorenzweg 43, 39124 Magdeburg<br \/>\n<strong>Herkunftsland:<\/strong><br \/>\nDeutschland<br \/>\n<strong>Webseite:<\/strong><br \/>\nhttps:\/\/www.inform3d.de\/<br \/>\n<strong>Kontakt:<\/strong><br \/>\nn.mehlhase@inform3d.de<br \/>\n<strong>Marke:<\/strong><br \/>\nInForm3D<\/p>\n","protected":false},"excerpt":{"rendered":"<p>Beschreibung Der stehende Waschb\u00e4r ist das perfekte Bogenschie\u00dfziel f\u00fcr alle Sch\u00fctzen, die eine Herausforderung suchen. Mit seiner trotzig wirkenden K\u00f6rperhaltung fordert er den Sch\u00fctzen geradezu heraus und sorgt so f\u00fcr Spannung und Spa\u00df beim \u00dcben. 1. Ma\u00dfe (LxBxH): 270 mm x 330 mm x 460 mm 2. Gewicht: 4 kg 3. IFAA-Kategorie: 4 4. WA-Kategorie: [&hellip;]<\/p>\n","protected":false},"featured_media":6117,"comment_status":"open","ping_status":"closed","template":"","meta":[],"product_brand":[],"product_cat":[1395],"product_tag":[1141,1400,1482,1558,526],"class_list":{"0":"post-6116","1":"product","2":"type-product","3":"status-publish","4":"has-post-thumbnail","6":"product_cat-inform3d","7":"product_tag-3d-tier","8":"product_tag-inform","9":"product_tag-waschingbaer","10":"product_tag-racoon","11":"product_tag-waschbaer","13":"first","14":"instock","15":"taxable","16":"shipping-taxable","17":"purchasable","18":"product-type-simple"},"_links":{"self":[{"href":"https:\/\/shop.xn--altmhl-bogensport-52b.de\/index.php?rest_route=\/wp\/v2\/product\/6116","targetHints":{"allow":["GET"]}}],"collection":[{"href":"https:\/\/shop.xn--altmhl-bogensport-52b.de\/index.php?rest_route=\/wp\/v2\/product"}],"about":[{"href":"https:\/\/shop.xn--altmhl-bogensport-52b.de\/index.php?rest_route=\/wp\/v2\/types\/product"}],"replies":[{"embeddable":true,"href":"https:\/\/shop.xn--altmhl-bogensport-52b.de\/index.php?rest_route=%2Fwp%2Fv2%2Fcomments&post=6116"}],"wp:featuredmedia":[{"embeddable":true,"href":"https:\/\/shop.xn--altmhl-bogensport-52b.de\/index.php?rest_route=\/wp\/v2\/media\/6117"}],"wp:attachment":[{"href":"https:\/\/shop.xn--altmhl-bogensport-52b.de\/index.php?rest_route=%2Fwp%2Fv2%2Fmedia&parent=6116"}],"wp:term":[{"taxonomy":"product_brand","embeddable":true,"href":"https:\/\/shop.xn--altmhl-bogensport-52b.de\/index.php?rest_route=%2Fwp%2Fv2%2Fproduct_brand&post=6116"},{"taxonomy":"product_cat","embeddable":true,"href":"https:\/\/shop.xn--altmhl-bogensport-52b.de\/index.php?rest_route=%2Fwp%2Fv2%2Fproduct_cat&post=6116"},{"taxonomy":"product_tag","embeddable":true,"href":"https:\/\/shop.xn--altmhl-bogensport-52b.de\/index.php?rest_route=%2Fwp%2Fv2%2Fproduct_tag&post=6116"}],"curies":[{"name":"wp","href":"https:\/\/api.w.org\/{rel}","templated":true}]}}