{"id":6112,"date":"2026-04-21T12:45:11","date_gmt":"2026-04-21T12:45:11","guid":{"rendered":"https:\/\/shop.xn--altmhl-bogensport-52b.de\/?post_type=product&#038;p=6112"},"modified":"2026-04-21T12:45:11","modified_gmt":"2026-04-21T12:45:11","slug":"biene-3d-ziel-inform3d","status":"publish","type":"product","link":"https:\/\/shop.xn--altmhl-bogensport-52b.de\/?product=biene-3d-ziel-inform3d","title":{"rendered":"Biene 3D Ziel InForm3D"},"content":{"rendered":"<h2 class=\"product-addition-headline\">Beschreibung<\/h2>\n<div class=\"product-addition-content\">\n<p>Die Biene ist das kleinste Nutztier der Welt \u2013 und doch leistet sie Herausragendes! Sie sorgt f\u00fcr Vielfalt in der Natur und auf unseren Tellern, denn sie best\u00e4ubt die allermeisten Wild- und Kulturpflanzen und verhilft ihnen so zu mehr Fr\u00fcchten. Mit Honig, Bienenwachs und Gel\u00e9e royale liefert die Biene au\u00dferdem wertvolle Naturstoffe.<\/p>\n<p>Unsere Biene liefert euch zwar keinen Naturstoff, aber daf\u00fcr ein besonderes Schie\u00dferlebnis. Egal ob in Kombination mit unserem Baumstamm oder mit anderen Bienen, sie ist immer der Hingucker.<\/p>\n<p>1. Ma\u00dfe (LxBxH): 380 mm x 270 mm x 170 mm<\/p>\n<p>2. Gewicht: 1,4 kg<\/p>\n<p>3. IFAA-Kategorie: 4<\/p>\n<p>4. WA-Kategorie: 4<\/p>\n<p>5. Typus: realistisch<\/p>\n<p>6. Killzonen: 1<\/p>\n<\/div>\n<p><strong>Herstellername:<\/strong><br \/>\nGECOM GmbH<br \/>\n<strong>Anschrift:<\/strong><br \/>\nLorenzweg 43, 39124 Magdeburg<br \/>\n<strong>Herkunftsland:<\/strong><br \/>\nDeutschland<br \/>\n<strong>Webseite:<\/strong><br \/>\nhttps:\/\/www.inform3d.de\/<br \/>\n<strong>Kontakt:<\/strong><br \/>\nn.mehlhase@inform3d.de<br \/>\n<strong>Marke:<\/strong><br \/>\nInForm3D<\/p>\n","protected":false},"excerpt":{"rendered":"<p>Beschreibung Die Biene ist das kleinste Nutztier der Welt \u2013 und doch leistet sie Herausragendes! Sie sorgt f\u00fcr Vielfalt in der Natur und auf unseren Tellern, denn sie best\u00e4ubt die allermeisten Wild- und Kulturpflanzen und verhilft ihnen so zu mehr Fr\u00fcchten. Mit Honig, Bienenwachs und Gel\u00e9e royale liefert die Biene au\u00dferdem wertvolle Naturstoffe. Unsere Biene [&hellip;]<\/p>\n","protected":false},"featured_media":6113,"comment_status":"open","ping_status":"closed","template":"","meta":[],"product_brand":[],"product_cat":[631,1395],"product_tag":[177,666,1400,1557],"class_list":{"0":"post-6112","1":"product","2":"type-product","3":"status-publish","4":"has-post-thumbnail","6":"product_cat-zubehoer-kids","7":"product_cat-inform3d","8":"product_tag-3d-ziel","9":"product_tag-kat4","10":"product_tag-inform","11":"product_tag-biene","13":"first","14":"instock","15":"taxable","16":"shipping-taxable","17":"purchasable","18":"product-type-simple"},"_links":{"self":[{"href":"https:\/\/shop.xn--altmhl-bogensport-52b.de\/index.php?rest_route=\/wp\/v2\/product\/6112","targetHints":{"allow":["GET"]}}],"collection":[{"href":"https:\/\/shop.xn--altmhl-bogensport-52b.de\/index.php?rest_route=\/wp\/v2\/product"}],"about":[{"href":"https:\/\/shop.xn--altmhl-bogensport-52b.de\/index.php?rest_route=\/wp\/v2\/types\/product"}],"replies":[{"embeddable":true,"href":"https:\/\/shop.xn--altmhl-bogensport-52b.de\/index.php?rest_route=%2Fwp%2Fv2%2Fcomments&post=6112"}],"wp:featuredmedia":[{"embeddable":true,"href":"https:\/\/shop.xn--altmhl-bogensport-52b.de\/index.php?rest_route=\/wp\/v2\/media\/6113"}],"wp:attachment":[{"href":"https:\/\/shop.xn--altmhl-bogensport-52b.de\/index.php?rest_route=%2Fwp%2Fv2%2Fmedia&parent=6112"}],"wp:term":[{"taxonomy":"product_brand","embeddable":true,"href":"https:\/\/shop.xn--altmhl-bogensport-52b.de\/index.php?rest_route=%2Fwp%2Fv2%2Fproduct_brand&post=6112"},{"taxonomy":"product_cat","embeddable":true,"href":"https:\/\/shop.xn--altmhl-bogensport-52b.de\/index.php?rest_route=%2Fwp%2Fv2%2Fproduct_cat&post=6112"},{"taxonomy":"product_tag","embeddable":true,"href":"https:\/\/shop.xn--altmhl-bogensport-52b.de\/index.php?rest_route=%2Fwp%2Fv2%2Fproduct_tag&post=6112"}],"curies":[{"name":"wp","href":"https:\/\/api.w.org\/{rel}","templated":true}]}}