{"id":6079,"date":"2026-03-24T18:20:27","date_gmt":"2026-03-24T18:20:27","guid":{"rendered":"https:\/\/shop.xn--altmhl-bogensport-52b.de\/?post_type=product&#038;p=6079"},"modified":"2026-03-24T18:23:10","modified_gmt":"2026-03-24T18:23:10","slug":"armschutz-indigo-baumwolle-leder-bybeier","status":"publish","type":"product","link":"https:\/\/shop.xn--altmhl-bogensport-52b.de\/?product=armschutz-indigo-baumwolle-leder-bybeier","title":{"rendered":"Armschutz Indigo Baumwolle &#038; Leder ByBeier"},"content":{"rendered":"<div class=\"product--description\">\n<h2>Armschutz Indigo Baumwolle &amp; Leder<\/h2>\n<p>Der\u00a0<em><strong>Armschutz<\/strong>\u00a0<\/em>Indigo f\u00fcr alle Bogensch\u00fctzen mit Geschmack.<\/p>\n<p>Der\u00a0<em>Armschutz<\/em>\u00a0passt perfekt zum\u00a0Schie\u00dfhandschuh Indigo, R\u00fcckenk\u00f6cher Indigo oder auch zum Seitenk\u00f6cher Indigo.<\/p>\n<p>Die Materialkombination spricht f\u00fcr stylische Funktionalit\u00e4t:<\/p>\n<ul>\n<li>Wasserabweisende Baumwolle<\/li>\n<li>Das feine Leder und der Gummizug sorgen f\u00fcr besten Tragekomfort beim Bogenschie\u00dfen.<\/li>\n<\/ul>\n<p>Gr\u00f6\u00dfe: ca. 17cm x 17cm<\/p>\n<\/div>\n<p>&nbsp;<\/p>\n<table class=\"table table-sm\">\n<tbody>\n<tr class=\"attr-custom\">\n<td class=\"attr-value\"><strong>Herstellername:<\/strong><br \/>\nBeier Distribution GmbH<br \/>\n<strong>Anschrift:<\/strong><br \/>\nPyramidenweg 20, 96253 Untersiemau<br \/>\n<strong>Herkunftsland:<\/strong><br \/>\nDeutschland<br \/>\n<strong>Webseite:<\/strong><br \/>\nhttps:\/\/www.bogensport-beier.de\/<br \/>\n<strong>Kontakt:<\/strong><br \/>\ncontact@bogensport-beier.de<br \/>\n<strong>Marke:<\/strong><br \/>\nBeier<\/td>\n<\/tr>\n<\/tbody>\n<\/table>\n","protected":false},"excerpt":{"rendered":"<p>Armschutz Black byBeier<\/p>\n","protected":false},"featured_media":6080,"comment_status":"open","ping_status":"closed","template":"","meta":[],"product_brand":[],"product_cat":[40],"product_tag":[41,59,263,593,594,632],"class_list":{"0":"post-6079","1":"product","2":"type-product","3":"status-publish","4":"has-post-thumbnail","6":"product_cat-armschutz","7":"product_tag-armschutz","8":"product_tag-leder","9":"product_tag-black","10":"product_tag-baumwolle","11":"product_tag-bybeier","12":"product_tag-blau","14":"first","15":"instock","16":"taxable","17":"shipping-taxable","18":"purchasable","19":"product-type-simple"},"_links":{"self":[{"href":"https:\/\/shop.xn--altmhl-bogensport-52b.de\/index.php?rest_route=\/wp\/v2\/product\/6079","targetHints":{"allow":["GET"]}}],"collection":[{"href":"https:\/\/shop.xn--altmhl-bogensport-52b.de\/index.php?rest_route=\/wp\/v2\/product"}],"about":[{"href":"https:\/\/shop.xn--altmhl-bogensport-52b.de\/index.php?rest_route=\/wp\/v2\/types\/product"}],"replies":[{"embeddable":true,"href":"https:\/\/shop.xn--altmhl-bogensport-52b.de\/index.php?rest_route=%2Fwp%2Fv2%2Fcomments&post=6079"}],"wp:featuredmedia":[{"embeddable":true,"href":"https:\/\/shop.xn--altmhl-bogensport-52b.de\/index.php?rest_route=\/wp\/v2\/media\/6080"}],"wp:attachment":[{"href":"https:\/\/shop.xn--altmhl-bogensport-52b.de\/index.php?rest_route=%2Fwp%2Fv2%2Fmedia&parent=6079"}],"wp:term":[{"taxonomy":"product_brand","embeddable":true,"href":"https:\/\/shop.xn--altmhl-bogensport-52b.de\/index.php?rest_route=%2Fwp%2Fv2%2Fproduct_brand&post=6079"},{"taxonomy":"product_cat","embeddable":true,"href":"https:\/\/shop.xn--altmhl-bogensport-52b.de\/index.php?rest_route=%2Fwp%2Fv2%2Fproduct_cat&post=6079"},{"taxonomy":"product_tag","embeddable":true,"href":"https:\/\/shop.xn--altmhl-bogensport-52b.de\/index.php?rest_route=%2Fwp%2Fv2%2Fproduct_tag&post=6079"}],"curies":[{"name":"wp","href":"https:\/\/api.w.org\/{rel}","templated":true}]}}