{"id":6038,"date":"2026-01-31T18:07:03","date_gmt":"2026-01-31T18:07:03","guid":{"rendered":"https:\/\/shop.xn--altmhl-bogensport-52b.de\/?post_type=product&#038;p=6038"},"modified":"2026-03-05T06:43:30","modified_gmt":"2026-03-05T06:43:30","slug":"thermositzkissen-faltbar-mit-molle-tasche-oliv-oder-schwarz","status":"publish","type":"product","link":"https:\/\/shop.xn--altmhl-bogensport-52b.de\/?product=thermositzkissen-faltbar-mit-molle-tasche-oliv-oder-schwarz","title":{"rendered":"Thermositzkissen, faltbar, mit Molle-Tasche, oliv oder schwarz"},"content":{"rendered":"<p><span style=\"font-size: small;\">Die rutschhemmende Unterlage besteht aus robustem Spezialschaumstoff.<\/span><\/p>\n<p><span style=\"font-size: small;\"> Das <\/span><span style=\"font-size: small;\">Material hat gor\u00dfartige Isolationseigenschaften und kann daher sehr d\u00fcnn sein.<\/span><\/p>\n<p><span style=\"font-size: small;\"> So ist <\/span><span style=\"font-size: small;\">das Packma\u00df klein und\u00a0das Gear sehr leicht.<\/span><\/p>\n<p>Durch die mitgelieferte Tasche kann die Sitzmatte dank Molleschlaufen am G\u00fcrtel oder Rucksack befestigt werden und bietet einen schnellen Zugriff.<\/p>\n<p><span style=\"font-size: small;\">Sitzfl\u00e4che ca. 380 x 280 x 6 mm (LxBxH)<\/span><\/p>\n<p><span style=\"font-size: small;\">Packma\u00df ca. 140 x 95 x 55 mm<\/span><\/p>\n<p><span style=\"font-size: small;\">Material: 100 % Polypropylen &#8211; XPE<\/span><\/p>\n<p><span style=\"font-size: small;\">Material der Tasche: 100% Polyester<\/span><\/p>\n<h4><\/h4>\n<p><span style=\"font-size: small;\">Gewicht mit Tasche ca. 75 g<\/span><\/p>\n<p>Hersteller: Max Fuchs AG, Industriestr. 1, D &#8211; 94078 Freyung, info@max-fuchs.de<\/p>\n","protected":false},"excerpt":{"rendered":"<p>Die rutschhemmende Unterlage besteht aus robustem Spezialschaumstoff. Das Material hat gor\u00dfartige Isolationseigenschaften und kann daher sehr d\u00fcnn sein. So ist das Packma\u00df klein und\u00a0das Gear sehr leicht. Durch die mitgelieferte Tasche kann die Sitzmatte dank Molleschlaufen am G\u00fcrtel oder Rucksack befestigt werden und bietet einen schnellen Zugriff. Sitzfl\u00e4che ca. 380 x 280 x 6 mm [&hellip;]<\/p>\n","protected":false},"featured_media":6039,"comment_status":"open","ping_status":"closed","template":"","meta":[],"product_brand":[],"product_cat":[462,726,1533],"product_tag":[1547,1548,881,882,883,939],"class_list":{"0":"post-6038","1":"product","2":"type-product","3":"status-publish","4":"has-post-thumbnail","6":"product_cat-guerteltaschen-taschen","7":"product_cat-lagerleben","8":"product_cat-waerme","9":"product_tag-sitzmatte","10":"product_tag-kaelteschutz","11":"product_tag-sitzkissen","12":"product_tag-thermokissen","13":"product_tag-oliv","14":"product_tag-molle","16":"first","17":"instock","18":"taxable","19":"shipping-taxable","20":"purchasable","21":"product-type-variable"},"_links":{"self":[{"href":"https:\/\/shop.xn--altmhl-bogensport-52b.de\/index.php?rest_route=\/wp\/v2\/product\/6038","targetHints":{"allow":["GET"]}}],"collection":[{"href":"https:\/\/shop.xn--altmhl-bogensport-52b.de\/index.php?rest_route=\/wp\/v2\/product"}],"about":[{"href":"https:\/\/shop.xn--altmhl-bogensport-52b.de\/index.php?rest_route=\/wp\/v2\/types\/product"}],"replies":[{"embeddable":true,"href":"https:\/\/shop.xn--altmhl-bogensport-52b.de\/index.php?rest_route=%2Fwp%2Fv2%2Fcomments&post=6038"}],"wp:featuredmedia":[{"embeddable":true,"href":"https:\/\/shop.xn--altmhl-bogensport-52b.de\/index.php?rest_route=\/wp\/v2\/media\/6039"}],"wp:attachment":[{"href":"https:\/\/shop.xn--altmhl-bogensport-52b.de\/index.php?rest_route=%2Fwp%2Fv2%2Fmedia&parent=6038"}],"wp:term":[{"taxonomy":"product_brand","embeddable":true,"href":"https:\/\/shop.xn--altmhl-bogensport-52b.de\/index.php?rest_route=%2Fwp%2Fv2%2Fproduct_brand&post=6038"},{"taxonomy":"product_cat","embeddable":true,"href":"https:\/\/shop.xn--altmhl-bogensport-52b.de\/index.php?rest_route=%2Fwp%2Fv2%2Fproduct_cat&post=6038"},{"taxonomy":"product_tag","embeddable":true,"href":"https:\/\/shop.xn--altmhl-bogensport-52b.de\/index.php?rest_route=%2Fwp%2Fv2%2Fproduct_tag&post=6038"}],"curies":[{"name":"wp","href":"https:\/\/api.w.org\/{rel}","templated":true}]}}