{"id":6004,"date":"2026-01-27T18:03:16","date_gmt":"2026-01-27T18:03:16","guid":{"rendered":"https:\/\/shop.xn--altmhl-bogensport-52b.de\/?post_type=product&#038;p=6004"},"modified":"2026-01-27T18:04:45","modified_gmt":"2026-01-27T18:04:45","slug":"feuerstarter-professional-magnesium","status":"publish","type":"product","link":"https:\/\/shop.xn--altmhl-bogensport-52b.de\/?product=feuerstarter-professional-magnesium","title":{"rendered":"Feuerstarter, &#8220;Professional&#8221;, Magnesium"},"content":{"rendered":"<p>Um schnell ein Feuer zu machen ben\u00f6tigt man z.B. einen Magnesium Feuerstarter, passt in jede Tasche oder Rucksack . und ist weitestgehend Wetterunabh\u00e4ngig.<\/p>\n<p>Dieses Modell beinhaltet den integrierten Feuerstahl und einen Schaber, alternativ k\u00f6nnen die Funken auch mit einem Messer erzeugt werden.<br \/>\n2-tlg. mit Kette<br \/>\nMa\u00dfe: ca. 7,5 x 3 x 1 cm<\/p>\n<p>Zusammensetzung Feuerstahl:<br \/>\nLanthan, Cerium, Kupfer, Eisen, Zink, Magnesium<\/p>\n<p>Der Trockenbrennstoff von Firedragon l\u00e4sst sich damit sehr leicht entz\u00fcnden.<\/p>\n<p><strong>Herstellername:<\/strong><br \/>\nMax Fuchs AG<br \/>\n<strong>Anschrift:<\/strong><br \/>\nIndustriestrasse 1, 94078 Freyung<br \/>\n<strong>Herkunftsland:<\/strong><br \/>\nDeutschland<br \/>\n<strong>Webseite:<\/strong><br \/>\nhttps:\/\/max-fuchs.de\/<br \/>\n<strong>Kontakt:<\/strong><br \/>\ninfo@max-fuchs.de<br \/>\n<strong>Marke:<\/strong><br \/>\nMFH<\/p>\n","protected":false},"excerpt":{"rendered":"<p>Um schnell ein Feuer zu machen ben\u00f6tigt man z.B. einen Magnesium Feuerstarter, passt in jede Tasche oder Rucksack . und ist weitestgehend Wetterunabh\u00e4ngig. Dieses Modell beinhaltet den integrierten Feuerstahl und einen Schaber, alternativ k\u00f6nnen die Funken auch mit einem Messer erzeugt werden. 2-tlg. mit Kette Ma\u00dfe: ca. 7,5 x 3 x 1 cm Zusammensetzung Feuerstahl: [&hellip;]<\/p>\n","protected":false},"featured_media":6005,"comment_status":"open","ping_status":"closed","template":"","meta":[],"product_brand":[],"product_cat":[1533,15,460,546,558,583],"product_tag":[1410,1534,1535,469,539,551,1041],"class_list":{"0":"post-6004","1":"product","2":"type-product","3":"status-publish","4":"has-post-thumbnail","6":"product_cat-waerme","7":"product_cat-unkategorisiert","8":"product_cat-outdoor-bushcraft","9":"product_cat-survival","10":"product_cat-kuechen-kochen","11":"product_cat-licht-feuer","12":"product_tag-feuerstarter","13":"product_tag-kochen","14":"product_tag-firestarter","15":"product_tag-mfh","16":"product_tag-bushcraft","17":"product_tag-outdoor","18":"product_tag-lagerfeuer","20":"first","21":"instock","22":"sale","23":"taxable","24":"shipping-taxable","25":"purchasable","26":"product-type-simple"},"_links":{"self":[{"href":"https:\/\/shop.xn--altmhl-bogensport-52b.de\/index.php?rest_route=\/wp\/v2\/product\/6004","targetHints":{"allow":["GET"]}}],"collection":[{"href":"https:\/\/shop.xn--altmhl-bogensport-52b.de\/index.php?rest_route=\/wp\/v2\/product"}],"about":[{"href":"https:\/\/shop.xn--altmhl-bogensport-52b.de\/index.php?rest_route=\/wp\/v2\/types\/product"}],"replies":[{"embeddable":true,"href":"https:\/\/shop.xn--altmhl-bogensport-52b.de\/index.php?rest_route=%2Fwp%2Fv2%2Fcomments&post=6004"}],"wp:featuredmedia":[{"embeddable":true,"href":"https:\/\/shop.xn--altmhl-bogensport-52b.de\/index.php?rest_route=\/wp\/v2\/media\/6005"}],"wp:attachment":[{"href":"https:\/\/shop.xn--altmhl-bogensport-52b.de\/index.php?rest_route=%2Fwp%2Fv2%2Fmedia&parent=6004"}],"wp:term":[{"taxonomy":"product_brand","embeddable":true,"href":"https:\/\/shop.xn--altmhl-bogensport-52b.de\/index.php?rest_route=%2Fwp%2Fv2%2Fproduct_brand&post=6004"},{"taxonomy":"product_cat","embeddable":true,"href":"https:\/\/shop.xn--altmhl-bogensport-52b.de\/index.php?rest_route=%2Fwp%2Fv2%2Fproduct_cat&post=6004"},{"taxonomy":"product_tag","embeddable":true,"href":"https:\/\/shop.xn--altmhl-bogensport-52b.de\/index.php?rest_route=%2Fwp%2Fv2%2Fproduct_tag&post=6004"}],"curies":[{"name":"wp","href":"https:\/\/api.w.org\/{rel}","templated":true}]}}