{"id":6001,"date":"2026-01-27T17:50:38","date_gmt":"2026-01-27T17:50:38","guid":{"rendered":"https:\/\/shop.xn--altmhl-bogensport-52b.de\/?post_type=product&#038;p=6001"},"modified":"2026-01-27T17:50:38","modified_gmt":"2026-01-27T17:50:38","slug":"firedragon-brennstoff-162-g-6-block-a-27-g-2","status":"publish","type":"product","link":"https:\/\/shop.xn--altmhl-bogensport-52b.de\/?product=firedragon-brennstoff-162-g-6-block-a-27-g-2","title":{"rendered":"FIREDRAGON Brennstoff, 162 g (6 Block \u00e0 27 g)"},"content":{"rendered":"<p>Das Ideale Material f\u00fcr den bekannten Klappkocher.<\/p>\n<p>schadstofffrei, geruchsneutral, umweltfreundlich<br \/>\nsaubere, ru\u00dfarme Verbrennung<br \/>\nportionierbar<br \/>\nschnell und einfach entflammbar<br \/>\nbrennt bei allen Wetterverh\u00e4ltnissen<br \/>\ndient auch als antibakterieller Handreiniger<br \/>\nBlock verfl\u00fcssigt sich beim Verbrennen, daher empfiehlt sich eine Unterlage \/ Schale \/ Sch\u00fcssel etc.<\/p>\n<p>Brenndauer Einzelblock: ca. 8 min, ein Windschutz erh\u00f6ht die Dauer.<\/p>\n<p>Blockma\u00dfe: ca. 5,5 x 2,5 x 2,5 cm<\/p>\n<p>Material:<br \/>\ndenaturiertes Ethanol<\/p>\n<p>Zusammen mit dem Firedragon Klappkocher sind sie gut aufgestellt.<\/p>\n<p>&nbsp;<\/p>\n<p><strong>Herstellername:<\/strong><br \/>\nMax Fuchs AG<br \/>\n<strong>Anschrift:<\/strong><br \/>\nIndustriestrasse 1, 94078 Freyung<br \/>\n<strong>Herkunftsland:<\/strong><br \/>\nDeutschland<br \/>\n<strong>Webseite:<\/strong><br \/>\nhttps:\/\/max-fuchs.de\/<br \/>\n<strong>Kontakt:<\/strong><br \/>\ninfo@max-fuchs.de<br \/>\n<strong>Marke:<\/strong><br \/>\nMFH<\/p>\n","protected":false},"excerpt":{"rendered":"<p>Das Ideale Material f\u00fcr den bekannten Klappkocher. schadstofffrei, geruchsneutral, umweltfreundlich saubere, ru\u00dfarme Verbrennung portionierbar schnell und einfach entflammbar brennt bei allen Wetterverh\u00e4ltnissen dient auch als antibakterieller Handreiniger Block verfl\u00fcssigt sich beim Verbrennen, daher empfiehlt sich eine Unterlage \/ Schale \/ Sch\u00fcssel etc. Brenndauer Einzelblock: ca. 8 min, ein Windschutz erh\u00f6ht die Dauer. Blockma\u00dfe: ca. 5,5 [&hellip;]<\/p>\n","protected":false},"featured_media":6002,"comment_status":"open","ping_status":"closed","template":"","meta":[],"product_brand":[],"product_cat":[558,583,1533,546],"product_tag":[551,555,560,561,567,1283,1534],"class_list":{"0":"post-6001","1":"product","2":"type-product","3":"status-publish","4":"has-post-thumbnail","6":"product_cat-kuechen-kochen","7":"product_cat-licht-feuer","8":"product_cat-waerme","9":"product_cat-survival","10":"product_tag-outdoor","11":"product_tag-notfall","12":"product_tag-kueche","13":"product_tag-brennstoff","14":"product_tag-trockenbrennstoff","15":"product_tag-krise","16":"product_tag-kochen","18":"first","19":"instock","20":"taxable","21":"shipping-taxable","22":"purchasable","23":"product-type-simple"},"_links":{"self":[{"href":"https:\/\/shop.xn--altmhl-bogensport-52b.de\/index.php?rest_route=\/wp\/v2\/product\/6001","targetHints":{"allow":["GET"]}}],"collection":[{"href":"https:\/\/shop.xn--altmhl-bogensport-52b.de\/index.php?rest_route=\/wp\/v2\/product"}],"about":[{"href":"https:\/\/shop.xn--altmhl-bogensport-52b.de\/index.php?rest_route=\/wp\/v2\/types\/product"}],"replies":[{"embeddable":true,"href":"https:\/\/shop.xn--altmhl-bogensport-52b.de\/index.php?rest_route=%2Fwp%2Fv2%2Fcomments&post=6001"}],"wp:featuredmedia":[{"embeddable":true,"href":"https:\/\/shop.xn--altmhl-bogensport-52b.de\/index.php?rest_route=\/wp\/v2\/media\/6002"}],"wp:attachment":[{"href":"https:\/\/shop.xn--altmhl-bogensport-52b.de\/index.php?rest_route=%2Fwp%2Fv2%2Fmedia&parent=6001"}],"wp:term":[{"taxonomy":"product_brand","embeddable":true,"href":"https:\/\/shop.xn--altmhl-bogensport-52b.de\/index.php?rest_route=%2Fwp%2Fv2%2Fproduct_brand&post=6001"},{"taxonomy":"product_cat","embeddable":true,"href":"https:\/\/shop.xn--altmhl-bogensport-52b.de\/index.php?rest_route=%2Fwp%2Fv2%2Fproduct_cat&post=6001"},{"taxonomy":"product_tag","embeddable":true,"href":"https:\/\/shop.xn--altmhl-bogensport-52b.de\/index.php?rest_route=%2Fwp%2Fv2%2Fproduct_tag&post=6001"}],"curies":[{"name":"wp","href":"https:\/\/api.w.org\/{rel}","templated":true}]}}