{"id":5976,"date":"2026-01-21T17:29:34","date_gmt":"2026-01-21T17:29:34","guid":{"rendered":"https:\/\/shop.xn--altmhl-bogensport-52b.de\/?post_type=product&#038;p=5976"},"modified":"2026-01-29T15:38:36","modified_gmt":"2026-01-29T15:38:36","slug":"shocq-carbonpfeil-inceptor-4-2-mit-fletchen-spine-1000-einsteigerpfeil","status":"publish","type":"product","link":"https:\/\/shop.xn--altmhl-bogensport-52b.de\/?product=shocq-carbonpfeil-inceptor-4-2-mit-fletchen-spine-1000-einsteigerpfeil","title":{"rendered":"Shocq Carbonpfeil Inceptor 4.2 mit Fletchen Spine 1000 &#8211; Einsteigerpfeil"},"content":{"rendered":"<p>Der <em><strong>Shocq Inceptor Carbonpfeil\u00a0<\/strong><\/em>mit einer Grundl\u00e4nge von 32 Zoll und 3 Plastikfletchen.<\/p>\n<p>Klebespitze mit 80 gr liegt lose bei, somit k\u00f6nnt ihr Euren Pfeil selbst auf Eure L\u00e4nge schneiden und die Spitze einkleben.<\/p>\n<p>Dieser\u00a0<em>Carbonpfeil\u00a0<\/em>\u00fcberzeugt durch sein hervorragendes Preis-Leistungs-Verh\u00e4ltnis als auch robusten Material.<\/p>\n<p>Der\u00a0<em>Carbonpfeil\u00a0<\/em>wird mit Pin &#8211; Nocke und Spitze ausgeliefert.<\/p>\n<p>Die Farbe der Fletchen sind gelb-weis-weis.<\/p>\n<p>Der Pfeilschaft ist in gr\u00fcn, weis oder orange beschichtet.<\/p>\n<p>Spinewert 1000<\/p>\n<p>Innendurchmesser: 4,2 mm Geradheit: +\/- 0.006&#8243; Pfeill\u00e4nge: 32 Zoll<\/p>\n<p>M\u00f6chtet Ihr, das wir den Pfeil f\u00fcr euch k\u00fcrzen ( bitte Schaftl\u00e4nge angeben ) und die Spitze einkleben, teilt uns dies bitte mit.<\/p>\n<table class=\"table table-sm\">\n<tbody>\n<tr class=\"attr-custom\">\n<td><b>Verantwortliche Person<\/b>:<\/td>\n<td class=\"attr-value\"><strong>verantwortliche Person:<\/strong><br \/>\nJVD Group B.V.<br \/>\n<strong>Anschrift:<\/strong><br \/>\nLooier 9, 5253 RA Nieuwkuijk<br \/>\n<strong>Herkunftsland:<\/strong><br \/>\nNiederlande<br \/>\n<strong>Kontakt:<\/strong><br \/>\ncontact@jvd-group.com<\/td>\n<\/tr>\n<\/tbody>\n<\/table>\n","protected":false},"excerpt":{"rendered":"<p>Der Shocq Inceptor Carbonpfeil\u00a0mit einer Grundl\u00e4nge von 32 Zoll und 3 Plastikfletchen. Klebespitze mit 80 gr liegt lose bei, somit k\u00f6nnt ihr Euren Pfeil selbst auf Eure L\u00e4nge schneiden und die Spitze einkleben. Dieser\u00a0Carbonpfeil\u00a0\u00fcberzeugt durch sein hervorragendes Preis-Leistungs-Verh\u00e4ltnis als auch robusten Material. Der\u00a0Carbonpfeil\u00a0wird mit Pin &#8211; Nocke und Spitze ausgeliefert. Die Farbe der Fletchen sind [&hellip;]<\/p>\n","protected":false},"featured_media":5977,"comment_status":"open","ping_status":"closed","template":"","meta":[],"product_brand":[],"product_cat":[804,805,86],"product_tag":[945,1013,1061,1456,1531],"class_list":{"0":"post-5976","1":"product","2":"type-product","3":"status-publish","4":"has-post-thumbnail","6":"product_cat-standard-carbonpfeil","7":"product_cat-kinderpfeile","8":"product_cat-carbonpfeil","9":"product_tag-komplettpfeil","10":"product_tag-carbonpfeil","11":"product_tag-einsteiger","12":"product_tag-shocq","13":"product_tag-inceptor","15":"first","16":"instock","17":"taxable","18":"shipping-taxable","19":"purchasable","20":"product-type-variable"},"_links":{"self":[{"href":"https:\/\/shop.xn--altmhl-bogensport-52b.de\/index.php?rest_route=\/wp\/v2\/product\/5976","targetHints":{"allow":["GET"]}}],"collection":[{"href":"https:\/\/shop.xn--altmhl-bogensport-52b.de\/index.php?rest_route=\/wp\/v2\/product"}],"about":[{"href":"https:\/\/shop.xn--altmhl-bogensport-52b.de\/index.php?rest_route=\/wp\/v2\/types\/product"}],"replies":[{"embeddable":true,"href":"https:\/\/shop.xn--altmhl-bogensport-52b.de\/index.php?rest_route=%2Fwp%2Fv2%2Fcomments&post=5976"}],"wp:featuredmedia":[{"embeddable":true,"href":"https:\/\/shop.xn--altmhl-bogensport-52b.de\/index.php?rest_route=\/wp\/v2\/media\/5977"}],"wp:attachment":[{"href":"https:\/\/shop.xn--altmhl-bogensport-52b.de\/index.php?rest_route=%2Fwp%2Fv2%2Fmedia&parent=5976"}],"wp:term":[{"taxonomy":"product_brand","embeddable":true,"href":"https:\/\/shop.xn--altmhl-bogensport-52b.de\/index.php?rest_route=%2Fwp%2Fv2%2Fproduct_brand&post=5976"},{"taxonomy":"product_cat","embeddable":true,"href":"https:\/\/shop.xn--altmhl-bogensport-52b.de\/index.php?rest_route=%2Fwp%2Fv2%2Fproduct_cat&post=5976"},{"taxonomy":"product_tag","embeddable":true,"href":"https:\/\/shop.xn--altmhl-bogensport-52b.de\/index.php?rest_route=%2Fwp%2Fv2%2Fproduct_tag&post=5976"}],"curies":[{"name":"wp","href":"https:\/\/api.w.org\/{rel}","templated":true}]}}