{"id":5937,"date":"2025-11-13T10:03:04","date_gmt":"2025-11-13T10:03:04","guid":{"rendered":"https:\/\/shop.xn--altmhl-bogensport-52b.de\/?post_type=product&#038;p=5937"},"modified":"2025-11-13T10:03:05","modified_gmt":"2025-11-13T10:03:05","slug":"shocq-fletching-jig-befiederungsgeraet","status":"publish","type":"product","link":"https:\/\/shop.xn--altmhl-bogensport-52b.de\/?product=shocq-fletching-jig-befiederungsgeraet","title":{"rendered":"SHOCQ Fletching Jig &#8211; Befiederungsger\u00e4t"},"content":{"rendered":"<p><strong>SHOCQ Fletching Jig &#8211; Befiederungsger\u00e4t<\/strong><\/p>\n<p>Das Shocq Fletching Jig ist ein unverzichtbares Werkzeug f\u00fcr Bogensch\u00fctzen, die ihre Pfeile selbst befiedern m\u00f6chten. Es wurde f\u00fcr eine pr\u00e4zise und konstante Federplatzierung entwickelt, was eine optimale Flugbahn der Pfeile sicherstellt.<\/p>\n<p><strong>Eigenschaften:<\/strong><\/p>\n<ul>\n<li>Vielseitige Befiederungsmuster: Das Ger\u00e4t erm\u00f6glicht die Befiederung mit 3 oder 4 Federn in gerader, Offset- oder Helical-Konfiguration.<\/li>\n<li>Pr\u00e4zise Einstellung: Dank eines verstellbaren Index-Drehrades mit Laserskala kann\u00a0der Winkel f\u00fcr jede Feder exakt und wiederholbar eingestellt werden.<\/li>\n<li>Magnetische Klemme: Die Klammer h\u00e4lt die Feder sicher und stabil am Pfeilschaft, was ein Verrutschen w\u00e4hrend des Klebevorgangs verhindert.<\/li>\n<li>Robuste Konstruktion: Das Jig besteht aus verst\u00e4rktem Polymer und eloxiertem Aluminium, was es langlebig und stabil macht.<\/li>\n<li>Benutzerfreundlich: Das Design ist sowohl f\u00fcr Anf\u00e4nger als auch f\u00fcr erfahrene Sch\u00fctzen geeignet und beinhaltet eine Bedienungsanleitung.<\/li>\n<\/ul>\n<p>&nbsp;<\/p>\n<p><strong>Technische Daten:<\/strong><br \/>\nMaterial: Verst\u00e4rktes Polymer und eloxiertes Aluminium<br \/>\nBefiederungsoptionen: 3- oder 4-Federn, gerade, Offset, Helical<br \/>\nGewicht: ca. 0,4 kg<\/p>\n<p>&nbsp;<\/p>\n<p><strong>Lieferumfang:<\/strong><br \/>\n1x Shocq Fletching Jig<br \/>\n1x Bedienungsanleitung<\/p>\n","protected":false},"excerpt":{"rendered":"<p>SHOCQ Fletching Jig &#8211; Befiederungsger\u00e4t Das Shocq Fletching Jig ist ein unverzichtbares Werkzeug f\u00fcr Bogensch\u00fctzen, die ihre Pfeile selbst befiedern m\u00f6chten. Es wurde f\u00fcr eine pr\u00e4zise und konstante Federplatzierung entwickelt, was eine optimale Flugbahn der Pfeile sicherstellt. Eigenschaften: Vielseitige Befiederungsmuster: Das Ger\u00e4t erm\u00f6glicht die Befiederung mit 3 oder 4 Federn in gerader, Offset- oder Helical-Konfiguration. [&hellip;]<\/p>\n","protected":false},"featured_media":5938,"comment_status":"open","ping_status":"closed","template":"","meta":[],"product_brand":[],"product_cat":[188,192],"product_tag":[193,1456,1529,1530],"class_list":{"0":"post-5937","1":"product","2":"type-product","3":"status-publish","4":"has-post-thumbnail","6":"product_cat-kleber","7":"product_cat-werkzeug","8":"product_tag-befiederungsgeraet","9":"product_tag-shocq","10":"product_tag-fletching","11":"product_tag-jig","13":"first","14":"instock","15":"taxable","16":"shipping-taxable","17":"purchasable","18":"product-type-simple"},"_links":{"self":[{"href":"https:\/\/shop.xn--altmhl-bogensport-52b.de\/index.php?rest_route=\/wp\/v2\/product\/5937","targetHints":{"allow":["GET"]}}],"collection":[{"href":"https:\/\/shop.xn--altmhl-bogensport-52b.de\/index.php?rest_route=\/wp\/v2\/product"}],"about":[{"href":"https:\/\/shop.xn--altmhl-bogensport-52b.de\/index.php?rest_route=\/wp\/v2\/types\/product"}],"replies":[{"embeddable":true,"href":"https:\/\/shop.xn--altmhl-bogensport-52b.de\/index.php?rest_route=%2Fwp%2Fv2%2Fcomments&post=5937"}],"wp:featuredmedia":[{"embeddable":true,"href":"https:\/\/shop.xn--altmhl-bogensport-52b.de\/index.php?rest_route=\/wp\/v2\/media\/5938"}],"wp:attachment":[{"href":"https:\/\/shop.xn--altmhl-bogensport-52b.de\/index.php?rest_route=%2Fwp%2Fv2%2Fmedia&parent=5937"}],"wp:term":[{"taxonomy":"product_brand","embeddable":true,"href":"https:\/\/shop.xn--altmhl-bogensport-52b.de\/index.php?rest_route=%2Fwp%2Fv2%2Fproduct_brand&post=5937"},{"taxonomy":"product_cat","embeddable":true,"href":"https:\/\/shop.xn--altmhl-bogensport-52b.de\/index.php?rest_route=%2Fwp%2Fv2%2Fproduct_cat&post=5937"},{"taxonomy":"product_tag","embeddable":true,"href":"https:\/\/shop.xn--altmhl-bogensport-52b.de\/index.php?rest_route=%2Fwp%2Fv2%2Fproduct_tag&post=5937"}],"curies":[{"name":"wp","href":"https:\/\/api.w.org\/{rel}","templated":true}]}}