{"id":5926,"date":"2025-11-11T17:46:37","date_gmt":"2025-11-11T17:46:37","guid":{"rendered":"https:\/\/shop.xn--altmhl-bogensport-52b.de\/?post_type=product&#038;p=5926"},"modified":"2025-11-11T17:48:46","modified_gmt":"2025-11-11T17:48:46","slug":"trinkrucksack-extrem-25-liter-mit-tpu-beutel-m05-tarn","status":"publish","type":"product","link":"https:\/\/shop.xn--altmhl-bogensport-52b.de\/?product=trinkrucksack-extrem-25-liter-mit-tpu-beutel-m05-tarn","title":{"rendered":"Trinkrucksack Extrem 2,5 Liter mit TPU-Beutel, M05 Tarn"},"content":{"rendered":"<p>Der Trinkrucksack Extrem 2,5 Liter mit TPU-Beutel von MFH ist perfekt dazu geeignet, um dir unterwegs deine Wasserversorgung zu erm\u00f6glichen, ohne Pausen zu machen \u2013 und das auch noch freih\u00e4ndig. So sind alle deine Unternehmungen in Freizeit und Sport aber auch bei Eins\u00e4tzen und Missionen in punkto Hydration abgesichert. Der Trinkrucksack verf\u00fcgt \u00fcber verstellbare Schultergurte mit D-Ringen, einen strukturierten, gepolsterten R\u00fcckenbereich und einen Brustgurt, der den Rucksack gegen Verrutschen bei deinen Aktionen sichert.<\/p>\n<p>Je ein Tragegriff vorne und oben erleichtern dir Transport und Bef\u00fcllung. Mehrere D-Ringe erm\u00f6glichen eine Befestigung an Ausr\u00fcstung, Gep\u00e4ck oder Westen. Die Trinkblase hat ein Fassungsverm\u00f6gen von 2,5 Litern und eine auslaufsichere Bef\u00fcll-\u00d6ffnung. Der ummantelte Schlauch und das Mundst\u00fcck mit Schutzkappe sind f\u00fcr Reinigung und Austausch abnehmbar. Alle Teile dieses Trinksystems sind lebensmittelecht und gew\u00e4hren dir ein geschmacksneutrales Trinkerlebnis.<\/p>\n<ul>\n<li>verstellbare Schultergurte<\/li>\n<li>D-Ringe rundum f\u00fcr verschiedene Befestigungsm\u00f6glichkeiten<\/li>\n<li>Brustgurt gegen Verrutschen<\/li>\n<li>R\u00fcckenbereich mit speziell strukturierter<\/li>\n<li>Polsterung zur Bel\u00fcftung und Einschubfach<\/li>\n<li>je 1 Tragegriff oben und vorne<\/li>\n<li>inkl. TPU-Beutel mit gro\u00dfz\u00fcgiger \u00d6ffnung mit Schraubverschluss<\/li>\n<li>abnehmbarer, ummantelter Schlauch mit<\/li>\n<li>Gewindeanschluss und Mundst\u00fcck<\/li>\n<li>kann zur Reinigung abgekoppelt werden<\/li>\n<li>lebensmittelecht und geschmacksneutral<\/li>\n<li>Mundst\u00fcck mit Verschlusskappe und Verlust-Sicherung<\/li>\n<\/ul>\n<p>Volumen: 2,5 Liter<br \/>\nMa\u00dfe (LxBxH): \u00a045 x 22 x 2,5 cm<br \/>\nGewicht: ca. 500 g<\/p>\n<p>Material Rucksack &amp; Gurte: 100% Polyester<br \/>\nTrinkbeutel &amp; Schlauch: TPU-Kunststoff<\/p>\n<p>Hinweis: keine Milch, alkohol-, kohlens\u00e4ure- oder s\u00e4urehaltigen Getr\u00e4nke einf\u00fcllen!<\/p>\n<p>&nbsp;<\/p>\n<p><b>Herstellerangaben:<\/b><\/p>\n<p><b>Max Fuchs AG<\/b><br \/>\nIndustriestra\u00dfe 1<br \/>\nDE 94078 Freyung<br \/>\n<b>Kontakt<br \/>\nwww.max-fuchs.de<\/b><\/p>\n","protected":false},"excerpt":{"rendered":"<p>Der Trinkrucksack Extrem 2,5 Liter mit TPU-Beutel von MFH ist perfekt dazu geeignet, um dir unterwegs deine Wasserversorgung zu erm\u00f6glichen, ohne Pausen zu machen \u2013 und das auch noch freih\u00e4ndig. So sind alle deine Unternehmungen in Freizeit und Sport aber auch bei Eins\u00e4tzen und Missionen in punkto Hydration abgesichert. Der Trinkrucksack verf\u00fcgt \u00fcber verstellbare Schultergurte [&hellip;]<\/p>\n","protected":false},"featured_media":5927,"comment_status":"open","ping_status":"closed","template":"","meta":[],"product_brand":[],"product_cat":[546,548],"product_tag":[541,1476,1522,1523,1524,1525,1526,539],"class_list":{"0":"post-5926","1":"product","2":"type-product","3":"status-publish","4":"has-post-thumbnail","6":"product_cat-survival","7":"product_cat-outdoor-artikel","8":"product_tag-survival","9":"product_tag-m05","10":"product_tag-tpu","11":"product_tag-trinkrucksack","12":"product_tag-tarn","13":"product_tag-wassersack","14":"product_tag-reserve","15":"product_tag-bushcraft","17":"first","18":"instock","19":"taxable","20":"shipping-taxable","21":"purchasable","22":"product-type-simple"},"_links":{"self":[{"href":"https:\/\/shop.xn--altmhl-bogensport-52b.de\/index.php?rest_route=\/wp\/v2\/product\/5926","targetHints":{"allow":["GET"]}}],"collection":[{"href":"https:\/\/shop.xn--altmhl-bogensport-52b.de\/index.php?rest_route=\/wp\/v2\/product"}],"about":[{"href":"https:\/\/shop.xn--altmhl-bogensport-52b.de\/index.php?rest_route=\/wp\/v2\/types\/product"}],"replies":[{"embeddable":true,"href":"https:\/\/shop.xn--altmhl-bogensport-52b.de\/index.php?rest_route=%2Fwp%2Fv2%2Fcomments&post=5926"}],"wp:featuredmedia":[{"embeddable":true,"href":"https:\/\/shop.xn--altmhl-bogensport-52b.de\/index.php?rest_route=\/wp\/v2\/media\/5927"}],"wp:attachment":[{"href":"https:\/\/shop.xn--altmhl-bogensport-52b.de\/index.php?rest_route=%2Fwp%2Fv2%2Fmedia&parent=5926"}],"wp:term":[{"taxonomy":"product_brand","embeddable":true,"href":"https:\/\/shop.xn--altmhl-bogensport-52b.de\/index.php?rest_route=%2Fwp%2Fv2%2Fproduct_brand&post=5926"},{"taxonomy":"product_cat","embeddable":true,"href":"https:\/\/shop.xn--altmhl-bogensport-52b.de\/index.php?rest_route=%2Fwp%2Fv2%2Fproduct_cat&post=5926"},{"taxonomy":"product_tag","embeddable":true,"href":"https:\/\/shop.xn--altmhl-bogensport-52b.de\/index.php?rest_route=%2Fwp%2Fv2%2Fproduct_tag&post=5926"}],"curies":[{"name":"wp","href":"https:\/\/api.w.org\/{rel}","templated":true}]}}