{"id":5904,"date":"2025-11-07T16:17:37","date_gmt":"2025-11-07T16:17:37","guid":{"rendered":"https:\/\/shop.xn--altmhl-bogensport-52b.de\/?post_type=product&#038;p=5904"},"modified":"2025-11-07T16:18:17","modified_gmt":"2025-11-07T16:18:17","slug":"mfh-koppel-mission-schwarz-ca-45-cm-breit-metallverschluss","status":"publish","type":"product","link":"https:\/\/shop.xn--altmhl-bogensport-52b.de\/?product=mfh-koppel-mission-schwarz-ca-45-cm-breit-metallverschluss","title":{"rendered":"MFH Koppel, &#8220;Mission&#8221;, schwarz, ca. 4,5 cm breit, Metallverschluss"},"content":{"rendered":"<p>stabiler G\u00fcrtel \/ Koppel mit Metallverschluss<br \/>\nL\u00e4nge bis 110 cm verstellbar<\/p>\n<p>Ideal als Erstaz f\u00fcr Seitenk\u00f6cher<\/p>\n<p>Material:<br \/>\n100 % Polyester<\/p>\n","protected":false},"excerpt":{"rendered":"<p>stabiler G\u00fcrtel \/ Koppel mit Metallverschluss L\u00e4nge bis 110 cm verstellbar Ideal als Erstaz f\u00fcr Seitenk\u00f6cher Material: 100 % Polyester<\/p>\n","protected":false},"featured_media":5905,"comment_status":"open","ping_status":"closed","template":"","meta":[],"product_brand":[],"product_cat":[454,462,893,163],"product_tag":[165,414,469,845,1520,1521],"class_list":{"0":"post-5904","1":"product","2":"type-product","3":"status-publish","4":"has-post-thumbnail","6":"product_cat-seitenkoecher","7":"product_cat-guerteltaschen-taschen","8":"product_cat-zubehoer-armbrust-zubehoer","9":"product_cat-sale","10":"product_tag-koecher","11":"product_tag-schwarz","12":"product_tag-mfh","13":"product_tag-guertel","14":"product_tag-koppel","15":"product_tag-tactical","17":"first","18":"instock","19":"sale","20":"taxable","21":"shipping-taxable","22":"purchasable","23":"product-type-simple"},"_links":{"self":[{"href":"https:\/\/shop.xn--altmhl-bogensport-52b.de\/index.php?rest_route=\/wp\/v2\/product\/5904","targetHints":{"allow":["GET"]}}],"collection":[{"href":"https:\/\/shop.xn--altmhl-bogensport-52b.de\/index.php?rest_route=\/wp\/v2\/product"}],"about":[{"href":"https:\/\/shop.xn--altmhl-bogensport-52b.de\/index.php?rest_route=\/wp\/v2\/types\/product"}],"replies":[{"embeddable":true,"href":"https:\/\/shop.xn--altmhl-bogensport-52b.de\/index.php?rest_route=%2Fwp%2Fv2%2Fcomments&post=5904"}],"wp:featuredmedia":[{"embeddable":true,"href":"https:\/\/shop.xn--altmhl-bogensport-52b.de\/index.php?rest_route=\/wp\/v2\/media\/5905"}],"wp:attachment":[{"href":"https:\/\/shop.xn--altmhl-bogensport-52b.de\/index.php?rest_route=%2Fwp%2Fv2%2Fmedia&parent=5904"}],"wp:term":[{"taxonomy":"product_brand","embeddable":true,"href":"https:\/\/shop.xn--altmhl-bogensport-52b.de\/index.php?rest_route=%2Fwp%2Fv2%2Fproduct_brand&post=5904"},{"taxonomy":"product_cat","embeddable":true,"href":"https:\/\/shop.xn--altmhl-bogensport-52b.de\/index.php?rest_route=%2Fwp%2Fv2%2Fproduct_cat&post=5904"},{"taxonomy":"product_tag","embeddable":true,"href":"https:\/\/shop.xn--altmhl-bogensport-52b.de\/index.php?rest_route=%2Fwp%2Fv2%2Fproduct_tag&post=5904"}],"curies":[{"name":"wp","href":"https:\/\/api.w.org\/{rel}","templated":true}]}}