{"id":59,"date":"2019-09-19T11:28:33","date_gmt":"2019-09-19T11:28:33","guid":{"rendered":"http:\/\/shop.xn--altmhl-bogensport-52b.de\/?post_type=product&#038;p=59"},"modified":"2025-05-22T08:56:10","modified_gmt":"2025-05-22T08:56:10","slug":"fred-bear-archery-traditional-hair-rest-pfeilauflage","status":"publish","type":"product","link":"https:\/\/shop.xn--altmhl-bogensport-52b.de\/?product=fred-bear-archery-traditional-hair-rest-pfeilauflage","title":{"rendered":"FRED BEAR ARCHERY &#8211; Traditional Hair Rest &#8211; Pfeilauflage"},"content":{"rendered":"<p>Pfeilauflage und Lederplatte sind f\u00fcr eine perfekte Optik und optimalen Schutz des Bogens einfach zuschneidbar.<br \/>\nDer Fellstreifen wird als Pfeilauflage unten, der Lederstreifen seitlich in das Bogenfenster geklebt.<br \/>\nF\u00fcr traditionelle Lang- und Recurveb\u00f6gen, sowie Links- und Rechtshand-Sch\u00fctzen geeignet.<\/p>\n<p><strong>Lieferumfang:<\/strong><br \/>\nPfeilauflage (Fell, selbstklebend)<br \/>\nLederplatte (selbstklebend)<\/p>\n<p>&nbsp;<\/p>\n<table class=\"table table-sm\">\n<tbody>\n<tr class=\"attr-custom\">\n<td><b>Herstellerangaben<\/b>:<\/td>\n<td class=\"attr-value\"><strong>Herstellername:<\/strong><br \/>\nBear Archery, INC.<br \/>\n<strong>Anschrift:<\/strong><br \/>\n817 Maxwell Avenue Evansville, IN 47711, USA<br \/>\n<strong>Webseite:<\/strong><br \/>\nhttps:\/\/www.beararchery.com\/<br \/>\n<strong>Kontakt:<\/strong><br \/>\nbearcustomercare@beararchery.com<br \/>\n<strong>Marke:<\/strong><br \/>\nBear Archery<\/td>\n<\/tr>\n<tr class=\"attr-custom\">\n<td><b>Verantwortliche Person<\/b>:<\/td>\n<td class=\"attr-value\"><strong>verantwortliche Person:<\/strong><br \/>\nJVD Group B.V.<br \/>\n<strong>Anschrift:<\/strong><br \/>\nLooier 9, 5253 RA Nieuwkuijk<br \/>\n<strong>Herkunftsland:<\/strong><br \/>\nNiederlande<br \/>\n<strong>Kontakt:<\/strong><br \/>\ncontact@jvd-group.com<\/td>\n<\/tr>\n<\/tbody>\n<\/table>\n","protected":false},"excerpt":{"rendered":"<p>Pfeilauflage Fred Bear<\/p>\n","protected":false},"featured_media":60,"comment_status":"open","ping_status":"closed","template":"","meta":[],"product_brand":[],"product_cat":[38],"product_tag":[91,127,128,129,130],"class_list":{"0":"post-59","1":"product","2":"type-product","3":"status-publish","4":"has-post-thumbnail","6":"product_cat-pfeilauflagen","7":"product_tag-auflage","8":"product_tag-pfeilauflage","9":"product_tag-fred-bear","10":"product_tag-hair-rest","11":"product_tag-fell","13":"first","14":"instock","15":"taxable","16":"shipping-taxable","17":"purchasable","18":"product-type-simple"},"_links":{"self":[{"href":"https:\/\/shop.xn--altmhl-bogensport-52b.de\/index.php?rest_route=\/wp\/v2\/product\/59","targetHints":{"allow":["GET"]}}],"collection":[{"href":"https:\/\/shop.xn--altmhl-bogensport-52b.de\/index.php?rest_route=\/wp\/v2\/product"}],"about":[{"href":"https:\/\/shop.xn--altmhl-bogensport-52b.de\/index.php?rest_route=\/wp\/v2\/types\/product"}],"replies":[{"embeddable":true,"href":"https:\/\/shop.xn--altmhl-bogensport-52b.de\/index.php?rest_route=%2Fwp%2Fv2%2Fcomments&post=59"}],"wp:featuredmedia":[{"embeddable":true,"href":"https:\/\/shop.xn--altmhl-bogensport-52b.de\/index.php?rest_route=\/wp\/v2\/media\/60"}],"wp:attachment":[{"href":"https:\/\/shop.xn--altmhl-bogensport-52b.de\/index.php?rest_route=%2Fwp%2Fv2%2Fmedia&parent=59"}],"wp:term":[{"taxonomy":"product_brand","embeddable":true,"href":"https:\/\/shop.xn--altmhl-bogensport-52b.de\/index.php?rest_route=%2Fwp%2Fv2%2Fproduct_brand&post=59"},{"taxonomy":"product_cat","embeddable":true,"href":"https:\/\/shop.xn--altmhl-bogensport-52b.de\/index.php?rest_route=%2Fwp%2Fv2%2Fproduct_cat&post=59"},{"taxonomy":"product_tag","embeddable":true,"href":"https:\/\/shop.xn--altmhl-bogensport-52b.de\/index.php?rest_route=%2Fwp%2Fv2%2Fproduct_tag&post=59"}],"curies":[{"name":"wp","href":"https:\/\/api.w.org\/{rel}","templated":true}]}}