{"id":5880,"date":"2025-10-25T13:02:58","date_gmt":"2025-10-25T13:02:58","guid":{"rendered":"https:\/\/shop.xn--altmhl-bogensport-52b.de\/?post_type=product&#038;p=5880"},"modified":"2025-10-25T13:02:59","modified_gmt":"2025-10-25T13:02:59","slug":"premium-archery-glove-winter-paar-bearpaw","status":"publish","type":"product","link":"https:\/\/shop.xn--altmhl-bogensport-52b.de\/?product=premium-archery-glove-winter-paar-bearpaw","title":{"rendered":"Premium Archery Glove Winter (Paar) Bearpaw"},"content":{"rendered":"<p>Wenn das Wetter eine gro\u00dfe Rolle spielt.<\/p>\n<p>Der Handschuh Winter aus der Season Kollektion ist genau das richtige Produkt, wenn es drau\u00dfen richtig kalt wird. Er wird aus einem hochwertigen Fleece gefertigt, um einen angenehmen und warmen Tragekomfort zu erzeugen.\u00a0Der Handschuh Winter wird durch Leder Patches und Tips (Rindsleder) perfekt abgerundet.<\/p>\n<p>Unsere Leder- und Textilprodukte werden in Pakistan in Handarbeit gefertigt. Die gleichbleibende Topqualit\u00e4t und Arbeitsbedingungen vor Ort sind dabei f\u00fcr BEARPAW unverhandelbar. Die Mitarbeiter bekommen Versicherungen f\u00fcr sich und die Familien und alle erhalten ein gesichertes Einkommen durch eine Festanstellung. Das Gehalt der Mitarbeiter vor Ort ist ein dreifaches von dem, was f\u00fcr diese Region durchschnittlich ist. Jeder Mitarbeiter wurde sorgf\u00e4ltig ausgew\u00e4hlt &#8211; es sind echte Experten auf ihrem Gebiet. Dies macht sich in der hochwertigen Verarbeitung, gleichbleibenden Qualit\u00e4t sowie einem edlen Aussehen der Produkte stark bemerkbar.<\/p>\n<p>In unserer Leder- und Textilkollektion legen wir besonders hohen Wert auf die Auswahl und Beschaffung der Materialien. Um nachhaltige, hochwertige und gut durchdachte Produkte an den Markt zu bringen, verwenden wir ausschlie\u00dflich &#8220;REACH-konforme&#8221; Materialien. Als REACH-konform gelten Produkte und Erzeugnisse, die alle Bedingungen der EU-Chemikalienverordnung erf\u00fcllen. Bei allen Materialien versuchen wir lokal zu beziehen und kurze Transportwege zu ber\u00fccksichtigen. Dar\u00fcber hinaus ist unser Partner in Pakistan &#8220;B Corp&#8221; und &#8220;BSCI&#8221; zertifiziert! &#8220;B Corp&#8221; ist ein internationales Zertifikat, mit dem die Non-Profit-Organisation &#8220;B Lab&#8221; Unternehmen f\u00fcr ihre sozialen und \u00f6kologischen Auswirkungen auszeichnet. Das Ziel von &#8220;BSCI&#8221; ist die weltweite Verbesserung von Arbeitsbedingungen. Es muss ein bestimmter Verhaltenskodex innerhalb der Lieferkette eingehalten werden.<\/p>\n<p>Der richtige Faden macht den Unterschied: Die N\u00e4hte unserer Produkte werden mit &#8220;Deutscher G\u00fctermann Faden&#8221; verarbeitet. Das ist kein Zufall, denn dieser Faden ist besonders rei\u00dffest. Jedes Produkt wird h\u00e4ndisch gepr\u00e4gt. Wir pr\u00e4gen mit pr\u00e4zise ausgefr\u00e4sten Messing-Pr\u00e4gestempeln. Der Pr\u00e4gevorgang funktioniert mit Druck und Hitze, wobei jedes Leder, jedes Produkt unterschiedlich behandelt werden muss. Wusstest Du, dass alle Farben \u00fcber die gesamte Leder- und Textilkollektion bei BEARPAW zusammenpassen? Schwarz, Dunkelbraun, Honigbraun oder Beige \u2013 jedes Produkt passt stimmig zueinander.<\/p>\n<p>Produktinformationen auf einen Blick:<\/p>\n<ul>\n<li>Modell: 5-Finger-Schie\u00dfhandschuh<\/li>\n<li>Farben: Schwarz<\/li>\n<li>Materialien: Fleece &amp; Glattleder (Rind) REACH-konform (hautvertr\u00e4glich)<\/li>\n<li>Empfehlung: F\u00fcr alle, die sich dem Wetter anpassen wollen<\/li>\n<\/ul>\n","protected":false},"excerpt":{"rendered":"<p>Wenn das Wetter eine gro\u00dfe Rolle spielt. Der Handschuh Winter aus der Season Kollektion ist genau das richtige Produkt, wenn es drau\u00dfen richtig kalt wird. Er wird aus einem hochwertigen Fleece gefertigt, um einen angenehmen und warmen Tragekomfort zu erzeugen.\u00a0Der Handschuh Winter wird durch Leder Patches und Tips (Rindsleder) perfekt abgerundet. Unsere Leder- und Textilprodukte [&hellip;]<\/p>\n","protected":false},"featured_media":5881,"comment_status":"open","ping_status":"closed","template":"","meta":[],"product_brand":[],"product_cat":[100],"product_tag":[770,964,1518,30,505],"class_list":{"0":"post-5880","1":"product","2":"type-product","3":"status-publish","4":"has-post-thumbnail","6":"product_cat-handschuhe","7":"product_tag-winterhandschuhe","8":"product_tag-premium","9":"product_tag-glove","10":"product_tag-bearpaw","11":"product_tag-archery","13":"first","14":"instock","15":"taxable","16":"shipping-taxable","17":"purchasable","18":"product-type-variable"},"_links":{"self":[{"href":"https:\/\/shop.xn--altmhl-bogensport-52b.de\/index.php?rest_route=\/wp\/v2\/product\/5880","targetHints":{"allow":["GET"]}}],"collection":[{"href":"https:\/\/shop.xn--altmhl-bogensport-52b.de\/index.php?rest_route=\/wp\/v2\/product"}],"about":[{"href":"https:\/\/shop.xn--altmhl-bogensport-52b.de\/index.php?rest_route=\/wp\/v2\/types\/product"}],"replies":[{"embeddable":true,"href":"https:\/\/shop.xn--altmhl-bogensport-52b.de\/index.php?rest_route=%2Fwp%2Fv2%2Fcomments&post=5880"}],"wp:featuredmedia":[{"embeddable":true,"href":"https:\/\/shop.xn--altmhl-bogensport-52b.de\/index.php?rest_route=\/wp\/v2\/media\/5881"}],"wp:attachment":[{"href":"https:\/\/shop.xn--altmhl-bogensport-52b.de\/index.php?rest_route=%2Fwp%2Fv2%2Fmedia&parent=5880"}],"wp:term":[{"taxonomy":"product_brand","embeddable":true,"href":"https:\/\/shop.xn--altmhl-bogensport-52b.de\/index.php?rest_route=%2Fwp%2Fv2%2Fproduct_brand&post=5880"},{"taxonomy":"product_cat","embeddable":true,"href":"https:\/\/shop.xn--altmhl-bogensport-52b.de\/index.php?rest_route=%2Fwp%2Fv2%2Fproduct_cat&post=5880"},{"taxonomy":"product_tag","embeddable":true,"href":"https:\/\/shop.xn--altmhl-bogensport-52b.de\/index.php?rest_route=%2Fwp%2Fv2%2Fproduct_tag&post=5880"}],"curies":[{"name":"wp","href":"https:\/\/api.w.org\/{rel}","templated":true}]}}