{"id":5865,"date":"2025-10-09T07:15:23","date_gmt":"2025-10-09T07:15:23","guid":{"rendered":"https:\/\/shop.xn--altmhl-bogensport-52b.de\/?post_type=product&#038;p=5865"},"modified":"2025-10-23T14:07:30","modified_gmt":"2025-10-23T14:07:30","slug":"eleven-targets-pekari-2d-tier-zielscheibe","status":"publish","type":"product","link":"https:\/\/shop.xn--altmhl-bogensport-52b.de\/?product=eleven-targets-pekari-2d-tier-zielscheibe","title":{"rendered":"ELEVEN TARGETS Pekari 2D Tier Zielscheibe"},"content":{"rendered":"<p>Die 2D Tiere von Eleven Targets eignen sich sehr gut um einen eigenen Parcours auszubauen oder den schon bestehenden Parcours Zuhause mit hoher Vielfalt zu erweitern. Zu den deutlich lebensn\u00e4heren 3D Tieren sind die 2D Tier-Ziele erheblich g\u00fcnstiger und bleiben dabei sch\u00f6ne und interessante Ziele.<\/p>\n<p>Die Tiere lassen sich aufgrund der Gr\u00f6\u00dfe, einer angepassten\u00a0Silhouette und einseitigem farblichem Druck\u00a0gut erkennen. Die Zielbereiche entsprechen keiner IFAA Gruppe.<\/p>\n<p>Das Material der Tiere ist Schaumstoff, der f\u00fcr B\u00f6gen bis 30lbs empfohlen wird. Bei st\u00e4rkeren B\u00f6gen stechen die Pfeile hinten entsprechend raus.<\/p>\n<p>Alle wichtigen Informationen auf einen Blick:<\/p>\n<ul>\n<li>H\u00f6he: ca. 54cm<\/li>\n<li>Breite: ca. 75cm<\/li>\n<li>Tiefe: ca. 17cm<\/li>\n<li>Gewicht: ca. 2kg<\/li>\n<li>Preisg\u00fcnstige Alternative zu 3D Tieren<\/li>\n<li>gute M\u00f6glichkeit den Parkour mit konsteng\u00fcnstiger Vielfalt auszustatten<\/li>\n<li>kontrastreicher, aufgeklebter Zielbereich (keine IFAA-Gruppe)<\/li>\n<li>bestehend aus festem, schwarzem Schaumstoff<\/li>\n<\/ul>\n<p><strong>Herstellername:<\/strong><br \/>\nJVD Group B.V.<br \/>\n<strong>Anschrift:<\/strong><br \/>\nLooier 9, 5253 RA Nieuwkuijk<br \/>\n<strong>Herkunftsland:<\/strong><br \/>\nNiederlande<br \/>\n<strong>Webseite:<\/strong><br \/>\nhttps:\/\/www.jvd-archery.com\/<br \/>\n<strong>Kontakt:<\/strong><br \/>\ncontact@jvd-group.com<br \/>\n<strong>Marke:<\/strong><br \/>\nJVD<\/p>\n","protected":false},"excerpt":{"rendered":"<p>Die 2D Tiere von Eleven Targets eignen sich sehr gut um einen eigenen Parcours auszubauen oder den schon bestehenden Parcours Zuhause mit hoher Vielfalt zu erweitern. Zu den deutlich lebensn\u00e4heren 3D Tieren sind die 2D Tier-Ziele erheblich g\u00fcnstiger und bleiben dabei sch\u00f6ne und interessante Ziele. Die Tiere lassen sich aufgrund der Gr\u00f6\u00dfe, einer angepassten\u00a0Silhouette und [&hellip;]<\/p>\n","protected":false},"featured_media":5866,"comment_status":"open","ping_status":"closed","template":"","meta":[],"product_brand":[],"product_cat":[1509],"product_tag":[1510,1511,1512,1513,1514,520],"class_list":{"0":"post-5865","1":"product","2":"type-product","3":"status-publish","4":"has-post-thumbnail","6":"product_cat-eleven-2","7":"product_tag-zuhause","8":"product_tag-homeoffice","9":"product_tag-1512","10":"product_tag-5-d-ziel","11":"product_tag-pekari","12":"product_tag-eleven","14":"first","15":"outofstock","16":"taxable","17":"shipping-taxable","18":"purchasable","19":"product-type-simple"},"_links":{"self":[{"href":"https:\/\/shop.xn--altmhl-bogensport-52b.de\/index.php?rest_route=\/wp\/v2\/product\/5865","targetHints":{"allow":["GET"]}}],"collection":[{"href":"https:\/\/shop.xn--altmhl-bogensport-52b.de\/index.php?rest_route=\/wp\/v2\/product"}],"about":[{"href":"https:\/\/shop.xn--altmhl-bogensport-52b.de\/index.php?rest_route=\/wp\/v2\/types\/product"}],"replies":[{"embeddable":true,"href":"https:\/\/shop.xn--altmhl-bogensport-52b.de\/index.php?rest_route=%2Fwp%2Fv2%2Fcomments&post=5865"}],"wp:featuredmedia":[{"embeddable":true,"href":"https:\/\/shop.xn--altmhl-bogensport-52b.de\/index.php?rest_route=\/wp\/v2\/media\/5866"}],"wp:attachment":[{"href":"https:\/\/shop.xn--altmhl-bogensport-52b.de\/index.php?rest_route=%2Fwp%2Fv2%2Fmedia&parent=5865"}],"wp:term":[{"taxonomy":"product_brand","embeddable":true,"href":"https:\/\/shop.xn--altmhl-bogensport-52b.de\/index.php?rest_route=%2Fwp%2Fv2%2Fproduct_brand&post=5865"},{"taxonomy":"product_cat","embeddable":true,"href":"https:\/\/shop.xn--altmhl-bogensport-52b.de\/index.php?rest_route=%2Fwp%2Fv2%2Fproduct_cat&post=5865"},{"taxonomy":"product_tag","embeddable":true,"href":"https:\/\/shop.xn--altmhl-bogensport-52b.de\/index.php?rest_route=%2Fwp%2Fv2%2Fproduct_tag&post=5865"}],"curies":[{"name":"wp","href":"https:\/\/api.w.org\/{rel}","templated":true}]}}