{"id":5816,"date":"2025-08-21T15:08:01","date_gmt":"2025-08-21T15:08:01","guid":{"rendered":"https:\/\/shop.xn--altmhl-bogensport-52b.de\/?post_type=product&#038;p=5816"},"modified":"2025-09-15T00:37:33","modified_gmt":"2025-09-15T00:37:33","slug":"feder-rw-volle-laenge-camo","status":"publish","type":"product","link":"https:\/\/shop.xn--altmhl-bogensport-52b.de\/?product=feder-rw-volle-laenge-camo","title":{"rendered":"Feder RW Volle L\u00e4nge camo"},"content":{"rendered":"<p><strong>Naturfedern mit Camo-Muster \u2013 einzigartig und vielseitig!<\/strong><\/p>\n<p>Unsere Truthahnfedern im modernen\u00a0<strong>Camo-Design<\/strong>\u00a0sind ein echtes Highlight f\u00fcr alle, die Wert auf Individualit\u00e4t und Qualit\u00e4t legen. Keine Feder gleicht der anderen \u2013 jedes St\u00fcck ist ein Unikat mit einzigartigen Farben, Mustern und Strukturen.<\/p>\n<p>F\u00fcr unsere Camo-Federn verwenden wir echte Truthahnfedern, die in 12 verschiedenen\u00a0<strong>Camo-Farbt\u00f6nen\u00a0<\/strong>sorgf\u00e4ltig coloriert werden. So entstehen faszinierende Muster, die Natur und Design perfekt miteinander verbinden \u2013 ideal f\u00fcr Bogensch\u00fctzen, die ihren Pfeilen eine pers\u00f6nliche Note verleihen m\u00f6chten.<\/p>\n<p>Federn in voller L\u00e4nge bieten dir maximale Freiheit: Du kannst diese individuell zuschneiden und in die gew\u00fcnschte Federform bringen. Die Federn sind ein reines Naturprodukt und variieren in\u00a0<strong>L\u00e4nge<\/strong>\u00a0und\u00a0<strong>Kielst\u00e4rke<\/strong>.<\/p>\n<p><strong>Details:<\/strong><br \/>\n\u2022 Ausf\u00fchrung: Volle L\u00e4nge, rechtsgewunden<br \/>\n\u2022 L\u00e4nge: ca. 8 \u2013 14 Zoll<br \/>\n\u2022 Muster: Camo naturgestreift<br \/>\n\u2022 Farben: 12 verschiedene Camo-T\u00f6ne zur Auswahl<br \/>\n\u2022 Im Untermen\u00fc kannst du deine pers\u00f6nliche Wunschfarbe w\u00e4hlen<\/p>\n<p>&nbsp;<\/p>\n<p><strong>Herstellername:<\/strong><br \/>\nBEARPAW GmbH<br \/>\n<strong>Anschrift:<\/strong><br \/>\nHannebach 30, 96269 Rossach<br \/>\n<strong>Herkunftsland:<\/strong><br \/>\nDeutschland<br \/>\n<strong>Webseite:<\/strong><br \/>\nhttps:\/\/www.bearpaw-products.de\/<br \/>\n<strong>Kontakt:<\/strong><br \/>\ninfo@bearpaw-products.com<br \/>\n<strong>Marke:<\/strong><br \/>\nBearpaw Products<\/p>\n","protected":false},"excerpt":{"rendered":"<p>Naturfedern mit Camo-Muster \u2013 einzigartig und vielseitig! Unsere Truthahnfedern im modernen\u00a0Camo-Design\u00a0sind ein echtes Highlight f\u00fcr alle, die Wert auf Individualit\u00e4t und Qualit\u00e4t legen. Keine Feder gleicht der anderen \u2013 jedes St\u00fcck ist ein Unikat mit einzigartigen Farben, Mustern und Strukturen. F\u00fcr unsere Camo-Federn verwenden wir echte Truthahnfedern, die in 12 verschiedenen\u00a0Camo-Farbt\u00f6nen\u00a0sorgf\u00e4ltig coloriert werden. So entstehen [&hellip;]<\/p>\n","protected":false},"featured_media":5817,"comment_status":"open","ping_status":"closed","template":"","meta":[],"product_brand":[],"product_cat":[110,1504],"product_tag":[30,112,116,233,1508],"class_list":{"0":"post-5816","1":"product","2":"type-product","3":"status-publish","4":"has-post-thumbnail","6":"product_cat-naturfedern-volle-laenge","7":"product_cat-sommerschlussverkauf","8":"product_tag-bearpaw","9":"product_tag-naturfeder","10":"product_tag-gestreift","11":"product_tag-camo","12":"product_tag-feder-volle-laenge","14":"first","15":"instock","16":"taxable","17":"shipping-taxable","18":"purchasable","19":"product-type-variable"},"_links":{"self":[{"href":"https:\/\/shop.xn--altmhl-bogensport-52b.de\/index.php?rest_route=\/wp\/v2\/product\/5816","targetHints":{"allow":["GET"]}}],"collection":[{"href":"https:\/\/shop.xn--altmhl-bogensport-52b.de\/index.php?rest_route=\/wp\/v2\/product"}],"about":[{"href":"https:\/\/shop.xn--altmhl-bogensport-52b.de\/index.php?rest_route=\/wp\/v2\/types\/product"}],"replies":[{"embeddable":true,"href":"https:\/\/shop.xn--altmhl-bogensport-52b.de\/index.php?rest_route=%2Fwp%2Fv2%2Fcomments&post=5816"}],"wp:featuredmedia":[{"embeddable":true,"href":"https:\/\/shop.xn--altmhl-bogensport-52b.de\/index.php?rest_route=\/wp\/v2\/media\/5817"}],"wp:attachment":[{"href":"https:\/\/shop.xn--altmhl-bogensport-52b.de\/index.php?rest_route=%2Fwp%2Fv2%2Fmedia&parent=5816"}],"wp:term":[{"taxonomy":"product_brand","embeddable":true,"href":"https:\/\/shop.xn--altmhl-bogensport-52b.de\/index.php?rest_route=%2Fwp%2Fv2%2Fproduct_brand&post=5816"},{"taxonomy":"product_cat","embeddable":true,"href":"https:\/\/shop.xn--altmhl-bogensport-52b.de\/index.php?rest_route=%2Fwp%2Fv2%2Fproduct_cat&post=5816"},{"taxonomy":"product_tag","embeddable":true,"href":"https:\/\/shop.xn--altmhl-bogensport-52b.de\/index.php?rest_route=%2Fwp%2Fv2%2Fproduct_tag&post=5816"}],"curies":[{"name":"wp","href":"https:\/\/api.w.org\/{rel}","templated":true}]}}