{"id":5802,"date":"2025-08-14T14:37:48","date_gmt":"2025-08-14T14:37:48","guid":{"rendered":"https:\/\/shop.xn--altmhl-bogensport-52b.de\/?post_type=product&#038;p=5802"},"modified":"2025-08-18T12:49:16","modified_gmt":"2025-08-18T12:49:16","slug":"shocq-triumph-ilf-recurve-wurfarme","status":"publish","type":"product","link":"https:\/\/shop.xn--altmhl-bogensport-52b.de\/?product=shocq-triumph-ilf-recurve-wurfarme","title":{"rendered":"SHOCQ Triumph ILF Recurve Wurfarme"},"content":{"rendered":"<h2 tabindex=\"0\">SHOCQ Triumph ILF Recurve Wurfarm Schaum\/Fiber<\/h2>\n<p>&nbsp;<\/p>\n<p>Der Shocq Triumph ILF Wurfarm ist eine gute Wahl f\u00fcr Bogensch\u00fctzen, die auf der Suche nach einem zuverl\u00e4ssigen und leistungsstarken Wurfarm sind.<\/p>\n<p>Hergestellt aus einer Kombination aus Fiber und Schaum, bietet der Triumph Wurfarm Stabilit\u00e4t und ein gleichm\u00e4\u00dfiges Schussverhalten.<\/p>\n<p>Dank des ILF (International Limb Fitting) Systems l\u00e4sst sich dieser Wurfarm nahtlos mit einer Vielzahl von Griffst\u00fccken kombinieren, was eine maximale Flexibilit\u00e4t und Anpassungsf\u00e4higkeit erm\u00f6glicht.<\/p>\n<p>Der Shocq Triumph ist in den L\u00e4ngen 66, 68 und 70 Zoll erh\u00e4ltlich, wodurch er f\u00fcr unterschiedliche Sch\u00fctzen und Schie\u00dfstile geeignet ist.<\/p>\n<p>Die angegebene Zugkraft ist immer auf ein 25&#8243; Griffst\u00fcck bemessen.<\/p>\n<p>&nbsp;<\/p>\n<ul>\n<li>Marke: Shocq<\/li>\n<li>Modell: Triumph<\/li>\n<li>L\u00e4ngen: 66, 68, 70 Zoll<\/li>\n<li>Material: Fiber\/Schaum<\/li>\n<li>Limb Fitting: ILF-System<\/li>\n<\/ul>\n<table class=\"table table-sm\">\n<tbody>\n<tr class=\"attr-custom\">\n<td class=\"attr-value\"><strong>verantwortliche Person:<\/strong><br \/>\nJVD Group B.V.<br \/>\n<strong>Anschrift:<\/strong><br \/>\nLooier 9, 5253 RA Nieuwkuijk<br \/>\n<strong>Herkunftsland:<\/strong><br \/>\nNiederlande<br \/>\n<strong>Kontakt:<\/strong><br \/>\ncontact@jvd-group.com<\/td>\n<\/tr>\n<\/tbody>\n<\/table>\n","protected":false},"excerpt":{"rendered":"<p>SHOCQ Triumph ILF Recurve Wurfarm Schaum\/Fiber &nbsp; Der Shocq Triumph ILF Wurfarm ist eine gute Wahl f\u00fcr Bogensch\u00fctzen, die auf der Suche nach einem zuverl\u00e4ssigen und leistungsstarken Wurfarm sind. Hergestellt aus einer Kombination aus Fiber und Schaum, bietet der Triumph Wurfarm Stabilit\u00e4t und ein gleichm\u00e4\u00dfiges Schussverhalten. Dank des ILF (International Limb Fitting) Systems l\u00e4sst sich [&hellip;]<\/p>\n","protected":false},"featured_media":5803,"comment_status":"open","ping_status":"closed","template":"","meta":[],"product_brand":[],"product_cat":[840,1504],"product_tag":[1456,1500,1501,179,187],"class_list":{"0":"post-5802","1":"product","2":"type-product","3":"status-publish","4":"has-post-thumbnail","6":"product_cat-wurfarme-ilf","7":"product_cat-sommerschlussverkauf","8":"product_tag-shocq","9":"product_tag-schaum","10":"product_tag-triumoh","11":"product_tag-wurfarme","12":"product_tag-ilf","14":"first","15":"instock","16":"sale","17":"taxable","18":"shipping-taxable","19":"purchasable","20":"product-type-variable"},"_links":{"self":[{"href":"https:\/\/shop.xn--altmhl-bogensport-52b.de\/index.php?rest_route=\/wp\/v2\/product\/5802","targetHints":{"allow":["GET"]}}],"collection":[{"href":"https:\/\/shop.xn--altmhl-bogensport-52b.de\/index.php?rest_route=\/wp\/v2\/product"}],"about":[{"href":"https:\/\/shop.xn--altmhl-bogensport-52b.de\/index.php?rest_route=\/wp\/v2\/types\/product"}],"replies":[{"embeddable":true,"href":"https:\/\/shop.xn--altmhl-bogensport-52b.de\/index.php?rest_route=%2Fwp%2Fv2%2Fcomments&post=5802"}],"wp:featuredmedia":[{"embeddable":true,"href":"https:\/\/shop.xn--altmhl-bogensport-52b.de\/index.php?rest_route=\/wp\/v2\/media\/5803"}],"wp:attachment":[{"href":"https:\/\/shop.xn--altmhl-bogensport-52b.de\/index.php?rest_route=%2Fwp%2Fv2%2Fmedia&parent=5802"}],"wp:term":[{"taxonomy":"product_brand","embeddable":true,"href":"https:\/\/shop.xn--altmhl-bogensport-52b.de\/index.php?rest_route=%2Fwp%2Fv2%2Fproduct_brand&post=5802"},{"taxonomy":"product_cat","embeddable":true,"href":"https:\/\/shop.xn--altmhl-bogensport-52b.de\/index.php?rest_route=%2Fwp%2Fv2%2Fproduct_cat&post=5802"},{"taxonomy":"product_tag","embeddable":true,"href":"https:\/\/shop.xn--altmhl-bogensport-52b.de\/index.php?rest_route=%2Fwp%2Fv2%2Fproduct_tag&post=5802"}],"curies":[{"name":"wp","href":"https:\/\/api.w.org\/{rel}","templated":true}]}}