{"id":5756,"date":"2025-08-03T14:13:41","date_gmt":"2025-08-03T14:13:41","guid":{"rendered":"https:\/\/shop.xn--altmhl-bogensport-52b.de\/?post_type=product&#038;p=5756"},"modified":"2025-08-03T14:13:41","modified_gmt":"2025-08-03T14:13:41","slug":"komplettpfeil-spiderbows-raven-one-kevtech-62mm-carbon-spine-700","status":"publish","type":"product","link":"https:\/\/shop.xn--altmhl-bogensport-52b.de\/?product=komplettpfeil-spiderbows-raven-one-kevtech-62mm-carbon-spine-700","title":{"rendered":"Komplettpfeil | SPIDERBOWS Raven.One KevTech &#8211; 6,2mm &#8211; Carbon &#8211; Spine 700"},"content":{"rendered":"<p><strong>Komplettpfeil | SPIDERBOWS Raven.One KevTech &#8211; 6,2mm &#8211; Carbon<\/strong><\/p>\n<p>Die erste Schaft- und Pfeilserie von SPIDERBOWS ist da! &#8211; Mit dem Raven.One KevTech bringt SPIDERBOWS seine erste Pfeilserie in modernem Design, die sich perfekt f\u00fcr den 3D Bogensport eignet. Edles Dunkelrot, frisches Gr\u00fcn, k\u00fchles Blau oder warmes Orange dominiert das \u00c4u\u00dfere des Schafts, das sich auf der Seite der Befiederung als einfarbiges Cresting wiederfindet und von dem sich jede Art von Befiederung wundersch\u00f6n abhebt. Das Cresting geht durch Ringe in Schwarz und Silber in die dezente Beschriftung auf schwarzem Grund \u00fcber, an die sich das Highlight des Raven.One anschlie\u00dft: Die charakteristische, rot, gr\u00fcn, blau oder orange-schwarze Kevlaroptik, die sich bis zum Spitzenende zieht. Alles in allem eine Kombination die jedem Bogensch\u00fctzen sofort ins Auge f\u00e4llt.<\/p>\n<p>Mit einem\u00a0Innendurchmesser\u00a0von 6,2 mm \/ 0.246 Zoll ist der Carbonschaft besonders f\u00fcr\u00a0Bogensch\u00fctzen gedacht, die den beliebten und vielseitigen\u00a0Standarddurchmesser bevorzugen. Der\u00a0Schaft weist eine Geradheit von\u00a0\u00b1 0.006 Zoll\u00a0und ist ein echtes Leichtgewicht\u00a0bei 32 Zoll L\u00e4nge. Dies garantiert pr\u00e4zise Sch\u00fcsse mit flacher\u00a0Flugbahn auch auf lange Entfernungen.<\/p>\n<p>Der Raven.One KevTech ist in Spines von 400 bis 800 erh\u00e4ltlich und eignet sich f\u00fcr alle Komponenten\u00a0wie Spitzen, Bushings und Pins mit einem (Schaft-)Durchmesser von\u00a06,2 mm \/ 0,246 Zoll.<\/p>\n<ul>Spine 700<\/p>\n<li style=\"list-style-type: none;\">\n<ul>\n<li>\u00d8 innen: 0.246 Zoll \/ 6,20mm<\/li>\n<li>\u00d8 au\u00dfen: 7,03mm<\/li>\n<li>Schaftgewicht (in Grain pro Zoll): 5,33gr<\/li>\n<li>Geradheit (in Zoll): \u00b10.006<\/li>\n<li>Passende Gr\u00f6\u00dfe Protector Ring \/ SPHERE Nock Collar: 7,15<\/li>\n<li>Schaftl\u00e4nge 32&#8243;<\/li>\n<li>Edelstahlspitze und Insert liegen lose bei<\/li>\n<li>Federn: 4&#8243; shield weis, 2x rot barred<\/li>\n<\/ul>\n<\/li>\n<\/ul>\n<p><strong>Herstellername:<\/strong><br \/>\nBSW Handels GmbH<br \/>\n<strong>Anschrift:<\/strong><br \/>\nDemminer Strasse 32, 17389 Anklam<br \/>\n<strong>Herkunftsland:<\/strong><br \/>\nDeutschland<br \/>\n<strong>Webseite:<\/strong><br \/>\nhttps:\/\/www.bogensportwelt.de\/<br \/>\n<strong>Kontakt:<\/strong><br \/>\nhttps:\/\/www.bogensportwelt.de\/Kontakt<br \/>\n<strong>Marke:<\/strong><br \/>\nSpiderbows<\/p>\n","protected":false},"excerpt":{"rendered":"<p>Komplettpfeil | SPIDERBOWS Raven.One KevTech &#8211; 6,2mm &#8211; Carbon Die erste Schaft- und Pfeilserie von SPIDERBOWS ist da! &#8211; Mit dem Raven.One KevTech bringt SPIDERBOWS seine erste Pfeilserie in modernem Design, die sich perfekt f\u00fcr den 3D Bogensport eignet. Edles Dunkelrot, frisches Gr\u00fcn, k\u00fchles Blau oder warmes Orange dominiert das \u00c4u\u00dfere des Schafts, das sich [&hellip;]<\/p>\n","protected":false},"featured_media":5757,"comment_status":"open","ping_status":"closed","template":"","meta":[],"product_brand":[],"product_cat":[946,86],"product_tag":[1013,1492,1493,1494],"class_list":{"0":"post-5756","1":"product","2":"type-product","3":"status-publish","4":"has-post-thumbnail","6":"product_cat-custompfeil-sonderanfertigung","7":"product_cat-carbonpfeil","8":"product_tag-carbonpfeil","9":"product_tag-spiderbows","10":"product_tag-raven-one","11":"product_tag-kevtech","13":"first","14":"instock","15":"taxable","16":"shipping-taxable","17":"purchasable","18":"product-type-simple"},"_links":{"self":[{"href":"https:\/\/shop.xn--altmhl-bogensport-52b.de\/index.php?rest_route=\/wp\/v2\/product\/5756","targetHints":{"allow":["GET"]}}],"collection":[{"href":"https:\/\/shop.xn--altmhl-bogensport-52b.de\/index.php?rest_route=\/wp\/v2\/product"}],"about":[{"href":"https:\/\/shop.xn--altmhl-bogensport-52b.de\/index.php?rest_route=\/wp\/v2\/types\/product"}],"replies":[{"embeddable":true,"href":"https:\/\/shop.xn--altmhl-bogensport-52b.de\/index.php?rest_route=%2Fwp%2Fv2%2Fcomments&post=5756"}],"wp:featuredmedia":[{"embeddable":true,"href":"https:\/\/shop.xn--altmhl-bogensport-52b.de\/index.php?rest_route=\/wp\/v2\/media\/5757"}],"wp:attachment":[{"href":"https:\/\/shop.xn--altmhl-bogensport-52b.de\/index.php?rest_route=%2Fwp%2Fv2%2Fmedia&parent=5756"}],"wp:term":[{"taxonomy":"product_brand","embeddable":true,"href":"https:\/\/shop.xn--altmhl-bogensport-52b.de\/index.php?rest_route=%2Fwp%2Fv2%2Fproduct_brand&post=5756"},{"taxonomy":"product_cat","embeddable":true,"href":"https:\/\/shop.xn--altmhl-bogensport-52b.de\/index.php?rest_route=%2Fwp%2Fv2%2Fproduct_cat&post=5756"},{"taxonomy":"product_tag","embeddable":true,"href":"https:\/\/shop.xn--altmhl-bogensport-52b.de\/index.php?rest_route=%2Fwp%2Fv2%2Fproduct_tag&post=5756"}],"curies":[{"name":"wp","href":"https:\/\/api.w.org\/{rel}","templated":true}]}}