{"id":5686,"date":"2025-07-31T15:10:57","date_gmt":"2025-07-31T15:10:57","guid":{"rendered":"https:\/\/shop.xn--altmhl-bogensport-52b.de\/?post_type=product&#038;p=5686"},"modified":"2025-07-31T15:24:58","modified_gmt":"2025-07-31T15:24:58","slug":"penthalon-guardx-armschutz-camo-waldtarn","status":"publish","type":"product","link":"https:\/\/shop.xn--altmhl-bogensport-52b.de\/?product=penthalon-guardx-armschutz-camo-waldtarn","title":{"rendered":"Penthalon GuardX Armschutz Camo Waldtarn"},"content":{"rendered":"<p>Der Penthalon GuardX Armschutz aus unserer neuen GuardX-Linie bietet dir perfekten Schutz und au\u00dfergew\u00f6hnlichen Komfort. Gefertigt aus Compressions GSM Spandex passt sich der Armschutz optimal deinem Unterarm an und bietet eine ma\u00dfgeschneiderte Passform, die sowohl bei intensiven Trainingseinheiten als auch bei Wettbewerben zuverl\u00e4ssig sch\u00fctzt.<\/p>\n<p>Um den Bogenarm vor der Bogensehne zu sch\u00fctzen, haben wir eine spezielle Gummiauflage auf das Compressions GSM Spandex aufgebracht. Diese zus\u00e4tzliche Schicht sorgt f\u00fcr einen effektiven Schutz deines Unterarms \u2013 ganz ohne Kompromisse bei der Bewegungsfreiheit.<\/p>\n<p>Der Penthalon GuardX Armschutz vereint Komfort, Schutz und Beweglichkeit \u2013 ideal f\u00fcr Sch\u00fctzen, die Wert auf zuverl\u00e4ssigen Schutz und eine hohe Performance legen.<\/p>\n<p><strong>Produktinfos:<\/strong><br \/>\nMaterial: Compressions GSM Spandex<br \/>\nGr\u00f6\u00dfen: XS, S, M, L, XL<br \/>\nGewicht: ca. 36 Gramm<br \/>\nFarbe: Camo \/ Waldtarn<\/p>\n<p>Mit dem Penthalon GuardX Armschutz hast du den idealen Schutz f\u00fcr deinen Unterarm, kombiniert mit modernster Technologie und einem stilvollen Design. Perfekt f\u00fcr alle, die auf der Suche nach einem funktionalen und komfortablen Armschutz sind.<\/p>\n<p>&nbsp;<\/p>\n<p><strong>Herstellername:<\/strong><br \/>\nBEARPAW GmbH<br \/>\n<strong>Anschrift:<\/strong><br \/>\nHannebach 30, 96269 Rossach<br \/>\n<strong>Herkunftsland:<\/strong><br \/>\nDeutschland<br \/>\n<strong>Webseite:<\/strong><br \/>\nhttps:\/\/www.bearpaw-products.de\/<br \/>\n<strong>Kontakt:<\/strong><br \/>\ninfo@bearpaw-products.com<br \/>\n<strong>Marke:<\/strong><br \/>\nBearpaw Products<\/p>\n","protected":false},"excerpt":{"rendered":"<p>Der Penthalon GuardX Armschutz aus unserer neuen GuardX-Linie bietet dir perfekten Schutz und au\u00dfergew\u00f6hnlichen Komfort. Gefertigt aus Compressions GSM Spandex passt sich der Armschutz optimal deinem Unterarm an und bietet eine ma\u00dfgeschneiderte Passform, die sowohl bei intensiven Trainingseinheiten als auch bei Wettbewerben zuverl\u00e4ssig sch\u00fctzt. Um den Bogenarm vor der Bogensehne zu sch\u00fctzen, haben wir eine [&hellip;]<\/p>\n","protected":false},"featured_media":5692,"comment_status":"open","ping_status":"closed","template":"","meta":[],"product_brand":[],"product_cat":[1033,40],"product_tag":[30,1087,1190,41,1489,233,1491],"class_list":{"0":"post-5686","1":"product","2":"type-product","3":"status-publish","4":"has-post-thumbnail","6":"product_cat-training","7":"product_cat-armschutz","8":"product_tag-bearpaw","9":"product_tag-jagd","10":"product_tag-dynamic","11":"product_tag-armschutz","12":"product_tag-stretch","13":"product_tag-camo","14":"product_tag-waldtarn","16":"first","17":"instock","18":"taxable","19":"shipping-taxable","20":"purchasable","21":"product-type-variable"},"_links":{"self":[{"href":"https:\/\/shop.xn--altmhl-bogensport-52b.de\/index.php?rest_route=\/wp\/v2\/product\/5686","targetHints":{"allow":["GET"]}}],"collection":[{"href":"https:\/\/shop.xn--altmhl-bogensport-52b.de\/index.php?rest_route=\/wp\/v2\/product"}],"about":[{"href":"https:\/\/shop.xn--altmhl-bogensport-52b.de\/index.php?rest_route=\/wp\/v2\/types\/product"}],"replies":[{"embeddable":true,"href":"https:\/\/shop.xn--altmhl-bogensport-52b.de\/index.php?rest_route=%2Fwp%2Fv2%2Fcomments&post=5686"}],"wp:featuredmedia":[{"embeddable":true,"href":"https:\/\/shop.xn--altmhl-bogensport-52b.de\/index.php?rest_route=\/wp\/v2\/media\/5692"}],"wp:attachment":[{"href":"https:\/\/shop.xn--altmhl-bogensport-52b.de\/index.php?rest_route=%2Fwp%2Fv2%2Fmedia&parent=5686"}],"wp:term":[{"taxonomy":"product_brand","embeddable":true,"href":"https:\/\/shop.xn--altmhl-bogensport-52b.de\/index.php?rest_route=%2Fwp%2Fv2%2Fproduct_brand&post=5686"},{"taxonomy":"product_cat","embeddable":true,"href":"https:\/\/shop.xn--altmhl-bogensport-52b.de\/index.php?rest_route=%2Fwp%2Fv2%2Fproduct_cat&post=5686"},{"taxonomy":"product_tag","embeddable":true,"href":"https:\/\/shop.xn--altmhl-bogensport-52b.de\/index.php?rest_route=%2Fwp%2Fv2%2Fproduct_tag&post=5686"}],"curies":[{"name":"wp","href":"https:\/\/api.w.org\/{rel}","templated":true}]}}