{"id":5642,"date":"2025-07-11T06:11:24","date_gmt":"2025-07-11T06:11:24","guid":{"rendered":"https:\/\/shop.xn--altmhl-bogensport-52b.de\/?post_type=product&#038;p=5642"},"modified":"2025-07-11T06:18:07","modified_gmt":"2025-07-11T06:18:07","slug":"redcliff-armschutz-long-fashion","status":"publish","type":"product","link":"https:\/\/shop.xn--altmhl-bogensport-52b.de\/?product=redcliff-armschutz-long-fashion","title":{"rendered":"RedCliff Armschutz Long Fashion"},"content":{"rendered":"<p>F\u00fcr dich, ob Anf\u00e4nger oder erfahrener Sch\u00fctze, ist der Redcliff Long Fashion Armschutz der perfekte Begleiter. Er sch\u00fctzt zuverl\u00e4ssig vor dem Schlag der Sehne und sorgt gleichzeitig f\u00fcr einen angenehmen Tragekomfort. Das hochwertige Wildleder f\u00fchlt sich nicht nur gut an, sondern verleiht dem Armschutz auch seinen traditionellen Charme.<\/p>\n<p>Das Redcliff Rot, inspiriert von unserem beliebten\u00a0<a href=\"https:\/\/www.bearpaw-products.de\/products\/100537-bearpaw-redcliff\">Redcliff Bogen<\/a>, passt perfekt zu deinem Set und unterstreicht den eleganten Look. Die Bearpaw Wildlederqualit\u00e4t ist auf h\u00f6chstem Niveau \u2013 vom ersten Schnitt bis zum letzten Nadelstich.<\/p>\n<p><strong>Details:<\/strong><br \/>\nMaterial: Wildleder<br \/>\nFarbe: Redcliff Rot<br \/>\nL\u00e4nge: 33,5 cm<\/p>\n<p>Mit dem Redcliff Armschutz entscheidest du dich f\u00fcr Qualit\u00e4t, die du bei jedem Schuss sp\u00fcrst.<\/p>\n<p>&nbsp;<\/p>\n<p><strong>Herstellername:<\/strong><br \/>\nBEARPAW GmbH<br \/>\n<strong>Anschrift:<\/strong><br \/>\nHannebach 30, 96269 Rossach<br \/>\n<strong>Herkunftsland:<\/strong><br \/>\nDeutschland<br \/>\n<strong>Webseite:<\/strong><br \/>\nhttps:\/\/www.bearpaw-products.de\/<br \/>\n<strong>Kontakt:<\/strong><br \/>\ninfo@bearpaw-products.com<br \/>\n<strong>Marke:<\/strong><br \/>\nBearpaw Products<\/p>\n","protected":false},"excerpt":{"rendered":"<p>Armschutz Wildleder<\/p>\n","protected":false},"featured_media":5645,"comment_status":"open","ping_status":"closed","template":"","meta":[],"product_brand":[],"product_cat":[40],"product_tag":[42,710,711,1071,1487,30,41],"class_list":{"0":"post-5642","1":"product","2":"type-product","3":"status-publish","4":"has-post-thumbnail","6":"product_cat-armschutz","7":"product_tag-wildleder","8":"product_tag-long-fashion","9":"product_tag-anfaenger","10":"product_tag-rot","11":"product_tag-redcliff","12":"product_tag-bearpaw","13":"product_tag-armschutz","15":"first","16":"instock","17":"taxable","18":"shipping-taxable","19":"purchasable","20":"product-type-simple"},"_links":{"self":[{"href":"https:\/\/shop.xn--altmhl-bogensport-52b.de\/index.php?rest_route=\/wp\/v2\/product\/5642","targetHints":{"allow":["GET"]}}],"collection":[{"href":"https:\/\/shop.xn--altmhl-bogensport-52b.de\/index.php?rest_route=\/wp\/v2\/product"}],"about":[{"href":"https:\/\/shop.xn--altmhl-bogensport-52b.de\/index.php?rest_route=\/wp\/v2\/types\/product"}],"replies":[{"embeddable":true,"href":"https:\/\/shop.xn--altmhl-bogensport-52b.de\/index.php?rest_route=%2Fwp%2Fv2%2Fcomments&post=5642"}],"wp:featuredmedia":[{"embeddable":true,"href":"https:\/\/shop.xn--altmhl-bogensport-52b.de\/index.php?rest_route=\/wp\/v2\/media\/5645"}],"wp:attachment":[{"href":"https:\/\/shop.xn--altmhl-bogensport-52b.de\/index.php?rest_route=%2Fwp%2Fv2%2Fmedia&parent=5642"}],"wp:term":[{"taxonomy":"product_brand","embeddable":true,"href":"https:\/\/shop.xn--altmhl-bogensport-52b.de\/index.php?rest_route=%2Fwp%2Fv2%2Fproduct_brand&post=5642"},{"taxonomy":"product_cat","embeddable":true,"href":"https:\/\/shop.xn--altmhl-bogensport-52b.de\/index.php?rest_route=%2Fwp%2Fv2%2Fproduct_cat&post=5642"},{"taxonomy":"product_tag","embeddable":true,"href":"https:\/\/shop.xn--altmhl-bogensport-52b.de\/index.php?rest_route=%2Fwp%2Fv2%2Fproduct_tag&post=5642"}],"curies":[{"name":"wp","href":"https:\/\/api.w.org\/{rel}","templated":true}]}}