{"id":5633,"date":"2025-06-30T18:23:59","date_gmt":"2025-06-30T18:23:59","guid":{"rendered":"https:\/\/shop.xn--altmhl-bogensport-52b.de\/?post_type=product&#038;p=5633"},"modified":"2025-08-18T11:17:12","modified_gmt":"2025-08-18T11:17:12","slug":"wildcrete-3d-target-rexy","status":"publish","type":"product","link":"https:\/\/shop.xn--altmhl-bogensport-52b.de\/?product=wildcrete-3d-target-rexy","title":{"rendered":"Wildcrete 3D Target &#8211; Rexy"},"content":{"rendered":"<p>Leg dich nicht mit Rexy an! Diese einzigartigen, handgemalten Zielscheiben sind ein gro\u00dfer Spa\u00df beim Schie\u00dfen.<br \/>\nZusammen mit dem T-Rex bilden sie eine ziemlich furchterregende Kombination!<\/p>\n<p>Inklusive St\u00e4nder, um die Zielscheibe aufrecht zu halten.<\/p>\n<p>Abmessungen:<\/p>\n<p>(H) 710 mm<br \/>\n(L) 950 mm<br \/>\n(B) 270 mm<\/p>\n<p>Gewicht: 8 kg<br \/>\nWertungszonen: 2 Breitseitensch\u00fcsse<br \/>\nGruppe 3<\/p>\n<p>&nbsp;<\/p>\n<p><strong>Herstellername:<\/strong><br \/>\nBEARPAW GmbH<br \/>\n<strong>Anschrift:<\/strong><br \/>\nHannebach 30, 96269 Rossach<br \/>\n<strong>Herkunftsland:<\/strong><br \/>\nDeutschland<br \/>\n<strong>Webseite:<\/strong><br \/>\nhttps:\/\/www.bearpaw-products.de\/<br \/>\n<strong>Kontakt:<\/strong><br \/>\ninfo@bearpaw-products.com<br \/>\n<strong>Marke:<\/strong><br \/>\nBearpaw Products<\/p>\n","protected":false},"excerpt":{"rendered":"<p>Leg dich nicht mit Rexy an! Diese einzigartigen, handgemalten Zielscheiben sind ein gro\u00dfer Spa\u00df beim Schie\u00dfen. Zusammen mit dem T-Rex bilden sie eine ziemlich furchterregende Kombination! Inklusive St\u00e4nder, um die Zielscheibe aufrecht zu halten. Abmessungen: (H) 710 mm (L) 950 mm (B) 270 mm Gewicht: 8 kg Wertungszonen: 2 Breitseitensch\u00fcsse Gruppe 3 &nbsp; Herstellername: BEARPAW [&hellip;]<\/p>\n","protected":false},"featured_media":5634,"comment_status":"open","ping_status":"closed","template":"","meta":[],"product_brand":[],"product_cat":[1472],"product_tag":[713,1483,1484,177],"class_list":{"0":"post-5633","1":"product","2":"type-product","3":"status-publish","4":"has-post-thumbnail","6":"product_cat-wildcrete","7":"product_tag-spassziel","8":"product_tag-rexy","9":"product_tag-dino","10":"product_tag-3d-ziel","12":"first","13":"onbackorder","14":"taxable","15":"shipping-taxable","16":"purchasable","17":"product-type-simple"},"_links":{"self":[{"href":"https:\/\/shop.xn--altmhl-bogensport-52b.de\/index.php?rest_route=\/wp\/v2\/product\/5633","targetHints":{"allow":["GET"]}}],"collection":[{"href":"https:\/\/shop.xn--altmhl-bogensport-52b.de\/index.php?rest_route=\/wp\/v2\/product"}],"about":[{"href":"https:\/\/shop.xn--altmhl-bogensport-52b.de\/index.php?rest_route=\/wp\/v2\/types\/product"}],"replies":[{"embeddable":true,"href":"https:\/\/shop.xn--altmhl-bogensport-52b.de\/index.php?rest_route=%2Fwp%2Fv2%2Fcomments&post=5633"}],"wp:featuredmedia":[{"embeddable":true,"href":"https:\/\/shop.xn--altmhl-bogensport-52b.de\/index.php?rest_route=\/wp\/v2\/media\/5634"}],"wp:attachment":[{"href":"https:\/\/shop.xn--altmhl-bogensport-52b.de\/index.php?rest_route=%2Fwp%2Fv2%2Fmedia&parent=5633"}],"wp:term":[{"taxonomy":"product_brand","embeddable":true,"href":"https:\/\/shop.xn--altmhl-bogensport-52b.de\/index.php?rest_route=%2Fwp%2Fv2%2Fproduct_brand&post=5633"},{"taxonomy":"product_cat","embeddable":true,"href":"https:\/\/shop.xn--altmhl-bogensport-52b.de\/index.php?rest_route=%2Fwp%2Fv2%2Fproduct_cat&post=5633"},{"taxonomy":"product_tag","embeddable":true,"href":"https:\/\/shop.xn--altmhl-bogensport-52b.de\/index.php?rest_route=%2Fwp%2Fv2%2Fproduct_tag&post=5633"}],"curies":[{"name":"wp","href":"https:\/\/api.w.org\/{rel}","templated":true}]}}