{"id":5631,"date":"2025-06-30T18:13:30","date_gmt":"2025-06-30T18:13:30","guid":{"rendered":"https:\/\/shop.xn--altmhl-bogensport-52b.de\/?post_type=product&#038;p=5631"},"modified":"2025-10-22T07:14:28","modified_gmt":"2025-10-22T07:14:28","slug":"wildcrete-3d-target-waschbaer","status":"publish","type":"product","link":"https:\/\/shop.xn--altmhl-bogensport-52b.de\/?product=wildcrete-3d-target-waschbaer","title":{"rendered":"Wildcrete 3D Target &#8211; Waschb\u00e4r"},"content":{"rendered":"<p>Der Waschb\u00e4r, manchmal als \u201egew\u00f6hnlicher Waschb\u00e4r\u201c bezeichnet, um ihn von anderen Arten zu unterscheiden, ist ein mittelgro\u00dfes S\u00e4ugetier, das in Nordamerika heimisch ist.<\/p>\n<p>Er ist das gr\u00f6\u00dfte Mitglied der Familie der Kleinb\u00e4ren (*Procyonidae*) und hat eine K\u00f6rperl\u00e4nge von 40 bis 70 cm sowie ein Gewicht von 5 bis 26 kg.<\/p>\n<p>Sein graues Fell besteht gr\u00f6\u00dftenteils aus dichtem Unterfell, das ihn vor kaltem Wetter sch\u00fctzt.<\/p>\n<p>Drei der auff\u00e4lligsten Merkmale des Waschb\u00e4ren sind seine \u00e4u\u00dferst geschickten Vorderpfoten, seine Gesichtsmaske und sein geringelter Schwanz, die in den Mythologien der indigenen V\u00f6lker Amerikas eine Rolle spielen.<\/p>\n<p>Der Waschb\u00e4r ist f\u00fcr seine Intelligenz bekannt, da Studien zeigen, dass er sich L\u00f6sungen von Aufgaben f\u00fcr mindestens drei Jahre merken kann.<\/p>\n<p>Er ist meist nachtaktiv und omnivor, wobei seine Nahrung zu etwa 40 % aus wirbellosen Tieren, 33 % aus Pflanzen und 27 % aus Wirbeltieren besteht.<\/p>\n<p>Ma\u00dfe:<\/p>\n<p>(H) 350 mm<br \/>\n(L) 470 mm<br \/>\n(B) 290 mm<\/p>\n<p>Gewicht: 4 kg<\/p>\n<p>Trefferzonen:<\/p>\n<p>2 Seitensch\u00fcsse<br \/>\nGruppe 4<\/p>\n<p>&nbsp;<\/p>\n<p><strong>Herstellername:<\/strong><br \/>\nBEARPAW GmbH<br \/>\n<strong>Anschrift:<\/strong><br \/>\nHannebach 30, 96269 Rossach<br \/>\n<strong>Herkunftsland:<\/strong><br \/>\nDeutschland<br \/>\n<strong>Webseite:<\/strong><br \/>\nhttps:\/\/www.bearpaw-products.de\/<br \/>\n<strong>Kontakt:<\/strong><br \/>\ninfo@bearpaw-products.com<br \/>\n<strong>Marke:<\/strong><br \/>\nBearpaw Products<\/p>\n","protected":false},"excerpt":{"rendered":"<p>Der Waschb\u00e4r, manchmal als \u201egew\u00f6hnlicher Waschb\u00e4r\u201c bezeichnet, um ihn von anderen Arten zu unterscheiden, ist ein mittelgro\u00dfes S\u00e4ugetier, das in Nordamerika heimisch ist. Er ist das gr\u00f6\u00dfte Mitglied der Familie der Kleinb\u00e4ren (*Procyonidae*) und hat eine K\u00f6rperl\u00e4nge von 40 bis 70 cm sowie ein Gewicht von 5 bis 26 kg. Sein graues Fell besteht gr\u00f6\u00dftenteils [&hellip;]<\/p>\n","protected":false},"featured_media":1740,"comment_status":"open","ping_status":"closed","template":"","meta":[],"product_brand":[],"product_cat":[235,1472],"product_tag":[177,526,957,1197,1482],"class_list":{"0":"post-5631","1":"product","2":"type-product","3":"status-publish","4":"has-post-thumbnail","6":"product_cat-asen","7":"product_cat-wildcrete","8":"product_tag-3d-ziel","9":"product_tag-waschbaer","10":"product_tag-wildcrete","11":"product_tag-bear","12":"product_tag-waschingbaer","14":"first","15":"instock","16":"taxable","17":"shipping-taxable","18":"purchasable","19":"product-type-simple"},"_links":{"self":[{"href":"https:\/\/shop.xn--altmhl-bogensport-52b.de\/index.php?rest_route=\/wp\/v2\/product\/5631","targetHints":{"allow":["GET"]}}],"collection":[{"href":"https:\/\/shop.xn--altmhl-bogensport-52b.de\/index.php?rest_route=\/wp\/v2\/product"}],"about":[{"href":"https:\/\/shop.xn--altmhl-bogensport-52b.de\/index.php?rest_route=\/wp\/v2\/types\/product"}],"replies":[{"embeddable":true,"href":"https:\/\/shop.xn--altmhl-bogensport-52b.de\/index.php?rest_route=%2Fwp%2Fv2%2Fcomments&post=5631"}],"wp:featuredmedia":[{"embeddable":true,"href":"https:\/\/shop.xn--altmhl-bogensport-52b.de\/index.php?rest_route=\/wp\/v2\/media\/1740"}],"wp:attachment":[{"href":"https:\/\/shop.xn--altmhl-bogensport-52b.de\/index.php?rest_route=%2Fwp%2Fv2%2Fmedia&parent=5631"}],"wp:term":[{"taxonomy":"product_brand","embeddable":true,"href":"https:\/\/shop.xn--altmhl-bogensport-52b.de\/index.php?rest_route=%2Fwp%2Fv2%2Fproduct_brand&post=5631"},{"taxonomy":"product_cat","embeddable":true,"href":"https:\/\/shop.xn--altmhl-bogensport-52b.de\/index.php?rest_route=%2Fwp%2Fv2%2Fproduct_cat&post=5631"},{"taxonomy":"product_tag","embeddable":true,"href":"https:\/\/shop.xn--altmhl-bogensport-52b.de\/index.php?rest_route=%2Fwp%2Fv2%2Fproduct_tag&post=5631"}],"curies":[{"name":"wp","href":"https:\/\/api.w.org\/{rel}","templated":true}]}}