{"id":5623,"date":"2025-06-18T16:03:33","date_gmt":"2025-06-18T16:03:33","guid":{"rendered":"https:\/\/shop.xn--altmhl-bogensport-52b.de\/?post_type=product&#038;p=5623"},"modified":"2025-06-18T16:06:03","modified_gmt":"2025-06-18T16:06:03","slug":"mfh-rucksack-daypack-m05-tarn","status":"publish","type":"product","link":"https:\/\/shop.xn--altmhl-bogensport-52b.de\/?product=mfh-rucksack-daypack-m05-tarn","title":{"rendered":"MFH rucksack DAYPACK M05 tarn"},"content":{"rendered":"<div class=\"px-0 px-sm-3 my-4\">\n<h2 class=\"desc-title\">MFH rucksack DAYPACK M05 tarn<\/h2>\n<p>Leichter taktischer Rucksack f\u00fcr den t\u00e4glichen Gebrauch.<\/p>\n<p>Die Schultergurte sind l\u00e4ngenverstellbar, leicht gepolstert, mit Schlauch\u00f6sen f\u00fcr den Trinkrucksack, D-Ringen aus Kunststoff und einem h\u00f6henverstellbaren Brustgurt ausgestattet, der mit einer Fastex-Schnalle aus Kunststoff geschlossen wird. Der R\u00fccken ist mit 3D-Netz gepolstert. An der Wurfseite befindet sich ein einfacher Tragegriff. An den Seiten befinden sich vier Reihen von MOLLE\/PALS-B\u00e4ndern, eine kleine, mit Klettverschluss verschlie\u00dfbare Tasche und ein Paar Kompressionsriemen, die mit einer Kunststoffschnalle befestigt sind. Auf der Vorderseite des Rucksacks finden Sie eine weitere modulare Bindung und ein kleines Klettfeld f\u00fcr Ihre VELCRO-Patches. Das Innere des Rucksacks ist \u00fcber einen Zwei-Wege-Rei\u00dfverschluss mit Zuglaschen zug\u00e4nglich. Im Inneren befindet sich ein Fach f\u00fcr einen Trinkbeutel, eine Befestigungsschlaufe und ein Loch zum Einf\u00e4deln von Schl\u00e4uchen.<\/p>\n<p><strong>Der DAYPACK bietet:<\/strong><\/p>\n<ul>\n<li>verstellbare Schultergurte<\/li>\n<li>gepolsterter R\u00fccken<\/li>\n<li>Tragegriff<\/li>\n<li>ein Paar Kompressionsriemen<\/li>\n<li>MOLLE\/PALS-Bindung<\/li>\n<li>VELCRO-Panel vorne<\/li>\n<li>Innenfach f\u00fcr Trinksack<\/li>\n<li>\u00d6ffnung f\u00fcr Trinksack<\/li>\n<\/ul>\n<p><strong>Spezifikationen:<\/strong><\/p>\n<ul>\n<li>Fassungsverm\u00f6gen: 15 L<\/li>\n<li>Abmessungen: 23 x 43 x 8 cm<\/li>\n<li>Material: 100% Polyester<\/li>\n<\/ul>\n<\/div>\n<div class=\"row g-3 px-0 px-sm-3 mb-4\">\n<div class=\"col col-12\">\n<div class=\"table-responsive\">\n<table class=\"detail-parameters-table table table-hover table-bordered caption-top m-0\">\n<caption class=\"p-0 pb-1\">\u00a0<\/caption>\n<tbody>\n<tr>\n<th scope=\"row\">Rucksackvolumen<\/th>\n<td><span class=\"text-nowrap\"><span class=\"det-par-value\">15\u00a0l<\/span><\/span><\/td>\n<\/tr>\n<tr>\n<th scope=\"row\">Bef\u00fcllung des Rucksacks<\/th>\n<td><span class=\"text-nowrap\"><span class=\"det-par-value\">Obere F\u00fcllung<\/span><\/span><\/td>\n<\/tr>\n<tr>\n<th scope=\"row\">R\u00fcckensystem<\/th>\n<td><span class=\"text-nowrap\"><span class=\"det-par-value\">Brustgurt<\/span><\/span><\/td>\n<\/tr>\n<tr>\n<th scope=\"row\">MOLLE\/PALS-Bindung<\/th>\n<td><span class=\"text-nowrap\"><span class=\"det-par-value\">Externe Bindung<\/span><\/span><\/td>\n<\/tr>\n<tr>\n<th scope=\"row\">Rucksackausr\u00fcstung<\/th>\n<td><span class=\"text-nowrap\"><span class=\"det-par-value\">Vorbereitung f\u00fcr den Trinkbeutel<\/span>\u00a0,\u00a0<\/span><span class=\"text-nowrap\"><span class=\"det-par-value\">VELCRO-Au\u00dfenfl\u00e4che<\/span><\/span><\/td>\n<\/tr>\n<tr>\n<th scope=\"row\">Rucksackgr\u00f6\u00dfe<\/th>\n<td><span class=\"text-nowrap\"><span class=\"det-par-value\">43 x 23 x 8 cm<\/span><\/span><\/td>\n<\/tr>\n<tr>\n<th scope=\"row\">Rucksackgewicht<\/th>\n<td><span class=\"text-nowrap\"><span class=\"det-par-value\">450\u00a0g<\/span><\/span><\/td>\n<\/tr>\n<\/tbody>\n<\/table>\n<\/div>\n<\/div>\n<p><strong>Herstellername:<\/strong><br \/>\nMax Fuchs AG<br \/>\n<strong>Anschrift:<\/strong><br \/>\nIndustriestrasse 1, 94078 Freyung<br \/>\n<strong>Herkunftsland:<\/strong><br \/>\nDeutschland<br \/>\n<strong>Webseite:<\/strong><br \/>\nhttps:\/\/max-fuchs.de\/<br \/>\n<strong>Kontakt:<\/strong><br \/>\ninfo@max-fuchs.de<br \/>\n<strong>Marke:<\/strong><br \/>\nMFH<\/p>\n<\/div>\n","protected":false},"excerpt":{"rendered":"<p>MFH rucksack DAYPACK M05 tarn Leichter taktischer Rucksack f\u00fcr den t\u00e4glichen Gebrauch. Die Schultergurte sind l\u00e4ngenverstellbar, leicht gepolstert, mit Schlauch\u00f6sen f\u00fcr den Trinkrucksack, D-Ringen aus Kunststoff und einem h\u00f6henverstellbaren Brustgurt ausgestattet, der mit einer Fastex-Schnalle aus Kunststoff geschlossen wird. Der R\u00fccken ist mit 3D-Netz gepolstert. An der Wurfseite befindet sich ein einfacher Tragegriff. An den [&hellip;]<\/p>\n","protected":false},"featured_media":5624,"comment_status":"open","ping_status":"closed","template":"","meta":[],"product_brand":[],"product_cat":[461,546,1475],"product_tag":[1478,1479,1480,1481,1379,1476,1477],"class_list":{"0":"post-5623","1":"product","2":"type-product","3":"status-publish","4":"has-post-thumbnail","6":"product_cat-taschen","7":"product_cat-survival","8":"product_cat-rucksaecke","9":"product_tag-woodland","10":"product_tag-daysack","11":"product_tag-moll","12":"product_tag-daypack","13":"product_tag-rucksack","14":"product_tag-m05","15":"product_tag-finnisch","17":"first","18":"instock","19":"taxable","20":"shipping-taxable","21":"purchasable","22":"product-type-simple"},"_links":{"self":[{"href":"https:\/\/shop.xn--altmhl-bogensport-52b.de\/index.php?rest_route=\/wp\/v2\/product\/5623","targetHints":{"allow":["GET"]}}],"collection":[{"href":"https:\/\/shop.xn--altmhl-bogensport-52b.de\/index.php?rest_route=\/wp\/v2\/product"}],"about":[{"href":"https:\/\/shop.xn--altmhl-bogensport-52b.de\/index.php?rest_route=\/wp\/v2\/types\/product"}],"replies":[{"embeddable":true,"href":"https:\/\/shop.xn--altmhl-bogensport-52b.de\/index.php?rest_route=%2Fwp%2Fv2%2Fcomments&post=5623"}],"wp:featuredmedia":[{"embeddable":true,"href":"https:\/\/shop.xn--altmhl-bogensport-52b.de\/index.php?rest_route=\/wp\/v2\/media\/5624"}],"wp:attachment":[{"href":"https:\/\/shop.xn--altmhl-bogensport-52b.de\/index.php?rest_route=%2Fwp%2Fv2%2Fmedia&parent=5623"}],"wp:term":[{"taxonomy":"product_brand","embeddable":true,"href":"https:\/\/shop.xn--altmhl-bogensport-52b.de\/index.php?rest_route=%2Fwp%2Fv2%2Fproduct_brand&post=5623"},{"taxonomy":"product_cat","embeddable":true,"href":"https:\/\/shop.xn--altmhl-bogensport-52b.de\/index.php?rest_route=%2Fwp%2Fv2%2Fproduct_cat&post=5623"},{"taxonomy":"product_tag","embeddable":true,"href":"https:\/\/shop.xn--altmhl-bogensport-52b.de\/index.php?rest_route=%2Fwp%2Fv2%2Fproduct_tag&post=5623"}],"curies":[{"name":"wp","href":"https:\/\/api.w.org\/{rel}","templated":true}]}}