{"id":5594,"date":"2025-06-06T11:02:36","date_gmt":"2025-06-06T11:02:36","guid":{"rendered":"https:\/\/shop.xn--altmhl-bogensport-52b.de\/?post_type=product&#038;p=5594"},"modified":"2025-06-06T11:02:37","modified_gmt":"2025-06-06T11:02:37","slug":"eltoro-fingertab-indian-ii-blankbogentab-3-unter","status":"publish","type":"product","link":"https:\/\/shop.xn--altmhl-bogensport-52b.de\/?product=eltoro-fingertab-indian-ii-blankbogentab-3-unter","title":{"rendered":"elTORO Fingertab INDIAN II &#8211; Blankbogentab &#8211; 3 unter"},"content":{"rendered":"<p>Der Blankbogentab Indian II wird aus 2 Lagen hochwertigem, weichen Leder hergestellt und\u00a0verf\u00fcgt \u00fcber eine\u00a0verstellbare Fingerschlaufe. Er sch\u00fctzt so zuverl\u00e4ssig die Finger\u00a0des Sch\u00fctzen beim Ausziehen des Bogens.<\/p>\n<p>Blankbogensch\u00fctzen verwenden im Vergleich zu anderen Sch\u00fctzen meist eine andere Art von Tab, denn durch das fehlende Visier ankert der Blankbogen anders. Der Sch\u00fctze greift die Sehne dabei unterhalb des Pfeils, daher hat der\u00a0Blankbogentab keinen Einschnitt zwischen Zeige- und Mittelfinger.<\/p>\n<p>Nach einigen Sch\u00fcssen bohrt sich die Sehne in das Leder ein und unterst\u00fctzt so die individuelle Handhaltung des Bogensch\u00fctzen und hilft wiederholbare Sch\u00fcsse zu produzieren. Durch diese schnelle Anpassung des Tabs an den Sch\u00fctzen geh\u00f6ren sie zur pers\u00f6nlichen Ausr\u00fcstung und sollten nie an jemand anderen verliehen werden.<br \/>\nAufgrund der Verwendung von echtem Leder sollte ein Tab immer trocken gehalten werden.<\/p>\n<p>F\u00fcr Links- und Rechtshandsch\u00fctzen geeignet.<\/p>\n<p>Material:\u00a0Leder<\/p>\n<p>Gr\u00f6\u00dfen:\u00a0XS, S, M, L, XL<\/p>\n<table>\n<caption>\n<div align=\"left\"><strong>Abmessungen:<\/strong><\/div>\n<\/caption>\n<tbody>\n<tr>\n<td>\n<p align=\"center\"><strong>Gr\u00f6\u00dfe<\/strong><\/p>\n<\/td>\n<td>\n<p align=\"center\"><strong>Breite<br \/>\n<\/strong>(in der Handfl\u00e4che)<\/p>\n<\/td>\n<td>\n<p align=\"center\"><strong>L\u00e4nge<br \/>\n<\/strong>(zur Sehne)<\/p>\n<\/td>\n<\/tr>\n<tr>\n<td>\n<p align=\"center\">XS<\/p>\n<\/td>\n<td>\n<p align=\"center\">ca. 5,6cm<\/p>\n<\/td>\n<td>\n<p align=\"center\">ca. 6,0cm<\/p>\n<\/td>\n<\/tr>\n<tr>\n<td>\n<p align=\"center\">S<\/p>\n<\/td>\n<td>\n<p align=\"center\">ca. 6,0cm<\/p>\n<\/td>\n<td>\n<p align=\"center\">ca. 6,2cm<\/p>\n<\/td>\n<\/tr>\n<tr>\n<td>\n<p align=\"center\">M<\/p>\n<\/td>\n<td>\n<p align=\"center\">ca. 6,8cm<\/p>\n<\/td>\n<td>\n<p align=\"center\">ca. 6,8cm<\/p>\n<\/td>\n<\/tr>\n<tr>\n<td>\n<p align=\"center\">L<\/p>\n<\/td>\n<td>\n<p align=\"center\">ca. 7,0cm<\/p>\n<\/td>\n<td>\n<p align=\"center\">ca. 7,3cm<\/p>\n<\/td>\n<\/tr>\n<tr>\n<td>\n<p align=\"center\">XL<\/p>\n<\/td>\n<td>\n<p align=\"center\">ca. 7,5cm<\/p>\n<\/td>\n<td>\n<p align=\"center\">ca. 7,8cm<\/p>\n<\/td>\n<\/tr>\n<\/tbody>\n<\/table>\n<p>&nbsp;<\/p>\n<table class=\"table table-sm\">\n<tbody>\n<tr class=\"attr-custom\">\n<td><b>Herstellerangaben<\/b>:<\/td>\n<td class=\"attr-value\"><strong>Herstellername:<\/strong><br \/>\nBSW Handels GmbH<br \/>\n<strong>Anschrift:<\/strong><br \/>\nDemminer Strasse 32, 17389 Anklam, Deutschland<br \/>\n<strong>Webseite:<\/strong><br \/>\nhttps:\/\/eltoro-archery.com\/<br \/>\n<strong>Kontakt:<\/strong><br \/>\nhttps:\/\/www.bogensportwelt.de\/Kontakt<br \/>\n<strong>Marke:<\/strong><br \/>\nelToro<\/td>\n<\/tr>\n<\/tbody>\n<\/table>\n","protected":false},"excerpt":{"rendered":"<p>Der Blankbogentab Indian II wird aus 2 Lagen hochwertigem, weichen Leder hergestellt und\u00a0verf\u00fcgt \u00fcber eine\u00a0verstellbare Fingerschlaufe. Er sch\u00fctzt so zuverl\u00e4ssig die Finger\u00a0des Sch\u00fctzen beim Ausziehen des Bogens. Blankbogensch\u00fctzen verwenden im Vergleich zu anderen Sch\u00fctzen meist eine andere Art von Tab, denn durch das fehlende Visier ankert der Blankbogen anders. Der Sch\u00fctze greift die Sehne dabei [&hellip;]<\/p>\n","protected":false},"featured_media":5595,"comment_status":"open","ping_status":"closed","template":"","meta":[],"product_brand":[],"product_cat":[15],"product_tag":[],"class_list":{"0":"post-5594","1":"product","2":"type-product","3":"status-publish","4":"has-post-thumbnail","6":"product_cat-unkategorisiert","8":"first","9":"instock","10":"taxable","11":"shipping-taxable","12":"purchasable","13":"product-type-variable"},"_links":{"self":[{"href":"https:\/\/shop.xn--altmhl-bogensport-52b.de\/index.php?rest_route=\/wp\/v2\/product\/5594","targetHints":{"allow":["GET"]}}],"collection":[{"href":"https:\/\/shop.xn--altmhl-bogensport-52b.de\/index.php?rest_route=\/wp\/v2\/product"}],"about":[{"href":"https:\/\/shop.xn--altmhl-bogensport-52b.de\/index.php?rest_route=\/wp\/v2\/types\/product"}],"replies":[{"embeddable":true,"href":"https:\/\/shop.xn--altmhl-bogensport-52b.de\/index.php?rest_route=%2Fwp%2Fv2%2Fcomments&post=5594"}],"wp:featuredmedia":[{"embeddable":true,"href":"https:\/\/shop.xn--altmhl-bogensport-52b.de\/index.php?rest_route=\/wp\/v2\/media\/5595"}],"wp:attachment":[{"href":"https:\/\/shop.xn--altmhl-bogensport-52b.de\/index.php?rest_route=%2Fwp%2Fv2%2Fmedia&parent=5594"}],"wp:term":[{"taxonomy":"product_brand","embeddable":true,"href":"https:\/\/shop.xn--altmhl-bogensport-52b.de\/index.php?rest_route=%2Fwp%2Fv2%2Fproduct_brand&post=5594"},{"taxonomy":"product_cat","embeddable":true,"href":"https:\/\/shop.xn--altmhl-bogensport-52b.de\/index.php?rest_route=%2Fwp%2Fv2%2Fproduct_cat&post=5594"},{"taxonomy":"product_tag","embeddable":true,"href":"https:\/\/shop.xn--altmhl-bogensport-52b.de\/index.php?rest_route=%2Fwp%2Fv2%2Fproduct_tag&post=5594"}],"curies":[{"name":"wp","href":"https:\/\/api.w.org\/{rel}","templated":true}]}}