{"id":5583,"date":"2025-06-01T15:11:18","date_gmt":"2025-06-01T15:11:18","guid":{"rendered":"https:\/\/shop.xn--altmhl-bogensport-52b.de\/?post_type=product&#038;p=5583"},"modified":"2026-02-21T08:40:57","modified_gmt":"2026-02-21T08:40:57","slug":"penthalon-guardx-holsterkoecher-bearpaw","status":"publish","type":"product","link":"https:\/\/shop.xn--altmhl-bogensport-52b.de\/?product=penthalon-guardx-holsterkoecher-bearpaw","title":{"rendered":"Penthalon GuardX Holsterk\u00f6cher &#8211; Bearpaw"},"content":{"rendered":"<p>Der\u202fPenthalon Holsterk\u00f6cher\u202f GuardX \u00fcberzeugt durch seine kompakte Gr\u00f6\u00dfe, praktische Handhabung und hohe Funktionalit\u00e4t. Dieser K\u00f6cher bietet eine sichere und ger\u00e4uscharme Aufbewahrung deiner Pfeile, sodass du dich voll und ganz auf deine Sch\u00fcsse konzentrieren kannst. Mit seinen modernen Farbvarianten passt der Holsterk\u00f6cher sowohl zu klassischem als auch sportlichem Bogenschie\u00dfstil.<\/p>\n<p>Farbe: Schwarz, Schwarz-Grau, Schwarz-Camo<br \/>\nMaterial: Polyester<br \/>\nL\u00e4nge: 45 x 15 x 8 cm (ideale L\u00e4nge f\u00fcr Standardpfeile)<br \/>\nAusf\u00fchrungen: Rechtshand, Linkshand<\/p>\n<p>Produktmerkmale:<\/p>\n<ul>\n<li>Sichere Aufbewahrung: Deine Pfeile sind sicher und fest im K\u00f6cher verstaut. So beh\u00e4ltst du die n\u00f6tige Ruhe und Konzentration f\u00fcr jeden Schuss.<\/li>\n<\/ul>\n<ul>\n<li>Kompakte Handhabung: Der Holsterk\u00f6cher besticht durch seine schlanke, ergonomische Form, die eine bequeme und unkomplizierte Trageweise erm\u00f6glicht. Ideal f\u00fcr pr\u00e4zise Bewegungen im Training oder Wettkampf.<\/li>\n<\/ul>\n<ul>\n<li>Langlebig und pflegeleicht: Das Textilmaterial sorgt f\u00fcr hohe Widerstandsf\u00e4higkeit, w\u00e4hrend es gleichzeitig leicht zu reinigen ist. So bleibt dein K\u00f6cher auch bei intensivem Einsatz in Topform.<\/li>\n<li>Stilvolle Farbvarianten: W\u00e4hle aus den Farbvarianten Schwarz, Schwarz-Grau oder Schwarz-Camo und finde den Holsterk\u00f6cher, der perfekt zu deiner Ausr\u00fcstung und deinem Stil passt.<\/li>\n<li>Verstellbarer G\u00fcrtel: Der K\u00f6cher wird mit einem verstellbaren G\u00fcrtel geliefert, der von 71 cm bis 128 cm verstellbar ist und dir eine individuelle Anpassung f\u00fcr den besten Tragekomfort erm\u00f6glicht.<\/li>\n<\/ul>\n<p><strong>Herstellername:<\/strong><br \/>\nBEARPAW GmbH<br \/>\n<strong>Anschrift:<\/strong><br \/>\nHannebach 30, 96269 Rossach<br \/>\n<strong>Herkunftsland:<\/strong><br \/>\nDeutschland<br \/>\n<strong>Webseite:<\/strong><br \/>\nhttps:\/\/www.bearpaw-products.de\/<br \/>\n<strong>Kontakt:<\/strong><br \/>\ninfo@bearpaw-products.com<br \/>\n<strong>Marke:<\/strong><br \/>\nBearpaw Products<\/p>\n","protected":false},"excerpt":{"rendered":"<p>Der\u202fPenthalon Holsterk\u00f6cher\u202f GuardX \u00fcberzeugt durch seine kompakte Gr\u00f6\u00dfe, praktische Handhabung und hohe Funktionalit\u00e4t. Dieser K\u00f6cher bietet eine sichere und ger\u00e4uscharme Aufbewahrung deiner Pfeile, sodass du dich voll und ganz auf deine Sch\u00fcsse konzentrieren kannst. Mit seinen modernen Farbvarianten passt der Holsterk\u00f6cher sowohl zu klassischem als auch sportlichem Bogenschie\u00dfstil. Farbe: Schwarz, Schwarz-Grau, Schwarz-Camo Material: Polyester L\u00e4nge: [&hellip;]<\/p>\n","protected":false},"featured_media":5584,"comment_status":"open","ping_status":"closed","template":"","meta":[],"product_brand":[],"product_cat":[454,164],"product_tag":[263,30,89,1470,1549,168,216,233],"class_list":{"0":"post-5583","1":"product","2":"type-product","3":"status-publish","4":"has-post-thumbnail","6":"product_cat-seitenkoecher","7":"product_cat-koecher","8":"product_tag-black","9":"product_tag-bearpaw","10":"product_tag-penthalon","11":"product_tag-guardx","12":"product_tag-fieldquiver","13":"product_tag-holsterkoecher","14":"product_tag-seitenkoecher","15":"product_tag-camo","17":"first","18":"instock","19":"taxable","20":"shipping-taxable","21":"purchasable","22":"product-type-variable"},"_links":{"self":[{"href":"https:\/\/shop.xn--altmhl-bogensport-52b.de\/index.php?rest_route=\/wp\/v2\/product\/5583","targetHints":{"allow":["GET"]}}],"collection":[{"href":"https:\/\/shop.xn--altmhl-bogensport-52b.de\/index.php?rest_route=\/wp\/v2\/product"}],"about":[{"href":"https:\/\/shop.xn--altmhl-bogensport-52b.de\/index.php?rest_route=\/wp\/v2\/types\/product"}],"replies":[{"embeddable":true,"href":"https:\/\/shop.xn--altmhl-bogensport-52b.de\/index.php?rest_route=%2Fwp%2Fv2%2Fcomments&post=5583"}],"wp:featuredmedia":[{"embeddable":true,"href":"https:\/\/shop.xn--altmhl-bogensport-52b.de\/index.php?rest_route=\/wp\/v2\/media\/5584"}],"wp:attachment":[{"href":"https:\/\/shop.xn--altmhl-bogensport-52b.de\/index.php?rest_route=%2Fwp%2Fv2%2Fmedia&parent=5583"}],"wp:term":[{"taxonomy":"product_brand","embeddable":true,"href":"https:\/\/shop.xn--altmhl-bogensport-52b.de\/index.php?rest_route=%2Fwp%2Fv2%2Fproduct_brand&post=5583"},{"taxonomy":"product_cat","embeddable":true,"href":"https:\/\/shop.xn--altmhl-bogensport-52b.de\/index.php?rest_route=%2Fwp%2Fv2%2Fproduct_cat&post=5583"},{"taxonomy":"product_tag","embeddable":true,"href":"https:\/\/shop.xn--altmhl-bogensport-52b.de\/index.php?rest_route=%2Fwp%2Fv2%2Fproduct_tag&post=5583"}],"curies":[{"name":"wp","href":"https:\/\/api.w.org\/{rel}","templated":true}]}}