{"id":5579,"date":"2025-06-01T08:38:09","date_gmt":"2025-06-01T08:38:09","guid":{"rendered":"https:\/\/shop.xn--altmhl-bogensport-52b.de\/?post_type=product&#038;p=5579"},"modified":"2025-08-18T13:03:00","modified_gmt":"2025-08-18T13:03:00","slug":"3d-ziel-junges-wildschwein_black-edition-leitold","status":"publish","type":"product","link":"https:\/\/shop.xn--altmhl-bogensport-52b.de\/?product=3d-ziel-junges-wildschwein_black-edition-leitold","title":{"rendered":"3D-Ziel Junges Wildschwein_black edition Leitold"},"content":{"rendered":"<p>LEITOLD Junges Wildschwein &#8211; Black Edition<\/p>\n<p>Zur bereits beachtlichen Rotte an verschiedenen Wildschweinen gesellt sich jetzt noch\u00a0das LEITOLD\u00a0Junge Wildschwein. Das 3D Tier kommt in der Black Edition, d.h. ohne Bemalung und kann selbst farblich gestaltet werden.<\/p>\n<p>Ein Tipp jedoch vorab:\u00a0Bevor man sich k\u00fcnstlerisch entfaltet, das 3D Tier\u00a0mit der rauen Seite eines Abwaschschwammes leicht anschleifen und f\u00fcr die Bemalung Acrylfarbe besorgen. Und los geht&#8217;s!<\/p>\n<p>Um seinen Kunden die bestm\u00f6glichste Qualit\u00e4t zu liefern, entstehen die 3D Tiere der Marke\u00a0LEITOLD in reiner Handarbeit und ausschlie\u00dflich unter Verwendung der hochwertigsten Materialien.<br \/>\nLEITOLD legt dabei ein besonderes Augenmerk auf die UV-Best\u00e4ndigkeit seiner Produkte, denn nichts ist unansehnlicher und nutzloser als ein sich aufl\u00f6sendes 3D Tier, dass keinem Beschuss mehr standh\u00e4lt. Daher werden zum einen nur hochwertige UV-best\u00e4ndige Polyurethane verwendet und zum anderen\u00a0das feinporige Innenmaterial durch eine ca. 2mm dicke, durchgef\u00e4rbte Integralschicht gesch\u00fctzt. Die\u00a03D-Ziele sind dadurch auch weitgehend kratzunempfindlich.<\/p>\n<p>Ein besonderer Vorteil an den LEITOLD 3D-Tieren ist, dass sie &#8211; bis auf den stehenden Grizzly und das Krokodil &#8211; durchweg einteilig produziert werden. Dadurch kann kein Wasser in die Tiere eindringen bzw. zwischen die einzelnen Teile gelangen und Besch\u00e4digungen verursachen. Ein Versatz zwischen den Teilen oder unterschiedliche Ausdehnungen bei gro\u00dfer Hitze geh\u00f6ren damit nat\u00fcrlich auch der Vergangenheit an.<\/p>\n<p>Die jeweilige Gruppeneinteilung der 3D Ziele erfolgt nach dem Regelbuch der IFAA Stand 2007 &#8211; 2008. Hierbei misst man die L\u00e4nge einer senkrechten Linie, die durch das Zentrum sowie die zentrale und die innere Wertungszone geht.<\/p>\n<p>Abmessungen:<br \/>\nH\u00f6he:\u00a047,5cm<br \/>\nBreite: 19,5cm<br \/>\nTiefe: 82cm<\/p>\n<p>IFAA-Gruppe: 3<br \/>\nAu\u00dfenkill: 16,5 cm<br \/>\nAnzahl Killzonen: 2 (seitlich)<\/p>\n<p>Gewicht:\u00a06 kg<\/p>\n<p>&nbsp;<\/p>\n<table class=\"table table-sm\">\n<tbody>\n<tr class=\"attr-custom\">\n<td><b>Herstellerangaben<\/b>:<\/td>\n<td class=\"attr-value\"><strong>Herstellername:<\/strong><br \/>\nLeitold GmbH<br \/>\n<strong>Anschrift:<\/strong><br \/>\nGewerbepark S\u00fcd, Salzburger Str. 3, 5141 Moosdorf, \u00d6sterreich<br \/>\n<strong>Webseite:<\/strong><br \/>\nhttps:\/\/www.leitold.at\/<br \/>\n<strong>Kontakt:<\/strong><br \/>\ninfo@leitold.at<br \/>\n<strong>Marke:<\/strong><br \/>\nL.G. Animals &#8211; 3D Targets<\/td>\n<\/tr>\n<\/tbody>\n<\/table>\n","protected":false},"excerpt":{"rendered":"<p>LEITOLD Junges Wildschwein &#8211; Black Edition Zur bereits beachtlichen Rotte an verschiedenen Wildschweinen gesellt sich jetzt noch\u00a0das LEITOLD\u00a0Junge Wildschwein. Das 3D Tier kommt in der Black Edition, d.h. ohne Bemalung und kann selbst farblich gestaltet werden. Ein Tipp jedoch vorab:\u00a0Bevor man sich k\u00fcnstlerisch entfaltet, das 3D Tier\u00a0mit der rauen Seite eines Abwaschschwammes leicht anschleifen und [&hellip;]<\/p>\n","protected":false},"featured_media":5580,"comment_status":"open","ping_status":"closed","template":"","meta":[],"product_brand":[],"product_cat":[386,1504],"product_tag":[388,524,670,684,177],"class_list":{"0":"post-5579","1":"product","2":"type-product","3":"status-publish","4":"has-post-thumbnail","6":"product_cat-lg-leitold","7":"product_cat-sommerschlussverkauf","8":"product_tag-leitold","9":"product_tag-wildschwein","10":"product_tag-ueberlaeufer","11":"product_tag-black-edition","12":"product_tag-3d-ziel","14":"first","15":"instock","16":"sale","17":"taxable","18":"shipping-taxable","19":"purchasable","20":"product-type-simple"},"_links":{"self":[{"href":"https:\/\/shop.xn--altmhl-bogensport-52b.de\/index.php?rest_route=\/wp\/v2\/product\/5579","targetHints":{"allow":["GET"]}}],"collection":[{"href":"https:\/\/shop.xn--altmhl-bogensport-52b.de\/index.php?rest_route=\/wp\/v2\/product"}],"about":[{"href":"https:\/\/shop.xn--altmhl-bogensport-52b.de\/index.php?rest_route=\/wp\/v2\/types\/product"}],"replies":[{"embeddable":true,"href":"https:\/\/shop.xn--altmhl-bogensport-52b.de\/index.php?rest_route=%2Fwp%2Fv2%2Fcomments&post=5579"}],"wp:featuredmedia":[{"embeddable":true,"href":"https:\/\/shop.xn--altmhl-bogensport-52b.de\/index.php?rest_route=\/wp\/v2\/media\/5580"}],"wp:attachment":[{"href":"https:\/\/shop.xn--altmhl-bogensport-52b.de\/index.php?rest_route=%2Fwp%2Fv2%2Fmedia&parent=5579"}],"wp:term":[{"taxonomy":"product_brand","embeddable":true,"href":"https:\/\/shop.xn--altmhl-bogensport-52b.de\/index.php?rest_route=%2Fwp%2Fv2%2Fproduct_brand&post=5579"},{"taxonomy":"product_cat","embeddable":true,"href":"https:\/\/shop.xn--altmhl-bogensport-52b.de\/index.php?rest_route=%2Fwp%2Fv2%2Fproduct_cat&post=5579"},{"taxonomy":"product_tag","embeddable":true,"href":"https:\/\/shop.xn--altmhl-bogensport-52b.de\/index.php?rest_route=%2Fwp%2Fv2%2Fproduct_tag&post=5579"}],"curies":[{"name":"wp","href":"https:\/\/api.w.org\/{rel}","templated":true}]}}