{"id":5562,"date":"2025-05-29T07:45:05","date_gmt":"2025-05-29T07:45:05","guid":{"rendered":"https:\/\/shop.xn--altmhl-bogensport-52b.de\/?post_type=product&#038;p=5562"},"modified":"2026-04-21T12:33:18","modified_gmt":"2026-04-21T12:33:18","slug":"maulwurf-inform3d","status":"publish","type":"product","link":"https:\/\/shop.xn--altmhl-bogensport-52b.de\/?product=maulwurf-inform3d","title":{"rendered":"Maulwurf  InForm3D"},"content":{"rendered":"<h2 class=\"product-addition-headline\">Beschreibung<\/h2>\n<p>Der Maulwurf ist ein entz\u00fcckendes kleines Bogenschie\u00dfziel, das im Sturm alle Herzen erobert. Mit viel Liebe gestaltet, ist er nicht nur ein h\u00fcbscher Blickfang, sondern auch ein perfektes Trainingsobjekt f\u00fcr angehende Bogensch\u00fctzen. Egal ob Anf\u00e4nger oder Profi, der Maulwurf sorgt f\u00fcr Spa\u00df und Unterhaltung.<\/p>\n<p>1. Ma\u00dfe (LxBxH): 280 mm x 150 mm x 130 mm<\/p>\n<p>2. Gewicht: 0,6 kg<\/p>\n<p>3. IFAA-Kategorie: 4<\/p>\n<p>4. WA-Kategorie: &#8211;<\/p>\n<p>5. Typus: fantasy<\/p>\n<p>6. Anzahl Killzonen: 2<\/p>\n<p><strong>Herstellername:<\/strong><br \/>\nGECOM GmbH<br \/>\n<strong>Anschrift:<\/strong><br \/>\nLorenzweg 43, 39124 Magdeburg<br \/>\n<strong>Herkunftsland:<\/strong><br \/>\nDeutschland<br \/>\n<strong>Webseite:<\/strong><br \/>\nhttps:\/\/www.inform3d.de\/<br \/>\n<strong>Kontakt:<\/strong><br \/>\nn.mehlhase@inform3d.de<br \/>\n<strong>Marke:<\/strong><br \/>\nInForm3D<\/p>\n","protected":false},"excerpt":{"rendered":"<p>Beschreibung Der Maulwurf ist ein entz\u00fcckendes kleines Bogenschie\u00dfziel, das im Sturm alle Herzen erobert. Mit viel Liebe gestaltet, ist er nicht nur ein h\u00fcbscher Blickfang, sondern auch ein perfektes Trainingsobjekt f\u00fcr angehende Bogensch\u00fctzen. Egal ob Anf\u00e4nger oder Profi, der Maulwurf sorgt f\u00fcr Spa\u00df und Unterhaltung. 1. Ma\u00dfe (LxBxH): 280 mm x 150 mm x 130 [&hellip;]<\/p>\n","protected":false},"featured_media":5563,"comment_status":"open","ping_status":"closed","template":"","meta":[],"product_brand":[],"product_cat":[1395,456],"product_tag":[797,1325,1400,177,713],"class_list":{"0":"post-5562","1":"product","2":"type-product","3":"status-publish","4":"has-post-thumbnail","6":"product_cat-inform3d","7":"product_cat-kids","8":"product_tag-3d-parcours","9":"product_tag-maulwurf","10":"product_tag-inform","11":"product_tag-3d-ziel","12":"product_tag-spassziel","14":"first","15":"instock","16":"taxable","17":"shipping-taxable","18":"purchasable","19":"product-type-simple"},"_links":{"self":[{"href":"https:\/\/shop.xn--altmhl-bogensport-52b.de\/index.php?rest_route=\/wp\/v2\/product\/5562","targetHints":{"allow":["GET"]}}],"collection":[{"href":"https:\/\/shop.xn--altmhl-bogensport-52b.de\/index.php?rest_route=\/wp\/v2\/product"}],"about":[{"href":"https:\/\/shop.xn--altmhl-bogensport-52b.de\/index.php?rest_route=\/wp\/v2\/types\/product"}],"replies":[{"embeddable":true,"href":"https:\/\/shop.xn--altmhl-bogensport-52b.de\/index.php?rest_route=%2Fwp%2Fv2%2Fcomments&post=5562"}],"wp:featuredmedia":[{"embeddable":true,"href":"https:\/\/shop.xn--altmhl-bogensport-52b.de\/index.php?rest_route=\/wp\/v2\/media\/5563"}],"wp:attachment":[{"href":"https:\/\/shop.xn--altmhl-bogensport-52b.de\/index.php?rest_route=%2Fwp%2Fv2%2Fmedia&parent=5562"}],"wp:term":[{"taxonomy":"product_brand","embeddable":true,"href":"https:\/\/shop.xn--altmhl-bogensport-52b.de\/index.php?rest_route=%2Fwp%2Fv2%2Fproduct_brand&post=5562"},{"taxonomy":"product_cat","embeddable":true,"href":"https:\/\/shop.xn--altmhl-bogensport-52b.de\/index.php?rest_route=%2Fwp%2Fv2%2Fproduct_cat&post=5562"},{"taxonomy":"product_tag","embeddable":true,"href":"https:\/\/shop.xn--altmhl-bogensport-52b.de\/index.php?rest_route=%2Fwp%2Fv2%2Fproduct_tag&post=5562"}],"curies":[{"name":"wp","href":"https:\/\/api.w.org\/{rel}","templated":true}]}}