{"id":5553,"date":"2025-05-22T09:27:57","date_gmt":"2025-05-22T09:27:57","guid":{"rendered":"https:\/\/shop.xn--altmhl-bogensport-52b.de\/?post_type=product&#038;p=5553"},"modified":"2025-05-22T09:27:57","modified_gmt":"2025-05-22T09:27:57","slug":"3d-ziel-bisonbulle-stehend","status":"publish","type":"product","link":"https:\/\/shop.xn--altmhl-bogensport-52b.de\/?product=3d-ziel-bisonbulle-stehend","title":{"rendered":"3D-Ziel Bisonbulle stehend"},"content":{"rendered":"<div id=\"tab-description\" class=\"et-productdetails-info-list-item-content et-vertical-nav-anchor\">\n<div class=\"desc\">\n<p>LEITOLD Stehender Bisonbulle<\/p>\n<p>LEITOLD 3D Ziel\u00a0&#8220;Stehender Bisonbulle&#8221;\u00a0aus strapazierf\u00e4higem Hightech Material. Ein Ziel, das jeden Bogensportparcour bereichert.<\/p>\n<p>Um seinen Kunden die bestm\u00f6glichste Qualit\u00e4t zu liefern, entstehen die 3D Tiere der Marke\u00a0LEITOLD in reiner Handarbeit und ausschlie\u00dflich unter Verwendung der hochwertigsten Materialien.<br \/>\nLEITOLD legt dabei ein besonderes Augenmerk auf die UV-Best\u00e4ndigkeit seiner Produkte, denn nichts ist unansehnlicher und nutzloser als ein sich aufl\u00f6sendes 3D Tier, dass keinem Beschuss mehr standh\u00e4lt. Daher werden zum einen nur hochwertige UV-best\u00e4ndige Polyurethane verwendet und zum anderen\u00a0das feinporige Innenmaterial durch eine ca. 2mm dicke, durchgef\u00e4rbte Integralschicht gesch\u00fctzt. Die\u00a03D-Ziele sind dadurch auch weitgehend kratzunempfindlich.<\/p>\n<p>Ein besonderer Vorteil an den LEITOLD 3D-Tieren ist, dass sie &#8211; bis auf den stehenden Grizzly und das Krokodil &#8211; durchweg einteilig produziert werden. Dadurch kann kein Wasser in die Tiere eindringen bzw. zwischen die einzelnen Teile gelangen und Besch\u00e4digungen verursachen. Ein Versatz zwischen den Teilen oder unterschiedliche Ausdehnungen bei gro\u00dfer Hitze geh\u00f6ren damit nat\u00fcrlich auch der Vergangenheit an.<\/p>\n<p>Die jeweilige Gruppeneinteilung der 3D Ziele erfolgt nach dem Regelbuch der IFAA Stand 2007 &#8211; 2008. Hierbei misst man die L\u00e4nge einer senkrechten Linie, die durch das Zentrum sowie die zentrale und die innere Wertungszone geht.<\/p>\n<p>Abmessungen:<br \/>\nL\u00e4nge: ca.\u00a0205 cm<br \/>\nBreite: ca.\u00a055 cm<br \/>\nH\u00f6he: ca.\u00a0104 cm<\/p>\n<p>IFAA-Gruppe: 1<br \/>\nAu\u00dfenkill:\u00a041,5 cm<\/p>\n<p>Gewicht:\u00a070 kg<\/p>\n<p>ACHTUNG: Abholung vor Ort bevorzugt, Versand erfolgt per Spedition, bitte vor dem Kauf die Versandkosten anfragen.<\/p>\n<\/div>\n<\/div>\n<div id=\"tab-attributes\" class=\"et-productdetails-info-list-item-content et-vertical-nav-anchor\">\n<h4 class=\"et-productdetails-info-list-item-headline\">Merkmale<\/h4>\n<div class=\"product-attributes\">\n<table class=\"table table-sm\">\n<tbody>\n<tr>\n<td>IFAA-Einteilung:<\/td>\n<td class=\"attr-characteristic\">Gruppe 1<\/td>\n<\/tr>\n<tr>\n<td>Tierklasse:<\/td>\n<td class=\"attr-characteristic\">S\u00e4ugetiere<\/td>\n<\/tr>\n<tr>\n<td>Versandgewicht:<\/td>\n<td class=\"weight-unit\">150,00 kg<\/td>\n<\/tr>\n<tr class=\"attr-weight\">\n<td>Artikelgewicht:<\/td>\n<td class=\"weight-unit\">70,00\u00a0kg<\/td>\n<\/tr>\n<tr class=\"attr-custom\">\n<td><b>Herstellerangaben<\/b>:<\/td>\n<td class=\"attr-value\"><strong>Herstellername:<\/strong><br \/>\nLeitold GmbH<br \/>\n<strong>Anschrift:<\/strong><br \/>\nGewerbepark S\u00fcd, Salzburger Str. 3, 5141 Moosdorf, \u00d6sterreich<br \/>\n<strong>Webseite:<\/strong><br \/>\nhttps:\/\/www.leitold.at\/<br \/>\n<strong>Kontakt:<\/strong><br \/>\ninfo@leitold.at<br \/>\n<strong>Marke:<\/strong><br \/>\nL.G. Animals &#8211; 3D Targets<\/td>\n<\/tr>\n<\/tbody>\n<\/table>\n<\/div>\n<\/div>\n","protected":false},"excerpt":{"rendered":"<p>Der Anblick dieses\u00a0<strong>gigantischen\u00a0<\/strong><strong>3D-Zieles<\/strong>\u00a0l\u00e4sst jeden Bogensch\u00fctzen innehalten! Trotz seiner Gr\u00f6\u00dfe ist der 3D-Bison einteilig und somit super kompakt und wetterbest\u00e4ndig.<\/p>\n","protected":false},"featured_media":5554,"comment_status":"open","ping_status":"closed","template":"","meta":[],"product_brand":[],"product_cat":[386],"product_tag":[1466,177,388,1465],"class_list":{"0":"post-5553","1":"product","2":"type-product","3":"status-publish","4":"has-post-thumbnail","6":"product_cat-lg-leitold","7":"product_tag-bisonbulle","8":"product_tag-3d-ziel","9":"product_tag-leitold","10":"product_tag-bison","12":"first","13":"outofstock","14":"taxable","15":"shipping-taxable","16":"purchasable","17":"product-type-simple"},"_links":{"self":[{"href":"https:\/\/shop.xn--altmhl-bogensport-52b.de\/index.php?rest_route=\/wp\/v2\/product\/5553","targetHints":{"allow":["GET"]}}],"collection":[{"href":"https:\/\/shop.xn--altmhl-bogensport-52b.de\/index.php?rest_route=\/wp\/v2\/product"}],"about":[{"href":"https:\/\/shop.xn--altmhl-bogensport-52b.de\/index.php?rest_route=\/wp\/v2\/types\/product"}],"replies":[{"embeddable":true,"href":"https:\/\/shop.xn--altmhl-bogensport-52b.de\/index.php?rest_route=%2Fwp%2Fv2%2Fcomments&post=5553"}],"wp:featuredmedia":[{"embeddable":true,"href":"https:\/\/shop.xn--altmhl-bogensport-52b.de\/index.php?rest_route=\/wp\/v2\/media\/5554"}],"wp:attachment":[{"href":"https:\/\/shop.xn--altmhl-bogensport-52b.de\/index.php?rest_route=%2Fwp%2Fv2%2Fmedia&parent=5553"}],"wp:term":[{"taxonomy":"product_brand","embeddable":true,"href":"https:\/\/shop.xn--altmhl-bogensport-52b.de\/index.php?rest_route=%2Fwp%2Fv2%2Fproduct_brand&post=5553"},{"taxonomy":"product_cat","embeddable":true,"href":"https:\/\/shop.xn--altmhl-bogensport-52b.de\/index.php?rest_route=%2Fwp%2Fv2%2Fproduct_cat&post=5553"},{"taxonomy":"product_tag","embeddable":true,"href":"https:\/\/shop.xn--altmhl-bogensport-52b.de\/index.php?rest_route=%2Fwp%2Fv2%2Fproduct_tag&post=5553"}],"curies":[{"name":"wp","href":"https:\/\/api.w.org\/{rel}","templated":true}]}}