{"id":5531,"date":"2025-05-08T14:12:23","date_gmt":"2025-05-08T14:12:23","guid":{"rendered":"https:\/\/shop.xn--altmhl-bogensport-52b.de\/?post_type=product&#038;p=5531"},"modified":"2025-11-09T11:05:54","modified_gmt":"2025-11-09T11:05:54","slug":"penthalon-carbonschaefte-bandit-neon","status":"publish","type":"product","link":"https:\/\/shop.xn--altmhl-bogensport-52b.de\/?product=penthalon-carbonschaefte-bandit-neon","title":{"rendered":"Penthalon Carbonsch\u00e4fte Bandit Neon"},"content":{"rendered":"<p>Der\u00a0<strong>Penthalon Bandit<\/strong>\u00a0Neon\u00a0vereint Qualit\u00e4t und Preis in perfekter Harmonie. Mit sorgf\u00e4ltig abgestimmten Spinewerten und einem optimalen Gewicht bietet dieser Carbonschaft au\u00dfergew\u00f6hnliche Leistung und Haltbarkeit. Dank des dicken .245 Easton Standard Durchmessers sind nun auch Spinewerte von 600, 700, 800, 900 und 1000 verf\u00fcgbar, was ihn ideal f\u00fcr B\u00f6gen mit geringeren Zuggewichten macht.<br \/>\nAlle Sch\u00e4fte sind zudem 32 Zoll lang!<\/p>\n<h4>Produkteigenschaften auf einen Blick:<\/h4>\n<ul>\n<li><strong>Verf\u00fcgbare Spinewerte:<\/strong>\u00a0600, 700, 800, 900 und 1000<\/li>\n<li><strong>Innerer Durchmesser:<\/strong>\u00a0.245<\/li>\n<li><strong>Qualit\u00e4t:<\/strong>\u00a0100% Carbon<\/li>\n<li><strong>Optik:<\/strong>\u00a0Lackiertes Carbon<\/li>\n<li><strong>Farben:<\/strong>\u00a0Gelb, Rot, Orange, Wei\u00df, Gr\u00fcn, Blau und Lila<\/li>\n<li><strong>Lieferumfang:<\/strong>\u00a0Carbonschaft (Nocken, Insert und Spitzen m\u00fcssen extra bestellt werden)<\/li>\n<\/ul>\n<p>M\u00f6chtest du die passende Schaftl\u00e4nge f\u00fcr deinen Auszug? Kein Problem! Auf Wunsch k\u00fcrzen wir dir jeden Schaft.<\/p>\n<p>Hol dir den Penthalon Bandit Carbonschaft und erlebe hervorragende Leistung zu einem unschlagbaren Preis!<\/p>\n<p>&nbsp;<\/p>\n<p><strong>Herstellername:<\/strong><br \/>\nBEARPAW GmbH<br \/>\n<strong>Anschrift:<\/strong><br \/>\nHannebach 30, 96269 Rossach<br \/>\n<strong>Herkunftsland:<\/strong><br \/>\nDeutschland<br \/>\n<strong>Webseite:<\/strong><br \/>\nhttps:\/\/www.bearpaw-products.de\/<br \/>\n<strong>Kontakt:<\/strong><br \/>\ninfo@bearpaw-products.com<br \/>\n<strong>Marke:<\/strong><br \/>\nBearpaw Products<\/p>\n","protected":false},"excerpt":{"rendered":"<p>Der\u00a0Penthalon Bandit\u00a0Neon\u00a0vereint Qualit\u00e4t und Preis in perfekter Harmonie. Mit sorgf\u00e4ltig abgestimmten Spinewerten und einem optimalen Gewicht bietet dieser Carbonschaft au\u00dfergew\u00f6hnliche Leistung und Haltbarkeit. Dank des dicken .245 Easton Standard Durchmessers sind nun auch Spinewerte von 600, 700, 800, 900 und 1000 verf\u00fcgbar, was ihn ideal f\u00fcr B\u00f6gen mit geringeren Zuggewichten macht. Alle Sch\u00e4fte sind zudem [&hellip;]<\/p>\n","protected":false},"featured_media":5532,"comment_status":"open","ping_status":"closed","template":"","meta":[],"product_brand":[],"product_cat":[19],"product_tag":[30,72,1004,89,1464],"class_list":{"0":"post-5531","1":"product","2":"type-product","3":"status-publish","4":"has-post-thumbnail","6":"product_cat-carbonschaefte","7":"product_tag-bearpaw","8":"product_tag-carbonschaft","9":"product_tag-bandit","10":"product_tag-penthalon","11":"product_tag-neon","13":"first","14":"instock","15":"taxable","16":"shipping-taxable","17":"purchasable","18":"product-type-variable"},"_links":{"self":[{"href":"https:\/\/shop.xn--altmhl-bogensport-52b.de\/index.php?rest_route=\/wp\/v2\/product\/5531","targetHints":{"allow":["GET"]}}],"collection":[{"href":"https:\/\/shop.xn--altmhl-bogensport-52b.de\/index.php?rest_route=\/wp\/v2\/product"}],"about":[{"href":"https:\/\/shop.xn--altmhl-bogensport-52b.de\/index.php?rest_route=\/wp\/v2\/types\/product"}],"replies":[{"embeddable":true,"href":"https:\/\/shop.xn--altmhl-bogensport-52b.de\/index.php?rest_route=%2Fwp%2Fv2%2Fcomments&post=5531"}],"wp:featuredmedia":[{"embeddable":true,"href":"https:\/\/shop.xn--altmhl-bogensport-52b.de\/index.php?rest_route=\/wp\/v2\/media\/5532"}],"wp:attachment":[{"href":"https:\/\/shop.xn--altmhl-bogensport-52b.de\/index.php?rest_route=%2Fwp%2Fv2%2Fmedia&parent=5531"}],"wp:term":[{"taxonomy":"product_brand","embeddable":true,"href":"https:\/\/shop.xn--altmhl-bogensport-52b.de\/index.php?rest_route=%2Fwp%2Fv2%2Fproduct_brand&post=5531"},{"taxonomy":"product_cat","embeddable":true,"href":"https:\/\/shop.xn--altmhl-bogensport-52b.de\/index.php?rest_route=%2Fwp%2Fv2%2Fproduct_cat&post=5531"},{"taxonomy":"product_tag","embeddable":true,"href":"https:\/\/shop.xn--altmhl-bogensport-52b.de\/index.php?rest_route=%2Fwp%2Fv2%2Fproduct_tag&post=5531"}],"curies":[{"name":"wp","href":"https:\/\/api.w.org\/{rel}","templated":true}]}}