{"id":5525,"date":"2025-05-04T09:01:33","date_gmt":"2025-05-04T09:01:33","guid":{"rendered":"https:\/\/shop.xn--altmhl-bogensport-52b.de\/?post_type=product&#038;p=5525"},"modified":"2025-10-29T15:03:42","modified_gmt":"2025-10-29T15:03:42","slug":"wurfarme-kinetic-mentum-ilf-24-lbs-medium-sale","status":"publish","type":"product","link":"https:\/\/shop.xn--altmhl-bogensport-52b.de\/?product=wurfarme-kinetic-mentum-ilf-24-lbs-medium-sale","title":{"rendered":"Wurfarme | KINETIC Mentum &#8211; ILF &#8211; 24 lbs Medium SALE"},"content":{"rendered":"<p><strong>Wurfarme | KINETIC Mentum &#8211; ILF &#8211; 20-40 lbs<\/strong><\/p>\n<p>Die Kinetic Mentum Wurfarme bieten eine ausgezeichnete Wahl f\u00fcr alle, die auf hohe Geschwindigkeit setzen. Dank der Kombination aus Bambuskern und Carbon erzielen sie herausragende Leistung \u2013 und das zu einem attraktiven Preis-Leistungs-Verh\u00e4ltnis.<\/p>\n<p>Das &#8220;ILF&#8221; im Namen der Wurfarme steht f\u00fcr das International Limb Fitting System &#8211; kurz: ILF-System -, welches sie als universelle Steckwurfarme kennzeichnet. Denn beim ILF-System werden die Wurfarme nicht am Mittelst\u00fcck angeschraubt, sondern nur in die entsprechenden Halterungen gesteckt. Die Aufnahmen sind dabei genormt und gew\u00e4hrleisten, dass die Wurfarme mit allen ILF Mittelst\u00fccken verwendet werden k\u00f6nnen.<\/p>\n<p>Sonderposten<\/p>\n<p>Wurfarme wurden einmal montiert und vom Kunden zur\u00fcck gegeben. Daher fast neuwertig.<\/p>\n<p><strong>Eigenschaften:<\/strong><\/p>\n<ul>\n<li>Bogenl\u00e4nge (mit 25 Zoll Mittelst\u00fcck): 68 Zoll<\/li>\n<li>Zuggewicht: 24 lbs<\/li>\n<li>Material (Wurfarme): Carbon\/Bambus<\/li>\n<\/ul>\n<p>&nbsp;<\/p>\n<p>&nbsp;<\/p>\n<p><strong>Lieferumfang:<\/strong><br \/>\n1 Paar<\/p>\n<p>&nbsp;<\/p>\n<table class=\"table table-sm\" style=\"height: 294px;\" width=\"1076\">\n<tbody>\n<tr class=\"attr-custom\">\n<td><b>Herstellerangaben<\/b>:<\/td>\n<td class=\"attr-value\"><strong>Herstellername:<\/strong><br \/>\nNV S.S.A. Sporting Goods<br \/>\n<strong>Anschrift:<\/strong><br \/>\nNeringstraat 2, 8370 Blankenberge, Belgien, Niederlande<br \/>\n<strong>Webseite:<\/strong><br \/>\nhttps:\/\/kinetic-archery.com\/<br \/>\n<strong>Kontakt:<\/strong><br \/>\ninfo@kinetic-archery.com<br \/>\n<strong>Marke:<\/strong><br \/>\nKinetic Archery<\/td>\n<\/tr>\n<\/tbody>\n<\/table>\n","protected":false},"excerpt":{"rendered":"<p>Wurfarme | KINETIC Mentum &#8211; ILF &#8211; 20-40 lbs Die Kinetic Mentum Wurfarme bieten eine ausgezeichnete Wahl f\u00fcr alle, die auf hohe Geschwindigkeit setzen. Dank der Kombination aus Bambuskern und Carbon erzielen sie herausragende Leistung \u2013 und das zu einem attraktiven Preis-Leistungs-Verh\u00e4ltnis. Das &#8220;ILF&#8221; im Namen der Wurfarme steht f\u00fcr das International Limb Fitting System [&hellip;]<\/p>\n","protected":false},"featured_media":5526,"comment_status":"open","ping_status":"closed","template":"","meta":[],"product_brand":[],"product_cat":[840,1504,49,163],"product_tag":[179,187,900,1462,1463],"class_list":{"0":"post-5525","1":"product","2":"type-product","3":"status-publish","4":"has-post-thumbnail","6":"product_cat-wurfarme-ilf","7":"product_cat-sommerschlussverkauf","8":"product_cat-take-down-bogen","9":"product_cat-sale","10":"product_tag-wurfarme","11":"product_tag-ilf","12":"product_tag-carbon","13":"product_tag-kinetic","14":"product_tag-mentum","16":"first","17":"outofstock","18":"taxable","19":"shipping-taxable","20":"purchasable","21":"product-type-simple"},"_links":{"self":[{"href":"https:\/\/shop.xn--altmhl-bogensport-52b.de\/index.php?rest_route=\/wp\/v2\/product\/5525","targetHints":{"allow":["GET"]}}],"collection":[{"href":"https:\/\/shop.xn--altmhl-bogensport-52b.de\/index.php?rest_route=\/wp\/v2\/product"}],"about":[{"href":"https:\/\/shop.xn--altmhl-bogensport-52b.de\/index.php?rest_route=\/wp\/v2\/types\/product"}],"replies":[{"embeddable":true,"href":"https:\/\/shop.xn--altmhl-bogensport-52b.de\/index.php?rest_route=%2Fwp%2Fv2%2Fcomments&post=5525"}],"wp:featuredmedia":[{"embeddable":true,"href":"https:\/\/shop.xn--altmhl-bogensport-52b.de\/index.php?rest_route=\/wp\/v2\/media\/5526"}],"wp:attachment":[{"href":"https:\/\/shop.xn--altmhl-bogensport-52b.de\/index.php?rest_route=%2Fwp%2Fv2%2Fmedia&parent=5525"}],"wp:term":[{"taxonomy":"product_brand","embeddable":true,"href":"https:\/\/shop.xn--altmhl-bogensport-52b.de\/index.php?rest_route=%2Fwp%2Fv2%2Fproduct_brand&post=5525"},{"taxonomy":"product_cat","embeddable":true,"href":"https:\/\/shop.xn--altmhl-bogensport-52b.de\/index.php?rest_route=%2Fwp%2Fv2%2Fproduct_cat&post=5525"},{"taxonomy":"product_tag","embeddable":true,"href":"https:\/\/shop.xn--altmhl-bogensport-52b.de\/index.php?rest_route=%2Fwp%2Fv2%2Fproduct_tag&post=5525"}],"curies":[{"name":"wp","href":"https:\/\/api.w.org\/{rel}","templated":true}]}}