{"id":5448,"date":"2026-04-20T08:36:33","date_gmt":"2026-04-20T08:36:33","guid":{"rendered":"https:\/\/shop.xn--altmhl-bogensport-52b.de\/?post_type=product&#038;p=5448"},"modified":"2026-04-20T08:38:34","modified_gmt":"2026-04-20T08:38:34","slug":"shocq-wurfarme-td-grant","status":"publish","type":"product","link":"https:\/\/shop.xn--altmhl-bogensport-52b.de\/?product=shocq-wurfarme-td-grant","title":{"rendered":"Shocq Wurfarme TD Grant"},"content":{"rendered":"<p>Entdecke die<em><strong>\u00a0Shocq Grant TD Wurfarme<\/strong><\/em>, eine hervorragende Wahl f\u00fcr Freizeitbogensch\u00fctzen und Einsteiger.<\/p>\n<p>Die\u00a0<em>Shocq TD Grant Wurfarme<\/em>\u00a0sind kompatibel mit den\u00a0<em>Shocq\u00a0<\/em>Guardian Mittelteilen + Black Sheep Apollo, sowie vielen anderen Modellen mit Schraubsystem. Das intelligente Design sorgt f\u00fcr eine einfache Montage und Demontage, sodass du problemlos zwischen verschiedenen <em>Wurfarmen\u00a0<\/em>wechseln kannst.<\/p>\n<p>Diese Auswahl an Gr\u00f6\u00dfen und Zuggewichten erm\u00f6glicht es dir, die perfekte Kombination zu finden, die sowohl deiner K\u00f6rpergr\u00f6\u00dfe als auch deinem Schie\u00dfstil entspricht.<\/p>\n<p>F\u00fcr die 54+58&#8243; B\u00f6gen\/Wurfarme wird das 18&#8243; Griffst\u00fcck ben\u00f6tigt.<\/p>\n<p>F\u00fcr einen 62&#8243; Bogen ben\u00f6tigt man 66&#8243; Wurfarme und das 20&#8243; Griffst\u00fcck, dabei erh\u00f6ht sich das Zuggewicht um ca 2 lbs.<\/p>\n<p>F\u00fcr den 66&#8243; Bogen ben\u00f6tigt man 66&#8243; Wurfarme und das 24&#8243; Griffst\u00fcck<\/p>\n<p><strong>Hinweis zur Kombination von Mittelteil und Wurfarmen:<\/strong>\u00a0Das Mittelteil gibt es mit zwei unterschiedlich breiten Aufnahmen (35 mm und 40 mm). Die k\u00fcrzesten Wurfarme (54&#8243; und 58&#8243;) passen nur in die schmale Aufnahme des 18&#8243; Mittelteils. Die 20&#8243; und 24&#8243; Mittelteile haben eine breite Aufnahme und sind Kompatibel mit allen l\u00e4ngeren Wurfarmen (ab 66&#8243;).<\/p>\n<p><strong>Hinweis zur Gesamtl\u00e4nge:<\/strong>\u00a0Die Angabe bezieht sich auf die Gesamtl\u00e4nge des Bogens. Das heisst, dass die 58&#8243; Wurfarme mit dem 18&#8243; Mittelteil einen Bogen mit 58&#8243; Gesamtl\u00e4nge ergeben. Genauso ergben die 70&#8243; Wurfarme mit dem 24&#8243; Mittelteil eine Gesamtl\u00e4nge von 70&#8243;. Kommen die Wurfarme von 66&#8243; &#8211; 70&#8243; auf dem 20&#8243; Mittelteil zum Einsatz, reduziert sich durch das 4&#8243; k\u00fcrzere Mittelteil die Gesamtl\u00e4nge entsprechend um 4&#8243; auf 62&#8243;, 64&#8243; oder 66&#8243;.<\/p>\n<p><strong>Hinweis zum Zuggewicht:<\/strong> Analog zur Gesamtl\u00e4nge verh\u00e4lt es sich mit dem Zuggewicht. Werden die Wurfarme mit dem k\u00fcrzeren Mittelteil kombiniert, erh\u00f6ht sich das tats\u00e4chliche Zuggewicht.<\/p>\n","protected":false},"excerpt":{"rendered":"<p>Entdecke die\u00a0Shocq Grant TD Wurfarme, eine hervorragende Wahl f\u00fcr Freizeitbogensch\u00fctzen und Einsteiger. Die\u00a0Shocq TD Grant Wurfarme\u00a0sind kompatibel mit den\u00a0Shocq\u00a0Guardian Mittelteilen + Black Sheep Apollo, sowie vielen anderen Modellen mit Schraubsystem. Das intelligente Design sorgt f\u00fcr eine einfache Montage und Demontage, sodass du problemlos zwischen verschiedenen Wurfarmen\u00a0wechseln kannst. Diese Auswahl an Gr\u00f6\u00dfen und Zuggewichten erm\u00f6glicht es [&hellip;]<\/p>\n","protected":false},"featured_media":5449,"comment_status":"open","ping_status":"closed","template":"","meta":[],"product_brand":[],"product_cat":[49,178],"product_tag":[1457,1458,52,179,185,1456],"class_list":{"0":"post-5448","1":"product","2":"type-product","3":"status-publish","4":"has-post-thumbnail","6":"product_cat-take-down-bogen","7":"product_cat-wurfarme","8":"product_tag-guardian","9":"product_tag-grant","10":"product_tag-takedown","11":"product_tag-wurfarme","12":"product_tag-griffstueck","13":"product_tag-shocq","15":"first","16":"instock","17":"taxable","18":"shipping-taxable","19":"purchasable","20":"product-type-variable"},"_links":{"self":[{"href":"https:\/\/shop.xn--altmhl-bogensport-52b.de\/index.php?rest_route=\/wp\/v2\/product\/5448","targetHints":{"allow":["GET"]}}],"collection":[{"href":"https:\/\/shop.xn--altmhl-bogensport-52b.de\/index.php?rest_route=\/wp\/v2\/product"}],"about":[{"href":"https:\/\/shop.xn--altmhl-bogensport-52b.de\/index.php?rest_route=\/wp\/v2\/types\/product"}],"replies":[{"embeddable":true,"href":"https:\/\/shop.xn--altmhl-bogensport-52b.de\/index.php?rest_route=%2Fwp%2Fv2%2Fcomments&post=5448"}],"wp:featuredmedia":[{"embeddable":true,"href":"https:\/\/shop.xn--altmhl-bogensport-52b.de\/index.php?rest_route=\/wp\/v2\/media\/5449"}],"wp:attachment":[{"href":"https:\/\/shop.xn--altmhl-bogensport-52b.de\/index.php?rest_route=%2Fwp%2Fv2%2Fmedia&parent=5448"}],"wp:term":[{"taxonomy":"product_brand","embeddable":true,"href":"https:\/\/shop.xn--altmhl-bogensport-52b.de\/index.php?rest_route=%2Fwp%2Fv2%2Fproduct_brand&post=5448"},{"taxonomy":"product_cat","embeddable":true,"href":"https:\/\/shop.xn--altmhl-bogensport-52b.de\/index.php?rest_route=%2Fwp%2Fv2%2Fproduct_cat&post=5448"},{"taxonomy":"product_tag","embeddable":true,"href":"https:\/\/shop.xn--altmhl-bogensport-52b.de\/index.php?rest_route=%2Fwp%2Fv2%2Fproduct_tag&post=5448"}],"curies":[{"name":"wp","href":"https:\/\/api.w.org\/{rel}","templated":true}]}}