{"id":5439,"date":"2025-02-13T16:24:54","date_gmt":"2025-02-13T16:24:54","guid":{"rendered":"https:\/\/shop.xn--altmhl-bogensport-52b.de\/?post_type=product&#038;p=5439"},"modified":"2025-02-13T16:24:55","modified_gmt":"2025-02-13T16:24:55","slug":"shocq-mittelteil-td-guardian","status":"publish","type":"product","link":"https:\/\/shop.xn--altmhl-bogensport-52b.de\/?product=shocq-mittelteil-td-guardian","title":{"rendered":"Shocq Mittelteil TD Guardian"},"content":{"rendered":"<p>Die Qualit\u00e4t des <em><strong>Shocq Guardian Mittelteils\u00a0<\/strong><\/em>ist perfekt auf die Bed\u00fcrfnisse von Anf\u00e4ngern und Freizeit-Sch\u00fctzen abgestimmt. Dank seines ausgezeichneten Preis-Leistungs-Verh\u00e4ltnisses erm\u00f6glicht es dir, deinem Hobby uneingeschr\u00e4nkt nachzugehen. Das\u00a0<em>Mittelteil\u00a0<\/em>besteht aus laminiertem Holz, was Langlebigkeit und eine attraktive Optik miteinander verbindet. Ganz gleich, ob du dich f\u00fcr das Modell f\u00fcr Links- oder Rechtshandsch\u00fctzen entscheidest \u2013 du kannst dich auf eine sorgf\u00e4ltige Verarbeitung und robuste Materialien verlassen, die auf eine lange Lebensdauer ausgelegt sind.<\/p>\n<p>Das\u00a0<em>Shocq Guardian Mittelteil\u00a0<\/em>bietet maximale Flexibilit\u00e4t mit verschiedenen Gr\u00f6\u00dfen. Die integrierten Gewinde erm\u00f6glichen die einfache Montage eines Visiers, Stabilisators oder Buttons, sodass du das\u00a0<em>Mittelteil\u00a0<\/em>individuell an deine Anforderungen anpassen kannst.<\/p>\n<p>Ebenso kannst du dieses Griffst\u00fcck im traditionellen Bereich schiessen.<\/p>\n<p>Sowohl f\u00fcr Links- als auch f\u00fcr Rechtsh\u00e4nder erh\u00e4ltlich, stellt das Shocq Guardian sicher, dass jeder Sch\u00fctze das ideale <em>Mittelteil\u00a0<\/em>findet. Die Schraubwurfarme lassen sich leicht austauschen, was f\u00fcr eine hohe Benutzerfreundlichkeit sorgt und die Anpassung unkompliziert macht.<\/p>\n<p>Die technischen Spezifikationen des\u00a0<em>Shocq Guardian Mittelteils\u00a0<\/em>gew\u00e4hrleisten ein gro\u00dfartiges Schie\u00dferlebnis.<\/p>\n<p>Das 18-Zoll-Modell mit einer kompakten Wurfarmaufnahme von 35 x 60 mm und einem Gewicht von nur 550 g eignet sich hervorragend f\u00fcr kleinere B\u00f6gen ( 54 + 58&#8243; ).<\/p>\n<p>Das mittlere 20-Zoll-Griffst\u00fcck\u00a0 mit einem Gewicht von 730g ergibt einen 62&#8243; Bogen.<\/p>\n<p>Das gro\u00dfe 24-Zoll-Modell, mit einer normalen Wurfarmaufnahme von 40 x 74 mm und einem Gewicht von 830 g, bietet zus\u00e4tzliche Stabilit\u00e4t.<\/p>\n<p>Die pr\u00e4zise Konstruktion sorgt f\u00fcr eine gleichm\u00e4\u00dfige und stabile Schussabgabe, was das Schie\u00dferlebnis insgesamt verbessert.<\/p>\n<p>Die passenden Schraubwurfarme w\u00e4ren z.B. shocq GRANT.<\/p>\n<p>&nbsp;<\/p>\n<p>Unterschied RH und LH:<\/p>\n<p>Bei der Auswahl von RH bekommen Sie ein\u00a0<em>Mittelteil\u00a0<\/em>das f\u00fcr Rechtsh\u00e4nder geeignet ist, der Shelf befindet sich auf der linken Seite\u00a0und wird in der linken Hand gehalten.<\/p>\n<p>&nbsp;<\/p>\n<p><strong>Herstellername:<\/strong><br \/>\nJVD Group B.V.<br \/>\n<strong>Anschrift:<\/strong><br \/>\nLooier 9, 5253 RA Nieuwkuijk<br \/>\n<strong>Herkunftsland:<\/strong><br \/>\nNiederlande<br \/>\n<strong>Webseite:<\/strong><br \/>\nhttps:\/\/www.jvd-archery.com\/<br \/>\n<strong>Kontakt:<\/strong><br \/>\ncontact@jvd-group.com<br \/>\n<strong>Marke:<\/strong><br \/>\nJVD<\/p>\n","protected":false},"excerpt":{"rendered":"<p>Die Qualit\u00e4t des Shocq Guardian Mittelteils\u00a0ist perfekt auf die Bed\u00fcrfnisse von Anf\u00e4ngern und Freizeit-Sch\u00fctzen abgestimmt. Dank seines ausgezeichneten Preis-Leistungs-Verh\u00e4ltnisses erm\u00f6glicht es dir, deinem Hobby uneingeschr\u00e4nkt nachzugehen. Das\u00a0Mittelteil\u00a0besteht aus laminiertem Holz, was Langlebigkeit und eine attraktive Optik miteinander verbindet. Ganz gleich, ob du dich f\u00fcr das Modell f\u00fcr Links- oder Rechtshandsch\u00fctzen entscheidest \u2013 du kannst dich [&hellip;]<\/p>\n","protected":false},"featured_media":5440,"comment_status":"open","ping_status":"closed","template":"","meta":[],"product_brand":[],"product_cat":[49,183],"product_tag":[1455,1456,1457,52,185],"class_list":{"0":"post-5439","1":"product","2":"type-product","3":"status-publish","4":"has-post-thumbnail","6":"product_cat-take-down-bogen","7":"product_cat-mittelteil","8":"product_tag-take-down","9":"product_tag-shocq","10":"product_tag-guardian","11":"product_tag-takedown","12":"product_tag-griffstueck","14":"first","15":"instock","16":"sale","17":"taxable","18":"shipping-taxable","19":"purchasable","20":"product-type-variable"},"_links":{"self":[{"href":"https:\/\/shop.xn--altmhl-bogensport-52b.de\/index.php?rest_route=\/wp\/v2\/product\/5439","targetHints":{"allow":["GET"]}}],"collection":[{"href":"https:\/\/shop.xn--altmhl-bogensport-52b.de\/index.php?rest_route=\/wp\/v2\/product"}],"about":[{"href":"https:\/\/shop.xn--altmhl-bogensport-52b.de\/index.php?rest_route=\/wp\/v2\/types\/product"}],"replies":[{"embeddable":true,"href":"https:\/\/shop.xn--altmhl-bogensport-52b.de\/index.php?rest_route=%2Fwp%2Fv2%2Fcomments&post=5439"}],"wp:featuredmedia":[{"embeddable":true,"href":"https:\/\/shop.xn--altmhl-bogensport-52b.de\/index.php?rest_route=\/wp\/v2\/media\/5440"}],"wp:attachment":[{"href":"https:\/\/shop.xn--altmhl-bogensport-52b.de\/index.php?rest_route=%2Fwp%2Fv2%2Fmedia&parent=5439"}],"wp:term":[{"taxonomy":"product_brand","embeddable":true,"href":"https:\/\/shop.xn--altmhl-bogensport-52b.de\/index.php?rest_route=%2Fwp%2Fv2%2Fproduct_brand&post=5439"},{"taxonomy":"product_cat","embeddable":true,"href":"https:\/\/shop.xn--altmhl-bogensport-52b.de\/index.php?rest_route=%2Fwp%2Fv2%2Fproduct_cat&post=5439"},{"taxonomy":"product_tag","embeddable":true,"href":"https:\/\/shop.xn--altmhl-bogensport-52b.de\/index.php?rest_route=%2Fwp%2Fv2%2Fproduct_tag&post=5439"}],"curies":[{"name":"wp","href":"https:\/\/api.w.org\/{rel}","templated":true}]}}