{"id":5373,"date":"2024-12-11T09:38:36","date_gmt":"2024-12-11T09:38:36","guid":{"rendered":"https:\/\/shop.xn--altmhl-bogensport-52b.de\/?post_type=product&#038;p=5373"},"modified":"2024-12-30T07:53:24","modified_gmt":"2024-12-30T07:53:24","slug":"igel-stehend-inform3d","status":"publish","type":"product","link":"https:\/\/shop.xn--altmhl-bogensport-52b.de\/?product=igel-stehend-inform3d","title":{"rendered":"Igel stehend InForm3D"},"content":{"rendered":"<h2 class=\"product-addition-headline\">Beschreibung<\/h2>\n<div class=\"product-addition-content\">\n<p>Der Igel ist nicht nur ein niedliches Tier, das gerne in der D\u00e4mmerung durch das Geb\u00fcsch raschelt, sondern auch ein beliebtes Ziel f\u00fcr den Bogensport. Mit seiner charmanten Erscheinung f\u00fcgt er sich hervorragend in gro\u00dfe Szenen ein und ist somit eine kleine Perle, die dem Bogensport eine besondere Note verleiht. Holen Sie sich den Igel als Ziel und bringen Sie Abwechslung in Ihr Training!<\/p>\n<p>1. Ma\u00dfe (LxBxH): 420 mm x 230 mm x 250 mm<\/p>\n<p>2. Gewicht: 1,6 kg<\/p>\n<p>3. IFAA-Kategorie: 4<\/p>\n<p>4. WA-Kategorie: 4<\/p>\n<p>5. Typus: realistisch<\/p>\n<p>6. Anzahl Killzonen: 2<\/p>\n<p>Das Design ist von Archers Targets.<\/p>\n<\/div>\n<p><strong>Herstellername:<\/strong><br \/>\nGECOM GmbH<br \/>\n<strong>Anschrift:<\/strong><br \/>\nLorenzweg 43, 39124 Magdeburg<br \/>\n<strong>Herkunftsland:<\/strong><br \/>\nDeutschland<br \/>\n<strong>Webseite:<\/strong><br \/>\nhttps:\/\/www.inform3d.de\/<br \/>\n<strong>Kontakt:<\/strong><br \/>\nn.mehlhase@inform3d.de<br \/>\n<strong>Marke:<\/strong><br \/>\nInForm3D<\/p>\n","protected":false},"excerpt":{"rendered":"<p>Beschreibung Der Igel ist nicht nur ein niedliches Tier, das gerne in der D\u00e4mmerung durch das Geb\u00fcsch raschelt, sondern auch ein beliebtes Ziel f\u00fcr den Bogensport. Mit seiner charmanten Erscheinung f\u00fcgt er sich hervorragend in gro\u00dfe Szenen ein und ist somit eine kleine Perle, die dem Bogensport eine besondere Note verleiht. Holen Sie sich den [&hellip;]<\/p>\n","protected":false},"featured_media":5374,"comment_status":"open","ping_status":"closed","template":"","meta":[],"product_brand":[],"product_cat":[1395],"product_tag":[1400,1418,177,713],"class_list":{"0":"post-5373","1":"product","2":"type-product","3":"status-publish","4":"has-post-thumbnail","6":"product_cat-inform3d","7":"product_tag-inform","8":"product_tag-igel","9":"product_tag-3d-ziel","10":"product_tag-spassziel","12":"first","13":"onbackorder","14":"taxable","15":"shipping-taxable","16":"purchasable","17":"product-type-simple"},"_links":{"self":[{"href":"https:\/\/shop.xn--altmhl-bogensport-52b.de\/index.php?rest_route=\/wp\/v2\/product\/5373","targetHints":{"allow":["GET"]}}],"collection":[{"href":"https:\/\/shop.xn--altmhl-bogensport-52b.de\/index.php?rest_route=\/wp\/v2\/product"}],"about":[{"href":"https:\/\/shop.xn--altmhl-bogensport-52b.de\/index.php?rest_route=\/wp\/v2\/types\/product"}],"replies":[{"embeddable":true,"href":"https:\/\/shop.xn--altmhl-bogensport-52b.de\/index.php?rest_route=%2Fwp%2Fv2%2Fcomments&post=5373"}],"wp:featuredmedia":[{"embeddable":true,"href":"https:\/\/shop.xn--altmhl-bogensport-52b.de\/index.php?rest_route=\/wp\/v2\/media\/5374"}],"wp:attachment":[{"href":"https:\/\/shop.xn--altmhl-bogensport-52b.de\/index.php?rest_route=%2Fwp%2Fv2%2Fmedia&parent=5373"}],"wp:term":[{"taxonomy":"product_brand","embeddable":true,"href":"https:\/\/shop.xn--altmhl-bogensport-52b.de\/index.php?rest_route=%2Fwp%2Fv2%2Fproduct_brand&post=5373"},{"taxonomy":"product_cat","embeddable":true,"href":"https:\/\/shop.xn--altmhl-bogensport-52b.de\/index.php?rest_route=%2Fwp%2Fv2%2Fproduct_cat&post=5373"},{"taxonomy":"product_tag","embeddable":true,"href":"https:\/\/shop.xn--altmhl-bogensport-52b.de\/index.php?rest_route=%2Fwp%2Fv2%2Fproduct_tag&post=5373"}],"curies":[{"name":"wp","href":"https:\/\/api.w.org\/{rel}","templated":true}]}}