{"id":5344,"date":"2024-11-13T17:24:34","date_gmt":"2024-11-13T17:24:34","guid":{"rendered":"https:\/\/shop.xn--altmhl-bogensport-52b.de\/?post_type=product&#038;p=5344"},"modified":"2025-09-15T00:37:10","modified_gmt":"2025-09-15T00:37:10","slug":"mfh-machete-kukri-schwarz-mit-nylonscheide","status":"publish","type":"product","link":"https:\/\/shop.xn--altmhl-bogensport-52b.de\/?product=mfh-machete-kukri-schwarz-mit-nylonscheide","title":{"rendered":"MFH Machete &#8220;Kukri&#8221; schwarz mit Nylonscheide"},"content":{"rendered":"<p>Das Herzst\u00fcck dieses Kukri ist seine beeindruckende, geschw\u00e4rzte und gebogene Klinge, die aus 3Cr13 Stahl gefertigt ist.<\/p>\n<p>Dieses Material wurde speziell ausgew\u00e4hlt, um eine hervorragende H\u00e4rte und Langlebigkeit zu gew\u00e4hrleisten, was es perfekt f\u00fcr eine Vielzahl von Schneidanforderungen macht.<\/p>\n<p>Die Klinge misst etwa 27 cm und ist damit gro\u00df genug f\u00fcr anspruchsvolle Aufgaben, bleibt aber auch handlich genug f\u00fcr pr\u00e4zise Schnitte.<\/p>\n<p>Ergonomischer Griff: Der Griff des Messers, gefertigt aus stabilem ABS-Kunststoff, wurde ergonomisch gestaltet, um einen komfortablen und sicheren Halt zu gew\u00e4hrleisten, was die Handhabung auch bei nassen oder rutschigen Bedingungen erleichtert.<\/p>\n<p>Die \u00d6sen am vorderen und hinteren Ende des Griffs bieten zus\u00e4tzliche Funktionalit\u00e4t, indem sie eine Befestigungsm\u00f6glichkeit f\u00fcr Lanyards oder Sicherheitsseile bieten.<\/p>\n<p>F\u00fcr eine sichere Aufbewahrung und einfachen Transport kommt das Kukri mit einer robusten Nylonscheide, die mit Druckkn\u00f6pfen f\u00fcr einen schnellen Zugriff ausgestattet ist. Zus\u00e4tzlich verf\u00fcgt die Scheide \u00fcber zwei verstellbare Beingurte, die eine bequeme und sichere Befestigung am Bein erm\u00f6glichen, ideal f\u00fcr Wanderungen oder andere Outdoor-Aktivit\u00e4ten.<\/p>\n<p>Das Kukri hat eine beeindruckende Gesamtl\u00e4nge von etwa 40 cm, wodurch es ein ausgewogenes Verh\u00e4ltnis zwischen Reichweite und Kontrolle bietet. Trotz seiner robusten Bauweise wiegt das Messer inklusive Scheide nur etwa 690 g, was es zu einem leichten Begleiter f\u00fcr Ihre Abenteuer macht.<\/p>\n<p>Dieses Kukri-Messer vereint Funktionalit\u00e4t und Praktikabilit\u00e4t, indem es robuste Bauweise mit Komfort und Tragbarkeit kombiniert. Ob Sie nun campen, wandern oder \u00dcberlebens\u00fcbungen durchf\u00fchren, dieses Messer ist der perfekte Begleiter f\u00fcr all Ihre Outdoor-Aktivit\u00e4ten.<\/p>\n<p>Gesamtl\u00e4nge: ca. 40 cm<br \/>\nKlinge: ca. 27 cm<br \/>\nGewicht mit Scheide: ca. 690 g<\/p>\n<p>&nbsp;<\/p>\n<p><strong>Herstellername:<\/strong><br \/>\nMax Fuchs AG<br \/>\n<strong>Anschrift:<\/strong><br \/>\nIndustriestrasse 1, 94078 Freyung<br \/>\n<strong>Herkunftsland:<\/strong><br \/>\nDeutschland<br \/>\n<strong>Webseite:<\/strong><br \/>\nhttps:\/\/max-fuchs.de\/<br \/>\n<strong>Kontakt:<\/strong><br \/>\ninfo@max-fuchs.de<br \/>\n<strong>Marke:<\/strong><br \/>\nMFH<\/p>\n","protected":false},"excerpt":{"rendered":"<p>Das Herzst\u00fcck dieses Kukri ist seine beeindruckende, geschw\u00e4rzte und gebogene Klinge, die aus 3Cr13 Stahl gefertigt ist. Dieses Material wurde speziell ausgew\u00e4hlt, um eine hervorragende H\u00e4rte und Langlebigkeit zu gew\u00e4hrleisten, was es perfekt f\u00fcr eine Vielzahl von Schneidanforderungen macht. Die Klinge misst etwa 27 cm und ist damit gro\u00df genug f\u00fcr anspruchsvolle Aufgaben, bleibt aber [&hellip;]<\/p>\n","protected":false},"featured_media":5345,"comment_status":"open","ping_status":"closed","template":"","meta":[],"product_brand":[],"product_cat":[15,1504],"product_tag":[],"class_list":{"0":"post-5344","1":"product","2":"type-product","3":"status-publish","4":"has-post-thumbnail","6":"product_cat-unkategorisiert","7":"product_cat-sommerschlussverkauf","9":"first","10":"instock","11":"taxable","12":"shipping-taxable","13":"purchasable","14":"product-type-simple"},"_links":{"self":[{"href":"https:\/\/shop.xn--altmhl-bogensport-52b.de\/index.php?rest_route=\/wp\/v2\/product\/5344","targetHints":{"allow":["GET"]}}],"collection":[{"href":"https:\/\/shop.xn--altmhl-bogensport-52b.de\/index.php?rest_route=\/wp\/v2\/product"}],"about":[{"href":"https:\/\/shop.xn--altmhl-bogensport-52b.de\/index.php?rest_route=\/wp\/v2\/types\/product"}],"replies":[{"embeddable":true,"href":"https:\/\/shop.xn--altmhl-bogensport-52b.de\/index.php?rest_route=%2Fwp%2Fv2%2Fcomments&post=5344"}],"wp:featuredmedia":[{"embeddable":true,"href":"https:\/\/shop.xn--altmhl-bogensport-52b.de\/index.php?rest_route=\/wp\/v2\/media\/5345"}],"wp:attachment":[{"href":"https:\/\/shop.xn--altmhl-bogensport-52b.de\/index.php?rest_route=%2Fwp%2Fv2%2Fmedia&parent=5344"}],"wp:term":[{"taxonomy":"product_brand","embeddable":true,"href":"https:\/\/shop.xn--altmhl-bogensport-52b.de\/index.php?rest_route=%2Fwp%2Fv2%2Fproduct_brand&post=5344"},{"taxonomy":"product_cat","embeddable":true,"href":"https:\/\/shop.xn--altmhl-bogensport-52b.de\/index.php?rest_route=%2Fwp%2Fv2%2Fproduct_cat&post=5344"},{"taxonomy":"product_tag","embeddable":true,"href":"https:\/\/shop.xn--altmhl-bogensport-52b.de\/index.php?rest_route=%2Fwp%2Fv2%2Fproduct_tag&post=5344"}],"curies":[{"name":"wp","href":"https:\/\/api.w.org\/{rel}","templated":true}]}}