{"id":5339,"date":"2024-11-08T18:13:11","date_gmt":"2024-11-08T18:13:11","guid":{"rendered":"https:\/\/shop.xn--altmhl-bogensport-52b.de\/?post_type=product&#038;p=5339"},"modified":"2025-01-04T13:37:04","modified_gmt":"2025-01-04T13:37:04","slug":"feuerstarter-essential-zuendstein-mit-holzgriff","status":"publish","type":"product","link":"https:\/\/shop.xn--altmhl-bogensport-52b.de\/?product=feuerstarter-essential-zuendstein-mit-holzgriff","title":{"rendered":"Feuerstarter Essential Z\u00fcndstein mit Holzgriff"},"content":{"rendered":"<p>Der Feuerstarter Essential von MFH sorgt sogar bei nassen Wetterbedingungen f\u00fcr schnelles Feuer. Der Z\u00fcndstein mit Holzgriff liegt super in der Hand und kann auch mit Handschuhen einwandfrei bedient werden. Mit einer Funkentemperatur von bis zu 3000\u00b0Celsius wird Feuer f\u00fcrs Lagerfeuer, zum Grillen oder Kochen entfacht. Dank dem geringen Gewicht und dem kleinen Packma\u00df passt der Feuerstarter in jeden Rucksack oder sogar in jede Jackentasche. Der Schaber ist zus\u00e4tzlich mit einem Lineal und einem Flaschen\u00f6ffner ausgestattet.<\/p>\n<ul>\n<li>Feuerstahl mit Schaber<\/li>\n<li>2-tlg. mit Kordelband<\/li>\n<li>Stabl\u00e4nge: ca. 7 cm<\/li>\n<li>Durchmesser: ca. 8 mm<\/li>\n<li>Gesamtl\u00e4nge: ca. 12 cm<\/li>\n<li>Zusammensetzung Feuerstahl: Lanthan, Cerium, Kupfer, Eisen, Zink, Magnesium, Aluminium<\/li>\n<\/ul>\n<p><strong>Herstellername:<\/strong><br \/>\nMax Fuchs AG<br \/>\n<strong>Anschrift:<\/strong><br \/>\nIndustriestrasse 1, 94078 Freyung<br \/>\n<strong>Herkunftsland:<\/strong><br \/>\nDeutschland<br \/>\n<strong>Webseite:<\/strong><br \/>\nhttps:\/\/max-fuchs.de\/<br \/>\n<strong>Kontakt:<\/strong><br \/>\ninfo@max-fuchs.de<br \/>\n<strong>Marke:<\/strong><br \/>\nMFH<\/p>\n","protected":false},"excerpt":{"rendered":"<p>Der Feuerstarter Essential von MFH sorgt sogar bei nassen Wetterbedingungen f\u00fcr schnelles Feuer. Der Z\u00fcndstein mit Holzgriff liegt super in der Hand und kann auch mit Handschuhen einwandfrei bedient werden. Mit einer Funkentemperatur von bis zu 3000\u00b0Celsius wird Feuer f\u00fcrs Lagerfeuer, zum Grillen oder Kochen entfacht. Dank dem geringen Gewicht und dem kleinen Packma\u00df passt [&hellip;]<\/p>\n","protected":false},"featured_media":5340,"comment_status":"open","ping_status":"closed","template":"","meta":[],"product_brand":[],"product_cat":[583,546],"product_tag":[721,1410,1411,459,541],"class_list":{"0":"post-5339","1":"product","2":"type-product","3":"status-publish","4":"has-post-thumbnail","6":"product_cat-licht-feuer","7":"product_cat-survival","8":"product_tag-holzgriff","9":"product_tag-feuerstarter","10":"product_tag-feuerstein","11":"product_tag-essential","12":"product_tag-survival","14":"first","15":"instock","16":"taxable","17":"shipping-taxable","18":"purchasable","19":"product-type-simple"},"_links":{"self":[{"href":"https:\/\/shop.xn--altmhl-bogensport-52b.de\/index.php?rest_route=\/wp\/v2\/product\/5339","targetHints":{"allow":["GET"]}}],"collection":[{"href":"https:\/\/shop.xn--altmhl-bogensport-52b.de\/index.php?rest_route=\/wp\/v2\/product"}],"about":[{"href":"https:\/\/shop.xn--altmhl-bogensport-52b.de\/index.php?rest_route=\/wp\/v2\/types\/product"}],"replies":[{"embeddable":true,"href":"https:\/\/shop.xn--altmhl-bogensport-52b.de\/index.php?rest_route=%2Fwp%2Fv2%2Fcomments&post=5339"}],"wp:featuredmedia":[{"embeddable":true,"href":"https:\/\/shop.xn--altmhl-bogensport-52b.de\/index.php?rest_route=\/wp\/v2\/media\/5340"}],"wp:attachment":[{"href":"https:\/\/shop.xn--altmhl-bogensport-52b.de\/index.php?rest_route=%2Fwp%2Fv2%2Fmedia&parent=5339"}],"wp:term":[{"taxonomy":"product_brand","embeddable":true,"href":"https:\/\/shop.xn--altmhl-bogensport-52b.de\/index.php?rest_route=%2Fwp%2Fv2%2Fproduct_brand&post=5339"},{"taxonomy":"product_cat","embeddable":true,"href":"https:\/\/shop.xn--altmhl-bogensport-52b.de\/index.php?rest_route=%2Fwp%2Fv2%2Fproduct_cat&post=5339"},{"taxonomy":"product_tag","embeddable":true,"href":"https:\/\/shop.xn--altmhl-bogensport-52b.de\/index.php?rest_route=%2Fwp%2Fv2%2Fproduct_tag&post=5339"}],"curies":[{"name":"wp","href":"https:\/\/api.w.org\/{rel}","templated":true}]}}