{"id":5299,"date":"2024-10-21T16:28:50","date_gmt":"2024-10-21T16:28:50","guid":{"rendered":"https:\/\/shop.xn--altmhl-bogensport-52b.de\/?post_type=product&#038;p=5299"},"modified":"2024-12-30T07:55:28","modified_gmt":"2024-12-30T07:55:28","slug":"tukan-vogel-inform3d","status":"publish","type":"product","link":"https:\/\/shop.xn--altmhl-bogensport-52b.de\/?product=tukan-vogel-inform3d","title":{"rendered":"Tukan Vogel &#8211; InForm3D"},"content":{"rendered":"<p>Der Tukan ist ein geselliger Spechtvogel aus Mittel- und S\u00fcdamerika, der mit seiner zauberhaften Gestalt die Blicke auf sich zieht. Mit dem Tukan kann das besondere exotische Flair S\u00fcdamerikas in den europ\u00e4ischen Parcouren gebracht werden.<\/p>\n<p>1. Ma\u00dfe (LxBxH): 390 mm x 230 mm x 550 mm<\/p>\n<p>2. Gewicht: 3,8 kg<\/p>\n<p>3. IFAA-Kategorie: 3 (Brust und linke Seite); 4 rechte Seite<\/p>\n<p>4. WA-Kategorie: 3<\/p>\n<p>5. Typus: realistisch<\/p>\n<p>6. Anzahl Killzonen: 3<\/p>\n<p>&nbsp;<\/p>\n<p><strong>Herstellername:<\/strong><br \/>\nGECOM GmbH<br \/>\n<strong>Anschrift:<\/strong><br \/>\nLorenzweg 43, 39124 Magdeburg<br \/>\n<strong>Herkunftsland:<\/strong><br \/>\nDeutschland<br \/>\n<strong>Webseite:<\/strong><br \/>\nhttps:\/\/www.inform3d.de\/<br \/>\n<strong>Kontakt:<\/strong><br \/>\nn.mehlhase@inform3d.de<br \/>\n<strong>Marke:<\/strong><br \/>\nInForm3D<\/p>\n","protected":false},"excerpt":{"rendered":"<p>Der Tukan ist ein geselliger Spechtvogel aus Mittel- und S\u00fcdamerika, der mit seiner zauberhaften Gestalt die Blicke auf sich zieht. Mit dem Tukan kann das besondere exotische Flair S\u00fcdamerikas in den europ\u00e4ischen Parcouren gebracht werden. 1. Ma\u00dfe (LxBxH): 390 mm x 230 mm x 550 mm 2. Gewicht: 3,8 kg 3. IFAA-Kategorie: 3 (Brust und [&hellip;]<\/p>\n","protected":false},"featured_media":5300,"comment_status":"open","ping_status":"closed","template":"","meta":[],"product_brand":[],"product_cat":[1395],"product_tag":[1400,1402,1343],"class_list":{"0":"post-5299","1":"product","2":"type-product","3":"status-publish","4":"has-post-thumbnail","6":"product_cat-inform3d","7":"product_tag-inform","8":"product_tag-tukan","9":"product_tag-vogel","11":"first","12":"onbackorder","13":"taxable","14":"shipping-taxable","15":"purchasable","16":"product-type-simple"},"_links":{"self":[{"href":"https:\/\/shop.xn--altmhl-bogensport-52b.de\/index.php?rest_route=\/wp\/v2\/product\/5299","targetHints":{"allow":["GET"]}}],"collection":[{"href":"https:\/\/shop.xn--altmhl-bogensport-52b.de\/index.php?rest_route=\/wp\/v2\/product"}],"about":[{"href":"https:\/\/shop.xn--altmhl-bogensport-52b.de\/index.php?rest_route=\/wp\/v2\/types\/product"}],"replies":[{"embeddable":true,"href":"https:\/\/shop.xn--altmhl-bogensport-52b.de\/index.php?rest_route=%2Fwp%2Fv2%2Fcomments&post=5299"}],"wp:featuredmedia":[{"embeddable":true,"href":"https:\/\/shop.xn--altmhl-bogensport-52b.de\/index.php?rest_route=\/wp\/v2\/media\/5300"}],"wp:attachment":[{"href":"https:\/\/shop.xn--altmhl-bogensport-52b.de\/index.php?rest_route=%2Fwp%2Fv2%2Fmedia&parent=5299"}],"wp:term":[{"taxonomy":"product_brand","embeddable":true,"href":"https:\/\/shop.xn--altmhl-bogensport-52b.de\/index.php?rest_route=%2Fwp%2Fv2%2Fproduct_brand&post=5299"},{"taxonomy":"product_cat","embeddable":true,"href":"https:\/\/shop.xn--altmhl-bogensport-52b.de\/index.php?rest_route=%2Fwp%2Fv2%2Fproduct_cat&post=5299"},{"taxonomy":"product_tag","embeddable":true,"href":"https:\/\/shop.xn--altmhl-bogensport-52b.de\/index.php?rest_route=%2Fwp%2Fv2%2Fproduct_tag&post=5299"}],"curies":[{"name":"wp","href":"https:\/\/api.w.org\/{rel}","templated":true}]}}